{"id":1406,"date":"2018-02-12T17:38:49","date_gmt":"2018-02-12T17:38:49","guid":{"rendered":"http:\/\/corumdigital.com\/?page_id=1406"},"modified":"2025-03-31T19:54:23","modified_gmt":"2025-03-31T19:54:23","slug":"marques","status":"publish","type":"page","link":"https:\/\/corumdigital.com\/fr\/brands\/","title":{"rendered":"Marques"},"content":{"rendered":"<h6>NOS MARQUES<\/h6>\n<p>Nos marques sont reconnues par des clients et des partenaires du monde entier.<br \/>Titre<br \/>pas de r\u00e9p\u00e9tition\u00a0; centrer en haut\u00a0;\u00a0;<br \/>auto<br \/>140px 0px 0px 0px<\/p>\n<h3>DES TECHNOLOGIES INNOVANTES, HAUTEMENT FIABLES ET FACILES \u00c0 UTILISER<\/h3>\n<p>centre<br \/>pas de r\u00e9p\u00e9tition\u00a0; centrer en haut\u00a0;\u00a0;<br \/>auto<\/p>\n<p><img decoding=\"async\" src=\"https:\/\/corumdigital.com\/wp-content\/uploads\/2018\/02\/mediatile_logo.gif\" alt=\"mediatile_logo\" \/><br \/><a href=\"https:\/\/corumdigital.com\/fr\/mediatile\/\">https:\/\/corumdigital.com\/mediatile\/<\/a><br \/>centre<\/p>\n<h5>Un moyen de communication plus efficace<\/h5>\n<p>MediaTile est un moyen simple d&#039;auto-g\u00e9rer votre r\u00e9seau de communication visuelle. Avec une solution facile \u00e0 utiliser et \u00e9volutive pour r\u00e9pondre \u00e0 vos besoins, la plateforme MediaTile diffusera votre contenu au bon endroit au bon moment. <\/p>\n<p><a class=\"button  button_size_2\" href=\"\"         title=\"\"><span class=\"button_label\">Bouton<\/span><\/a>\n<br \/>centre<br \/>pas de r\u00e9p\u00e9tition\u00a0; centrer en haut\u00a0;\u00a0;<br \/>auto<\/p>\n<p><img decoding=\"async\" src=\"https:\/\/corumdigital.com\/wp-content\/uploads\/2018\/02\/firmchannel_logo.gif\" alt=\"entreprisechannel_logo\" \/><br \/><a href=\"https:\/\/corumdigital.com\/fr\/entreprisecanal\/\">https:\/\/corumdigital.com\/firmchannel\/<\/a><br \/>centre<\/p>\n<h5>La technologie qui pilote l&#039;affichage num\u00e9rique<\/h5>\n<p>firmCHANNEL fournit l&#039;infrastructure qui permet aux op\u00e9rateurs de r\u00e9seau de g\u00e9rer des r\u00e9seaux d&#039;affichage num\u00e9rique sur plusieurs clients. firmCHANNEL est enti\u00e8rement construit et g\u00e9r\u00e9 par notre \u00e9quipe d&#039;experts. Nous nous occupons de la technologie afin que nos partenaires puissent s&#039;occuper de leurs affaires.<\/p>\n<p><a class=\"button  button_size_2\" href=\"\"         title=\"\"><span class=\"button_label\">Bouton<\/span><\/a>\n<br \/>centre<br \/>pas de r\u00e9p\u00e9tition\u00a0; centrer en haut\u00a0;\u00a0;<br \/>auto<\/p>\n<p><img decoding=\"async\" src=\"https:\/\/corumdigital.com\/wp-content\/uploads\/2022\/07\/corumview-logo.gif\" alt=\"logo-corumview\" \/><br \/>complet<br \/><a href=\"https:\/\/corumdigital.com\/fr\/vue-corum\/\">https:\/\/corumdigital.com\/corum-view\/<\/a><br \/>d\u00e9sactiver<br \/>gauche<\/p>\n<h5>Attirez l&#039;attention de n&#039;importe quel public gr\u00e2ce aux \u00e9crans LED Direct View<\/h5>\n<p>Les \u00e9crans LED Corum View Direct View sont parfaits pour la signalisation num\u00e9rique, les communications d&#039;entreprise, la diffusion et les grands sites, dans des environnements tels que les a\u00e9roports, les centres commerciaux, les stades, les sites sportifs, les panneaux d&#039;affichage, les h\u00f4pitaux, les si\u00e8ges sociaux et bien plus encore.<br \/>gauche<br \/>pas de r\u00e9p\u00e9tition\u00a0; centrer en haut\u00a0;\u00a0;<br \/>auto<\/p>\n<p><a class=\"button  button_size_2\" href=\"\"         title=\"\"><span class=\"button_label\">Bouton<\/span><\/a>\n<br \/>gauche<br \/>pas de r\u00e9p\u00e9tition\u00a0; centrer en haut\u00a0;\u00a0;<br \/>auto<br \/>0px 0px 0px 0px<\/p>\n<p><img decoding=\"async\" src=\"https:\/\/corumdigital.com\/wp-content\/uploads\/2019\/07\/humanKIOSK_logo2.gif\" alt=\"logo humanKIOSK\" \/><br \/><a href=\"https:\/\/corumdigital.com\/fr\/kiosque-humain\/\">https:\/\/corumdigital.com\/humankiosk\/<\/a><br \/>centre<\/p>\n<h5>Bornes de signalisation num\u00e9rique interactives<\/h5>\n<p>Notre nouvelle gamme de bornes interactives est con\u00e7ue pour fonctionner 24 heures sur 24, 7 jours sur 7. Avec un design \u00e9l\u00e9gant, vous pouvez placer ces kiosques n&#039;importe o\u00f9 pour attirer les clients et accro\u00eetre la notori\u00e9t\u00e9 de la marque.<\/p>\n<p><a class=\"button  button_size_2\" href=\"\"         title=\"\"><span class=\"button_label\">Bouton<\/span><\/a>\n<br \/>centre<br \/>pas de r\u00e9p\u00e9tition\u00a0; centrer en haut\u00a0;\u00a0;<br \/>auto<\/p>\n<p><img decoding=\"async\" src=\"https:\/\/corumdigital.com\/wp-content\/uploads\/2018\/02\/systems_interactive_logo-1.gif\" alt=\"logo_systems_interactive\" \/><br \/><a href=\"https:\/\/www.corumdigital.comhttps:\/\/corumdigital.com\/systems-interactive\/\">https:\/\/www.corumdigital.comhttps:\/\/corumdigital.com\/systems-interactive\/<\/a><br \/>centre<\/p>\n<h5>Syst\u00e8mes de connaissances innovants<\/h5>\n<p>Systems Interactive est une entreprise technologique sp\u00e9cialis\u00e9e dans les syst\u00e8mes de connaissances bas\u00e9s sur le Web. Nos produits comprennent des plateformes de messagerie d&#039;entreprise et de marketing de contenu ainsi que des applications Web. <\/p>\n<p><a class=\"button  button_size_2\" href=\"\"         title=\"\"><span class=\"button_label\">Bouton<\/span><\/a>\n<br \/>centre<br \/>pas de r\u00e9p\u00e9tition\u00a0; centrer en haut\u00a0;\u00a0;<br \/>auto<\/p>\n<p>&quot;Nous cultivons une culture de l&#039;innovation, dans laquelle nous repoussons toujours les limites pour nous assurer que la plate-forme MediaTile est quelque chose que nos clients vont devenir et non sortir.&quot;<br \/>Amedeo Tarzia, PDG<\/p>\n<p>droite<\/p>\n<p>TEXTE DES SERVICES<br \/>pas de r\u00e9p\u00e9tition\u00a0; centrer en haut\u00a0;\u00a0;<br \/>auto<br \/>0px 0px 0px 0px<\/p>\n<h3>DES TECHNOLOGIES QUI ALIMENTENT LES SOLUTIONS D&#039;ENTREPRISE<\/h3>\n<p>TEXTE DES SERVICES<br \/>pas de r\u00e9p\u00e9tition\u00a0; centrer en haut\u00a0;\u00a0;<br \/>auto<br \/>0px 0px 0px 0px<\/p>","protected":false},"excerpt":{"rendered":"<p>OUR BRANDS Our brands are trusted by customers and partners around the globe.Headingno-repeat;center top;;auto140px 0px 0px 0px INNOVATIVE, HIGHLY RELIABLE AND EASY TO USE TECHNOLOGIES centerno-repeat;center<span class=\"excerpt-hellip\"> [\u2026]<\/span><\/p>\n","protected":false},"author":1,"featured_media":0,"parent":0,"menu_order":0,"comment_status":"closed","ping_status":"closed","template":"","meta":{"footnotes":""},"class_list":["post-1406","page","type-page","status-publish","hentry"],"yoast_head":"<!-- This site is optimized with the Yoast SEO plugin v27.4 - https:\/\/yoast.com\/product\/yoast-seo-wordpress\/ -->\n<title>Brands | Corum Digital Corporation<\/title>\n<meta name=\"description\" content=\"All of our cloud-based enterprise solutions are completely developed and supported in-house by people who are experienced, passionate and talented.\" \/>\n<meta name=\"robots\" content=\"index, follow, max-snippet:-1, max-image-preview:large, max-video-preview:-1\" \/>\n<link rel=\"canonical\" href=\"https:\/\/corumdigital.com\/fr\/marques\/\" \/>\n<meta property=\"og:locale\" content=\"fr_CA\" \/>\n<meta property=\"og:type\" content=\"article\" \/>\n<meta property=\"og:title\" content=\"Brands | Corum Digital Corporation\" \/>\n<meta property=\"og:description\" content=\"All of our cloud-based enterprise solutions are completely developed and supported in-house by people who are experienced, passionate and talented.\" \/>\n<meta property=\"og:url\" content=\"https:\/\/corumdigital.com\/fr\/marques\/\" \/>\n<meta property=\"og:site_name\" content=\"Corum Digital Corporation\" \/>\n<meta property=\"article:publisher\" content=\"https:\/\/www.facebook.com\/corumdigitalcorp\/\" \/>\n<meta property=\"article:modified_time\" content=\"2025-03-31T19:54:23+00:00\" \/>\n<meta property=\"og:image\" content=\"https:\/\/corumdigital.com\/wp-content\/uploads\/2018\/02\/mediatile_logo.gif\" \/>\n<meta name=\"twitter:card\" content=\"summary_large_image\" \/>\n<meta name=\"twitter:label1\" content=\"Estimation du temps de lecture\" \/>\n\t<meta name=\"twitter:data1\" content=\"2 minutes\" \/>\n<script type=\"application\/ld+json\" class=\"yoast-schema-graph\">{\"@context\":\"https:\\\/\\\/schema.org\",\"@graph\":[{\"@type\":\"WebPage\",\"@id\":\"https:\\\/\\\/corumdigital.com\\\/brands\\\/\",\"url\":\"https:\\\/\\\/corumdigital.com\\\/brands\\\/\",\"name\":\"Brands | Corum Digital Corporation\",\"isPartOf\":{\"@id\":\"https:\\\/\\\/corumdigital.com\\\/#website\"},\"primaryImageOfPage\":{\"@id\":\"https:\\\/\\\/corumdigital.com\\\/brands\\\/#primaryimage\"},\"image\":{\"@id\":\"https:\\\/\\\/corumdigital.com\\\/brands\\\/#primaryimage\"},\"thumbnailUrl\":\"https:\\\/\\\/corumdigital.com\\\/wp-content\\\/uploads\\\/2018\\\/02\\\/mediatile_logo.gif\",\"datePublished\":\"2018-02-12T17:38:49+00:00\",\"dateModified\":\"2025-03-31T19:54:23+00:00\",\"description\":\"All of our cloud-based enterprise solutions are completely developed and supported in-house by people who are experienced, passionate and talented.\",\"breadcrumb\":{\"@id\":\"https:\\\/\\\/corumdigital.com\\\/brands\\\/#breadcrumb\"},\"inLanguage\":\"fr-CA\",\"potentialAction\":[{\"@type\":\"ReadAction\",\"target\":[\"https:\\\/\\\/corumdigital.com\\\/brands\\\/\"]}]},{\"@type\":\"ImageObject\",\"inLanguage\":\"fr-CA\",\"@id\":\"https:\\\/\\\/corumdigital.com\\\/brands\\\/#primaryimage\",\"url\":\"https:\\\/\\\/corumdigital.com\\\/wp-content\\\/uploads\\\/2018\\\/02\\\/mediatile_logo.gif\",\"contentUrl\":\"https:\\\/\\\/corumdigital.com\\\/wp-content\\\/uploads\\\/2018\\\/02\\\/mediatile_logo.gif\"},{\"@type\":\"BreadcrumbList\",\"@id\":\"https:\\\/\\\/corumdigital.com\\\/brands\\\/#breadcrumb\",\"itemListElement\":[{\"@type\":\"ListItem\",\"position\":1,\"name\":\"Home\",\"item\":\"https:\\\/\\\/corumdigital.com\\\/\"},{\"@type\":\"ListItem\",\"position\":2,\"name\":\"Brands\"}]},{\"@type\":\"WebSite\",\"@id\":\"https:\\\/\\\/corumdigital.com\\\/#website\",\"url\":\"https:\\\/\\\/corumdigital.com\\\/\",\"name\":\"Corum Digital Corporation\",\"description\":\"TECHNOLOGIES THAT POWER ENTERPRISE SOLUTIONS\",\"publisher\":{\"@id\":\"https:\\\/\\\/corumdigital.com\\\/#organization\"},\"potentialAction\":[{\"@type\":\"SearchAction\",\"target\":{\"@type\":\"EntryPoint\",\"urlTemplate\":\"https:\\\/\\\/corumdigital.com\\\/?s={search_term_string}\"},\"query-input\":{\"@type\":\"PropertyValueSpecification\",\"valueRequired\":true,\"valueName\":\"search_term_string\"}}],\"inLanguage\":\"fr-CA\"},{\"@type\":\"Organization\",\"@id\":\"https:\\\/\\\/corumdigital.com\\\/#organization\",\"name\":\"Corum Digital Corporation\",\"url\":\"https:\\\/\\\/corumdigital.com\\\/\",\"logo\":{\"@type\":\"ImageObject\",\"inLanguage\":\"fr-CA\",\"@id\":\"https:\\\/\\\/corumdigital.com\\\/#\\\/schema\\\/logo\\\/image\\\/\",\"url\":\"https:\\\/\\\/corumdigital.com\\\/wp-content\\\/uploads\\\/2018\\\/02\\\/corum_logo_contact.gif\",\"contentUrl\":\"https:\\\/\\\/corumdigital.com\\\/wp-content\\\/uploads\\\/2018\\\/02\\\/corum_logo_contact.gif\",\"width\":391,\"height\":103,\"caption\":\"Corum Digital Corporation\"},\"image\":{\"@id\":\"https:\\\/\\\/corumdigital.com\\\/#\\\/schema\\\/logo\\\/image\\\/\"},\"sameAs\":[\"https:\\\/\\\/www.facebook.com\\\/corumdigitalcorp\\\/\"]}]}<\/script>\n<!-- \/ Yoast SEO plugin. -->","yoast_head_json":{"title":"Marques | Corum Digital Corporation","description":"Toutes nos solutions d&#039;entreprise bas\u00e9es sur le cloud sont enti\u00e8rement d\u00e9velopp\u00e9es et prises en charge en interne par des personnes exp\u00e9riment\u00e9es, passionn\u00e9es et talentueuses.","robots":{"index":"index","follow":"follow","max-snippet":"max-snippet:-1","max-image-preview":"max-image-preview:large","max-video-preview":"max-video-preview:-1"},"canonical":"https:\/\/corumdigital.com\/fr\/marques\/","og_locale":"fr_CA","og_type":"article","og_title":"Brands | Corum Digital Corporation","og_description":"All of our cloud-based enterprise solutions are completely developed and supported in-house by people who are experienced, passionate and talented.","og_url":"https:\/\/corumdigital.com\/fr\/marques\/","og_site_name":"Corum Digital Corporation","article_publisher":"https:\/\/www.facebook.com\/corumdigitalcorp\/","article_modified_time":"2025-03-31T19:54:23+00:00","og_image":[{"url":"https:\/\/corumdigital.com\/wp-content\/uploads\/2018\/02\/mediatile_logo.gif","type":"","width":"","height":""}],"twitter_card":"summary_large_image","twitter_misc":{"Estimation du temps de lecture":"2 minutes"},"schema":{"@context":"https:\/\/schema.org","@graph":[{"@type":"WebPage","@id":"https:\/\/corumdigital.com\/brands\/","url":"https:\/\/corumdigital.com\/brands\/","name":"Marques | Corum Digital Corporation","isPartOf":{"@id":"https:\/\/corumdigital.com\/#website"},"primaryImageOfPage":{"@id":"https:\/\/corumdigital.com\/brands\/#primaryimage"},"image":{"@id":"https:\/\/corumdigital.com\/brands\/#primaryimage"},"thumbnailUrl":"https:\/\/corumdigital.com\/wp-content\/uploads\/2018\/02\/mediatile_logo.gif","datePublished":"2018-02-12T17:38:49+00:00","dateModified":"2025-03-31T19:54:23+00:00","description":"Toutes nos solutions d&#039;entreprise bas\u00e9es sur le cloud sont enti\u00e8rement d\u00e9velopp\u00e9es et prises en charge en interne par des personnes exp\u00e9riment\u00e9es, passionn\u00e9es et talentueuses.","breadcrumb":{"@id":"https:\/\/corumdigital.com\/brands\/#breadcrumb"},"inLanguage":"fr-CA","potentialAction":[{"@type":"ReadAction","target":["https:\/\/corumdigital.com\/brands\/"]}]},{"@type":"ImageObject","inLanguage":"fr-CA","@id":"https:\/\/corumdigital.com\/brands\/#primaryimage","url":"https:\/\/corumdigital.com\/wp-content\/uploads\/2018\/02\/mediatile_logo.gif","contentUrl":"https:\/\/corumdigital.com\/wp-content\/uploads\/2018\/02\/mediatile_logo.gif"},{"@type":"BreadcrumbList","@id":"https:\/\/corumdigital.com\/brands\/#breadcrumb","itemListElement":[{"@type":"ListItem","position":1,"name":"Home","item":"https:\/\/corumdigital.com\/"},{"@type":"ListItem","position":2,"name":"Brands"}]},{"@type":"WebSite","@id":"https:\/\/corumdigital.com\/#website","url":"https:\/\/corumdigital.com\/","name":"Corum Digital Corporation","description":"DES TECHNOLOGIES QUI ALIMENTENT LES SOLUTIONS D&#039;ENTREPRISE","publisher":{"@id":"https:\/\/corumdigital.com\/#organization"},"potentialAction":[{"@type":"SearchAction","target":{"@type":"EntryPoint","urlTemplate":"https:\/\/corumdigital.com\/?s={search_term_string}"},"query-input":{"@type":"PropertyValueSpecification","valueRequired":true,"valueName":"search_term_string"}}],"inLanguage":"fr-CA"},{"@type":"Organization","@id":"https:\/\/corumdigital.com\/#organization","name":"Corum Digital Corporation","url":"https:\/\/corumdigital.com\/","logo":{"@type":"ImageObject","inLanguage":"fr-CA","@id":"https:\/\/corumdigital.com\/#\/schema\/logo\/image\/","url":"https:\/\/corumdigital.com\/wp-content\/uploads\/2018\/02\/corum_logo_contact.gif","contentUrl":"https:\/\/corumdigital.com\/wp-content\/uploads\/2018\/02\/corum_logo_contact.gif","width":391,"height":103,"caption":"Corum Digital Corporation"},"image":{"@id":"https:\/\/corumdigital.com\/#\/schema\/logo\/image\/"},"sameAs":["https:\/\/www.facebook.com\/corumdigitalcorp\/"]}]}},"_links":{"self":[{"href":"https:\/\/corumdigital.com\/fr\/wp-json\/wp\/v2\/pages\/1406","targetHints":{"allow":["GET"]}}],"collection":[{"href":"https:\/\/corumdigital.com\/fr\/wp-json\/wp\/v2\/pages"}],"about":[{"href":"https:\/\/corumdigital.com\/fr\/wp-json\/wp\/v2\/types\/page"}],"author":[{"embeddable":true,"href":"https:\/\/corumdigital.com\/fr\/wp-json\/wp\/v2\/users\/1"}],"replies":[{"embeddable":true,"href":"https:\/\/corumdigital.com\/fr\/wp-json\/wp\/v2\/comments?post=1406"}],"version-history":[{"count":3,"href":"https:\/\/corumdigital.com\/fr\/wp-json\/wp\/v2\/pages\/1406\/revisions"}],"predecessor-version":[{"id":4983,"href":"https:\/\/corumdigital.com\/fr\/wp-json\/wp\/v2\/pages\/1406\/revisions\/4983"}],"wp:attachment":[{"href":"https:\/\/corumdigital.com\/fr\/wp-json\/wp\/v2\/media?parent=1406"}],"curies":[{"name":"wp","href":"https:\/\/api.w.org\/{rel}","templated":true}]}}