{"id":1415,"date":"2018-02-12T21:37:20","date_gmt":"2018-02-12T21:37:20","guid":{"rendered":"http:\/\/corumdigital.com\/?page_id=1415"},"modified":"2026-03-16T17:45:04","modified_gmt":"2026-03-16T17:45:04","slug":"mediatile","status":"publish","type":"page","link":"https:\/\/corumdigital.com\/fr\/mediatile\/","title":{"rendered":"m\u00e9diatile"},"content":{"rendered":"<p><img decoding=\"async\" src=\"https:\/\/corumdigital.com\/wp-content\/uploads\/2018\/02\/mediatile_logo_banner.png\" alt=\"mediatile_logo_banner\" \/><br \/>\ncomplet<\/p>\n<p>Permettre aux entreprises d&#039;engager, d&#039;autonomiser et d&#039;\u00e9duquer leurs publics cibles gr\u00e2ce \u00e0 l&#039;affichage num\u00e9rique.<br \/>\nTitre<br \/>\npas de r\u00e9p\u00e9tition\u00a0; centrer en haut\u00a0;\u00a0;<br \/>\nauto<\/p>\n<p>Visitez le site Web de MediaTile<br \/>\n<a href=\"https:\/\/mediatile.com\/\">https:\/\/mediatile.com\/<\/a><br \/>\ngauche<br \/>\n4<br \/>\naucun<br \/>\n7px 7px 7px 7px<br \/>\n#ffffff<br \/>\n#287ec2<br \/>\n#449fe7<\/p>\n<h1>M\u00c9DIATILE<\/h1>\n<h2>Solutions d&#039;affichage num\u00e9rique expertes<\/h2>\n<p>Nous vivons et respirons les solutions d&#039;affichage num\u00e9rique. Notre \u00e9quipe d&#039;experts de l&#039;industrie comprend la technologie et ce qu&#039;il faut pour assurer le succ\u00e8s de votre r\u00e9seau d&#039;affichage dynamique. Depuis plus de 25 ans, nous avons ouvert la voie dans le d\u00e9veloppement de solutions cr\u00e9atives et innovantes pour vous aider \u00e0 engager efficacement votre public.<\/p>\n<h2>Un leader reconnu et innovateur en affichage num\u00e9rique<\/h2>\n<p>Notre approche innovante et nos produits innovants nous ont propuls\u00e9s \u00e0 l&#039;avant-garde du secteur de l&#039;affichage num\u00e9rique. Nous continuons \u00e0 transformer les communications visuelles, en fournissant des informations et des interactions personnelles adapt\u00e9es aux souhaits et aux besoins sp\u00e9cifiques du spectateur. Notre innovation continue int\u00e8gre les derni\u00e8res avanc\u00e9es en mati\u00e8re de technologie et de mesures commerciales pour offrir ce que nous pensons \u00eatre le meilleur co\u00fbt total de possession (TCO) du secteur.Vous avez un projet d&#039;affichage num\u00e9rique ?<a href=\"https:\/\/mediatile.com\/\">Visitez MediaTile<\/a> et r\u00e9servez un appel avec un expert MediaTile pour recevoir une solution d&#039;affichage num\u00e9rique personnalis\u00e9e, sans obligation ni frais.<br \/>\npas de r\u00e9p\u00e9tition\u00a0; centrer en haut\u00a0;\u00a0;<br \/>\nauto<\/p>\n<p><img decoding=\"async\" src=\"https:\/\/corumdigital.com\/wp-content\/uploads\/2018\/02\/mediatile_logo_social.gif\" alt=\"\" \/><\/p>\n<p>pas de r\u00e9p\u00e9tition\u00a0; centrer en haut\u00a0;\u00a0;<br \/>\nauto<br \/>\n0px 20px 20px 0px<\/p>\n<p><a href=\"https:\/\/mediatile.com\/\" target=\"_blank\" rel=\"noopener\">mediatile.com<\/a><\/p>\n<p>Ventes : 888-342-3010<\/p>\n<p>Assistance : 888-342-6667<\/p>\n<p><a class=\"button  button_size_2\" href=\"\"         title=\"\"><span class=\"button_label\">Bouton<\/span><\/a>\n<br \/>\npas de r\u00e9p\u00e9tition\u00a0; centrer en haut\u00a0;\u00a0;<br \/>\nauto<br \/>\n0px 0px 20px 0px<\/p>\n<p><img decoding=\"async\" src=\"https:\/\/corumdigital.com\/wp-content\/uploads\/2018\/02\/mediatile_img-3.jpg\" alt=\"mediatile_img\" \/><br \/>\ncomplet<\/p>\n<h3>NOS MARQUES<\/h3>\n<p>Nos marques sont reconnues par des clients et des partenaires du monde entier.<br \/>\nTitre<br \/>\npas de r\u00e9p\u00e9tition\u00a0; centrer en haut\u00a0;\u00a0;<br \/>\nauto<br \/>\n36px 0px 0px 0px<\/p>\n<p><img decoding=\"async\" src=\"https:\/\/corumdigital.com\/wp-content\/uploads\/2018\/02\/mediatile_logo.gif\" alt=\"mediatile_logo\" \/><br \/>\n<a href=\"https:\/\/corumdigital.com\/fr\/mediatile\/\">https:\/\/corumdigital.com\/mediatile\/<\/a><br \/>\ncentre<\/p>\n<p><img decoding=\"async\" src=\"https:\/\/corumdigital.com\/wp-content\/uploads\/2018\/02\/firmchannel_logo.gif\" alt=\"entreprisechannel_logo\" \/><br \/>\n<a href=\"https:\/\/corumdigital.com\/fr\/entreprisecanal\/\">https:\/\/corumdigital.com\/firmchannel\/<\/a><\/p>\n<p><img decoding=\"async\" src=\"https:\/\/corumdigital.com\/wp-content\/uploads\/2024\/10\/corumview-logo-footer.gif#5086\" alt=\"pied de page du logo corumview\" \/><br \/>\ncomplet<br \/>\n<a href=\"https:\/\/corumdigital.com\/fr\/vue-corum\/\">https:\/\/corumdigital.com\/corum-view\/<\/a><br \/>\nd\u00e9sactiver<br \/>\ncentre<\/p>\n<p><img decoding=\"async\" src=\"https:\/\/corumdigital.com\/wp-content\/uploads\/2019\/07\/humanKIOSK_logo2.gif\" alt=\"logo humanKIOSK\" \/><br \/>\n<a href=\"https:\/\/corumdigital.com\/fr\/kiosque-humain\/\">https:\/\/corumdigital.com\/humankiosk\/<\/a><br \/>\ncentre<\/p>\n<p><img decoding=\"async\" src=\"https:\/\/corumdigital.com\/wp-content\/uploads\/2018\/02\/systems_interactive_logo-1.gif\" alt=\"logo_systems_interactive\" \/><br \/>\n<a href=\"https:\/\/www.corumdigital.comhttps:\/\/corumdigital.com\/systems-interactive\/\">https:\/\/www.corumdigital.comhttps:\/\/corumdigital.com\/systems-interactive\/<\/a><br \/>\ncentre<\/p>\n<p>\\&quot;En tant que contact principal et utilisateur de l&#039;affichage num\u00e9rique de notre agence\u00a0; Je ne saurais assez exprimer mon appr\u00e9ciation pour l&#039;excellent support technique fourni par votre entreprise. Le service d&#039;assistance a toujours \u00e9t\u00e9 r\u00e9actif et ponctuel lorsque j&#039;ai eu besoin d&#039;aide.\\\u201d<br \/>\nClient MediaTile \u2013 Oregon, \u00c9tats-Unis<\/p>\n<p>TEXTE DES SERVICES<br \/>\npas de r\u00e9p\u00e9tition\u00a0; centrer en haut\u00a0;\u00a0;<br \/>\nauto<br \/>\n0px 0px 0px 0px<\/p>\n<h3>DES TECHNOLOGIES QUI ALIMENTENT LES SOLUTIONS D&#039;ENTREPRISE<\/h3>\n<p>TEXTE DES SERVICES<br \/>\npas de r\u00e9p\u00e9tition\u00a0; centrer en haut\u00a0;\u00a0;<br \/>\nauto<br \/>\n0px 0px 0px 0px<\/p>","protected":false},"excerpt":{"rendered":"<p>full Allowing businesses to engage, empower and educate their target audiences through digital signage. Heading no-repeat;center top;; auto Visit MediaTile Website https:\/\/mediatile.com\/ left 4 none 7px<span class=\"excerpt-hellip\"> [\u2026]<\/span><\/p>\n","protected":false},"author":1,"featured_media":-1,"parent":0,"menu_order":0,"comment_status":"closed","ping_status":"closed","template":"","meta":{"footnotes":""},"class_list":["post-1415","page","type-page","status-publish","has-post-thumbnail","hentry"],"yoast_head":"<!-- This site is optimized with the Yoast SEO plugin v27.4 - https:\/\/yoast.com\/product\/yoast-seo-wordpress\/ -->\n<title>mediatile | Corum Digital Corporation<\/title>\n<meta name=\"robots\" content=\"index, follow, max-snippet:-1, max-image-preview:large, max-video-preview:-1\" \/>\n<link rel=\"canonical\" href=\"https:\/\/corumdigital.com\/fr\/mediatile\/\" \/>\n<meta property=\"og:locale\" content=\"fr_CA\" \/>\n<meta property=\"og:type\" content=\"article\" \/>\n<meta property=\"og:title\" content=\"mediatile | Corum Digital Corporation\" \/>\n<meta property=\"og:description\" content=\"full Allowing businesses to engage, empower and educate their target audiences through digital signage. Heading no-repeat;center top;; auto Visit MediaTile Website https:\/\/mediatile.com\/ left 4 none 7px [\u2026]\" \/>\n<meta property=\"og:url\" content=\"https:\/\/corumdigital.com\/fr\/mediatile\/\" \/>\n<meta property=\"og:site_name\" content=\"Corum Digital Corporation\" \/>\n<meta property=\"article:publisher\" content=\"https:\/\/www.facebook.com\/corumdigitalcorp\/\" \/>\n<meta property=\"article:modified_time\" content=\"2026-03-16T17:45:04+00:00\" \/>\n<meta name=\"twitter:card\" content=\"summary_large_image\" \/>\n<meta name=\"twitter:label1\" content=\"Estimation du temps de lecture\" \/>\n\t<meta name=\"twitter:data1\" content=\"2 minutes\" \/>\n<script type=\"application\/ld+json\" class=\"yoast-schema-graph\">{\"@context\":\"https:\\\/\\\/schema.org\",\"@graph\":[{\"@type\":\"WebPage\",\"@id\":\"https:\\\/\\\/corumdigital.com\\\/mediatile\\\/\",\"url\":\"https:\\\/\\\/corumdigital.com\\\/mediatile\\\/\",\"name\":\"mediatile | Corum Digital Corporation\",\"isPartOf\":{\"@id\":\"https:\\\/\\\/corumdigital.com\\\/#website\"},\"primaryImageOfPage\":{\"@id\":\"https:\\\/\\\/corumdigital.com\\\/mediatile\\\/#primaryimage\"},\"image\":{\"@id\":\"https:\\\/\\\/corumdigital.com\\\/mediatile\\\/#primaryimage\"},\"thumbnailUrl\":\"https:\\\/\\\/corumdigital.com\\\/wp-content\\\/uploads\\\/2018\\\/02\\\/mediatile_logo_banner.png\",\"datePublished\":\"2018-02-12T21:37:20+00:00\",\"dateModified\":\"2026-03-16T17:45:04+00:00\",\"breadcrumb\":{\"@id\":\"https:\\\/\\\/corumdigital.com\\\/mediatile\\\/#breadcrumb\"},\"inLanguage\":\"fr-CA\",\"potentialAction\":[{\"@type\":\"ReadAction\",\"target\":[\"https:\\\/\\\/corumdigital.com\\\/mediatile\\\/\"]}]},{\"@type\":\"ImageObject\",\"inLanguage\":\"fr-CA\",\"@id\":\"https:\\\/\\\/corumdigital.com\\\/mediatile\\\/#primaryimage\",\"url\":\"https:\\\/\\\/corumdigital.com\\\/wp-content\\\/uploads\\\/2018\\\/02\\\/mediatile_logo_banner.png\",\"contentUrl\":\"https:\\\/\\\/corumdigital.com\\\/wp-content\\\/uploads\\\/2018\\\/02\\\/mediatile_logo_banner.png\"},{\"@type\":\"BreadcrumbList\",\"@id\":\"https:\\\/\\\/corumdigital.com\\\/mediatile\\\/#breadcrumb\",\"itemListElement\":[{\"@type\":\"ListItem\",\"position\":1,\"name\":\"Home\",\"item\":\"https:\\\/\\\/corumdigital.com\\\/\"},{\"@type\":\"ListItem\",\"position\":2,\"name\":\"mediatile\"}]},{\"@type\":\"WebSite\",\"@id\":\"https:\\\/\\\/corumdigital.com\\\/#website\",\"url\":\"https:\\\/\\\/corumdigital.com\\\/\",\"name\":\"Corum Digital Corporation\",\"description\":\"TECHNOLOGIES THAT POWER ENTERPRISE SOLUTIONS\",\"publisher\":{\"@id\":\"https:\\\/\\\/corumdigital.com\\\/#organization\"},\"potentialAction\":[{\"@type\":\"SearchAction\",\"target\":{\"@type\":\"EntryPoint\",\"urlTemplate\":\"https:\\\/\\\/corumdigital.com\\\/?s={search_term_string}\"},\"query-input\":{\"@type\":\"PropertyValueSpecification\",\"valueRequired\":true,\"valueName\":\"search_term_string\"}}],\"inLanguage\":\"fr-CA\"},{\"@type\":\"Organization\",\"@id\":\"https:\\\/\\\/corumdigital.com\\\/#organization\",\"name\":\"Corum Digital Corporation\",\"url\":\"https:\\\/\\\/corumdigital.com\\\/\",\"logo\":{\"@type\":\"ImageObject\",\"inLanguage\":\"fr-CA\",\"@id\":\"https:\\\/\\\/corumdigital.com\\\/#\\\/schema\\\/logo\\\/image\\\/\",\"url\":\"https:\\\/\\\/corumdigital.com\\\/wp-content\\\/uploads\\\/2018\\\/02\\\/corum_logo_contact.gif\",\"contentUrl\":\"https:\\\/\\\/corumdigital.com\\\/wp-content\\\/uploads\\\/2018\\\/02\\\/corum_logo_contact.gif\",\"width\":391,\"height\":103,\"caption\":\"Corum Digital Corporation\"},\"image\":{\"@id\":\"https:\\\/\\\/corumdigital.com\\\/#\\\/schema\\\/logo\\\/image\\\/\"},\"sameAs\":[\"https:\\\/\\\/www.facebook.com\\\/corumdigitalcorp\\\/\"]}]}<\/script>\n<!-- \/ Yoast SEO plugin. -->","yoast_head_json":{"title":"m\u00e9ditatif | Corum Digital Corporation","robots":{"index":"index","follow":"follow","max-snippet":"max-snippet:-1","max-image-preview":"max-image-preview:large","max-video-preview":"max-video-preview:-1"},"canonical":"https:\/\/corumdigital.com\/fr\/mediatile\/","og_locale":"fr_CA","og_type":"article","og_title":"mediatile | Corum Digital Corporation","og_description":"full Allowing businesses to engage, empower and educate their target audiences through digital signage. Heading no-repeat;center top;; auto Visit MediaTile Website https:\/\/mediatile.com\/ left 4 none 7px [\u2026]","og_url":"https:\/\/corumdigital.com\/fr\/mediatile\/","og_site_name":"Corum Digital Corporation","article_publisher":"https:\/\/www.facebook.com\/corumdigitalcorp\/","article_modified_time":"2026-03-16T17:45:04+00:00","twitter_card":"summary_large_image","twitter_misc":{"Estimation du temps de lecture":"2 minutes"},"schema":{"@context":"https:\/\/schema.org","@graph":[{"@type":"WebPage","@id":"https:\/\/corumdigital.com\/mediatile\/","url":"https:\/\/corumdigital.com\/mediatile\/","name":"m\u00e9ditatif | Corum Digital Corporation","isPartOf":{"@id":"https:\/\/corumdigital.com\/#website"},"primaryImageOfPage":{"@id":"https:\/\/corumdigital.com\/mediatile\/#primaryimage"},"image":{"@id":"https:\/\/corumdigital.com\/mediatile\/#primaryimage"},"thumbnailUrl":"https:\/\/corumdigital.com\/wp-content\/uploads\/2018\/02\/mediatile_logo_banner.png","datePublished":"2018-02-12T21:37:20+00:00","dateModified":"2026-03-16T17:45:04+00:00","breadcrumb":{"@id":"https:\/\/corumdigital.com\/mediatile\/#breadcrumb"},"inLanguage":"fr-CA","potentialAction":[{"@type":"ReadAction","target":["https:\/\/corumdigital.com\/mediatile\/"]}]},{"@type":"ImageObject","inLanguage":"fr-CA","@id":"https:\/\/corumdigital.com\/mediatile\/#primaryimage","url":"https:\/\/corumdigital.com\/wp-content\/uploads\/2018\/02\/mediatile_logo_banner.png","contentUrl":"https:\/\/corumdigital.com\/wp-content\/uploads\/2018\/02\/mediatile_logo_banner.png"},{"@type":"BreadcrumbList","@id":"https:\/\/corumdigital.com\/mediatile\/#breadcrumb","itemListElement":[{"@type":"ListItem","position":1,"name":"Home","item":"https:\/\/corumdigital.com\/"},{"@type":"ListItem","position":2,"name":"mediatile"}]},{"@type":"WebSite","@id":"https:\/\/corumdigital.com\/#website","url":"https:\/\/corumdigital.com\/","name":"Corum Digital Corporation","description":"DES TECHNOLOGIES QUI ALIMENTENT LES SOLUTIONS D&#039;ENTREPRISE","publisher":{"@id":"https:\/\/corumdigital.com\/#organization"},"potentialAction":[{"@type":"SearchAction","target":{"@type":"EntryPoint","urlTemplate":"https:\/\/corumdigital.com\/?s={search_term_string}"},"query-input":{"@type":"PropertyValueSpecification","valueRequired":true,"valueName":"search_term_string"}}],"inLanguage":"fr-CA"},{"@type":"Organization","@id":"https:\/\/corumdigital.com\/#organization","name":"Corum Digital Corporation","url":"https:\/\/corumdigital.com\/","logo":{"@type":"ImageObject","inLanguage":"fr-CA","@id":"https:\/\/corumdigital.com\/#\/schema\/logo\/image\/","url":"https:\/\/corumdigital.com\/wp-content\/uploads\/2018\/02\/corum_logo_contact.gif","contentUrl":"https:\/\/corumdigital.com\/wp-content\/uploads\/2018\/02\/corum_logo_contact.gif","width":391,"height":103,"caption":"Corum Digital Corporation"},"image":{"@id":"https:\/\/corumdigital.com\/#\/schema\/logo\/image\/"},"sameAs":["https:\/\/www.facebook.com\/corumdigitalcorp\/"]}]}},"_links":{"self":[{"href":"https:\/\/corumdigital.com\/fr\/wp-json\/wp\/v2\/pages\/1415","targetHints":{"allow":["GET"]}}],"collection":[{"href":"https:\/\/corumdigital.com\/fr\/wp-json\/wp\/v2\/pages"}],"about":[{"href":"https:\/\/corumdigital.com\/fr\/wp-json\/wp\/v2\/types\/page"}],"author":[{"embeddable":true,"href":"https:\/\/corumdigital.com\/fr\/wp-json\/wp\/v2\/users\/1"}],"replies":[{"embeddable":true,"href":"https:\/\/corumdigital.com\/fr\/wp-json\/wp\/v2\/comments?post=1415"}],"version-history":[{"count":6,"href":"https:\/\/corumdigital.com\/fr\/wp-json\/wp\/v2\/pages\/1415\/revisions"}],"predecessor-version":[{"id":5085,"href":"https:\/\/corumdigital.com\/fr\/wp-json\/wp\/v2\/pages\/1415\/revisions\/5085"}],"wp:featuredmedia":[{"embeddable":true,"href":"https:\/\/corumdigital.com\/fr\/wp-json\/"}],"wp:attachment":[{"href":"https:\/\/corumdigital.com\/fr\/wp-json\/wp\/v2\/media?parent=1415"}],"curies":[{"name":"wp","href":"https:\/\/api.w.org\/{rel}","templated":true}]}}