{"id":1425,"date":"2018-02-13T15:50:20","date_gmt":"2018-02-13T15:50:20","guid":{"rendered":"http:\/\/corumdigital.com\/?page_id=1425"},"modified":"2025-02-21T14:51:50","modified_gmt":"2025-02-21T14:51:50","slug":"entreprisecanal","status":"publish","type":"page","link":"https:\/\/corumdigital.com\/fr\/firmchannel\/","title":{"rendered":"entreprisecanal"},"content":{"rendered":"<p><img decoding=\"async\" src=\"https:\/\/corumdigital.com\/wp-content\/uploads\/2018\/02\/firmchannel_logo_banner.png\" alt=\"entreprisechannel_logo_banner\" \/><br \/>complet<\/p>\n<p>Alimenter l&#039;affichage num\u00e9rique partout dans le monde.<br \/>Titre<br \/>pas de r\u00e9p\u00e9tition\u00a0; centrer en haut\u00a0;\u00a0;<br \/>auto<\/p>\n<p>Visitez le site Web de firmCHANNEL<br \/><a href=\"https:\/\/firmchannel.com\/\">https:\/\/firmchannel.com\/<\/a><br \/>gauche<br \/>4<br \/>aucun<br \/>7px 7px 7px 7px<br \/>#ffffff<br \/>#287ec2<br \/>#449fe7<\/p>\n<h1>FIRMCHANNEL<\/h1>\n<h2>Un r\u00e9seau d&#039;affichage num\u00e9rique d&#039;entreprise pour une meilleure communication<\/h2>\n<p>Le r\u00e9seau d&#039;affichage num\u00e9rique d&#039;entreprise bas\u00e9 sur le cloud de firmCHANNEL est l&#039;infrastructure derri\u00e8re des dizaines de milliers d&#039;affichages commerciaux dans le monde. Nos d\u00e9veloppeurs de logiciels ont cr\u00e9\u00e9 notre plate-forme logicielle de gestion de contenu d&#039;affichage num\u00e9rique pour qu&#039;elle soit s\u00e9curis\u00e9e, polyvalente et \u00e9volutive. Nous innovons constamment dans les nouvelles technologies de notre plate-forme pour plus de fonctionnalit\u00e9 et de commodit\u00e9.<\/p>\n<h2>Un partenaire de confiance<\/h2>\n<p>Les partenaires revendeurs de firmCHANNEL utilisent nos conseils en tant que leaders du secteur pour int\u00e9grer avec succ\u00e8s notre plateforme dans tous les secteurs et cas d&#039;utilisation. Nous nous occupons de la technologie afin que nos partenaires puissent s&#039;occuper des affaires. Rejoignez la liste croissante d&#039;op\u00e9rateurs de r\u00e9seau, d&#039;int\u00e9grateurs de syst\u00e8mes, de concepteurs audiovisuels, d&#039;agences de marketing et de revendeurs pour voir pourquoi <a href=\"http:\/\/firmchannel.com\">entrepriseCHANNEL<\/a> est le meilleur partenaire de Digital Signage Solutions.<br \/>pas de r\u00e9p\u00e9tition\u00a0; centrer en haut\u00a0;\u00a0;<br \/>auto<\/p>\n<p><img decoding=\"async\" src=\"https:\/\/corumdigital.com\/wp-content\/uploads\/2018\/02\/firmchannel_logo_social.gif\" alt=\"\" \/><\/p>\n<p>pas de r\u00e9p\u00e9tition\u00a0; centrer en haut\u00a0;\u00a0;<br \/>auto<br \/>0px 20px 20px 0px<\/p>\n<p><a href=\"http:\/\/www.firmchannel.com\/\" target=\"_blank\" rel=\"noopener\">firmchannel.com<\/a><br \/>\n<br \/>Ventes : 800-561-7525<br \/>\n<br \/>Assistance : 800-561-7525<\/p>\n<p><a class=\"button  button_size_2\" href=\"\"         title=\"\"><span class=\"button_label\">Bouton<\/span><\/a>\n<br \/>pas de r\u00e9p\u00e9tition\u00a0; centrer en haut\u00a0;\u00a0;<br \/>auto<br \/>0px 0px 20px 0px<\/p>\n<p><img decoding=\"async\" src=\"https:\/\/corumdigital.com\/wp-content\/uploads\/2018\/02\/firmchannel_img-2.jpg\" alt=\"entreprisecanal_img\" \/><br \/>complet<\/p>\n<p><\/p>\n<h3>NOS MARQUES<\/h3>\n<p>Nos marques sont reconnues par des clients et des partenaires du monde entier.<br \/>Titre<br \/>pas de r\u00e9p\u00e9tition\u00a0; centrer en haut\u00a0;\u00a0;<br \/>auto<br \/>36px 0px 0px 0px<\/p>\n<p><img decoding=\"async\" src=\"https:\/\/corumdigital.com\/wp-content\/uploads\/2018\/02\/mediatile_logo.gif\" alt=\"mediatile_logo\" \/><br \/><a href=\"https:\/\/corumdigital.com\/fr\/mediatile\/\">https:\/\/corumdigital.com\/mediatile\/<\/a><br \/>d\u00e9sactiver<br \/>centre<\/p>\n<p><img decoding=\"async\" src=\"https:\/\/corumdigital.com\/wp-content\/uploads\/2018\/02\/firmchannel_logo.gif\" alt=\"entreprisechannel_logo\" \/><br \/><a href=\"https:\/\/corumdigital.com\/fr\/entreprisecanal\/\">https:\/\/corumdigital.com\/firmchannel\/<\/a><br \/>d\u00e9sactiver<br \/>centre<\/p>\n<p><img decoding=\"async\" src=\"https:\/\/corumdigital.com\/wp-content\/uploads\/2024\/10\/corumview-logo-footer.gif#5086\" alt=\"pied de page du logo corumview\" \/><br \/>complet<br \/><a href=\"https:\/\/corumdigital.com\/fr\/vue-corum\/\">https:\/\/corumdigital.com\/corum-view\/<\/a><br \/>d\u00e9sactiver<br \/>centre<\/p>\n<p><img decoding=\"async\" src=\"https:\/\/corumdigital.com\/wp-content\/uploads\/2019\/07\/humanKIOSK_logo2.gif\" alt=\"logo humanKIOSK\" \/><br \/><a href=\"https:\/\/corumdigital.com\/fr\/kiosque-humain\/\">https:\/\/corumdigital.com\/humankiosk\/<\/a><br \/>d\u00e9sactiver<br \/>centre<\/p>\n<p><img decoding=\"async\" src=\"https:\/\/corumdigital.com\/wp-content\/uploads\/2018\/02\/systems_interactive_logo-1.gif\" alt=\"logo_systems_interactive\" \/><br \/><a href=\"https:\/\/www.corumdigital.comhttps:\/\/corumdigital.com\/systems-interactive\/\">https:\/\/www.corumdigital.comhttps:\/\/corumdigital.com\/systems-interactive\/<\/a><br \/>d\u00e9sactiver<br \/>centre<\/p>\n<p>\\ &quot;J&#039;ai envoy\u00e9 un message \u00e0 votre \u00e9quipe d&#039;assistance il y a quelques jours et la r\u00e9ponse a \u00e9t\u00e9 non seulement tr\u00e8s rapide, mais le message \u00e9tait celui d&#039;une volont\u00e9 sinc\u00e8re d&#039;aider. Leur professionnalisme et leur connaissance des lecteurs multim\u00e9dias et du contenu \u00e9taient tr\u00e8s impressionnants.\\&quot;<br \/>Client de firmCHANNEL \u2013 Toronto, Canada<\/p>\n<p>TEXTE DES SERVICES<br \/>pas de r\u00e9p\u00e9tition\u00a0; centrer en haut\u00a0;\u00a0;<br \/>auto<br \/>0px 0px 0px 0px<\/p>\n<h3>DES TECHNOLOGIES QUI ALIMENTENT LES SOLUTIONS D&#039;ENTREPRISE<\/h3>\n<p>TEXTE DES SERVICES<br \/>pas de r\u00e9p\u00e9tition\u00a0; centrer en haut\u00a0;\u00a0;<br \/>auto<br \/>0px 0px 0px 0px<\/p>","protected":false},"excerpt":{"rendered":"<p>full Powering digital signage all over the world.Headingno-repeat;center top;;auto Visit firmCHANNEL Websitehttps:\/\/firmchannel.com\/left4none7px 7px 7px 7px#ffffff#287ec2#449fe7 FIRMCHANNEL An Enterprise Digital Signage Network for Better Communication The firmCHANNEL<span class=\"excerpt-hellip\"> [\u2026]<\/span><\/p>\n","protected":false},"author":1,"featured_media":0,"parent":0,"menu_order":0,"comment_status":"closed","ping_status":"closed","template":"","meta":{"footnotes":""},"class_list":["post-1425","page","type-page","status-publish","hentry"],"yoast_head":"<!-- This site is optimized with the Yoast SEO plugin v27.4 - https:\/\/yoast.com\/product\/yoast-seo-wordpress\/ -->\n<title>firmchannel | Corum Digital Corporation<\/title>\n<meta name=\"robots\" content=\"index, follow, max-snippet:-1, max-image-preview:large, max-video-preview:-1\" \/>\n<link rel=\"canonical\" href=\"https:\/\/corumdigital.com\/fr\/entreprisecanal\/\" \/>\n<meta property=\"og:locale\" content=\"fr_CA\" \/>\n<meta property=\"og:type\" content=\"article\" \/>\n<meta property=\"og:title\" content=\"firmchannel | Corum Digital Corporation\" \/>\n<meta property=\"og:description\" content=\"full Powering digital signage all over the world.Headingno-repeat;center top;;auto Visit firmCHANNEL Websitehttps:\/\/firmchannel.com\/left4none7px 7px 7px 7px#ffffff#287ec2#449fe7 FIRMCHANNEL An Enterprise Digital Signage Network for Better Communication The firmCHANNEL [\u2026]\" \/>\n<meta property=\"og:url\" content=\"https:\/\/corumdigital.com\/fr\/entreprisecanal\/\" \/>\n<meta property=\"og:site_name\" content=\"Corum Digital Corporation\" \/>\n<meta property=\"article:publisher\" content=\"https:\/\/www.facebook.com\/corumdigitalcorp\/\" \/>\n<meta property=\"article:modified_time\" content=\"2025-02-21T14:51:50+00:00\" \/>\n<meta property=\"og:image\" content=\"https:\/\/corumdigital.com\/wp-content\/uploads\/2018\/02\/firmchannel_logo_banner.png\" \/>\n<meta name=\"twitter:card\" content=\"summary_large_image\" \/>\n<meta name=\"twitter:label1\" content=\"Estimation du temps de lecture\" \/>\n\t<meta name=\"twitter:data1\" content=\"2 minutes\" \/>\n<script type=\"application\/ld+json\" class=\"yoast-schema-graph\">{\"@context\":\"https:\\\/\\\/schema.org\",\"@graph\":[{\"@type\":\"WebPage\",\"@id\":\"https:\\\/\\\/corumdigital.com\\\/firmchannel\\\/\",\"url\":\"https:\\\/\\\/corumdigital.com\\\/firmchannel\\\/\",\"name\":\"firmchannel | Corum Digital Corporation\",\"isPartOf\":{\"@id\":\"https:\\\/\\\/corumdigital.com\\\/#website\"},\"primaryImageOfPage\":{\"@id\":\"https:\\\/\\\/corumdigital.com\\\/firmchannel\\\/#primaryimage\"},\"image\":{\"@id\":\"https:\\\/\\\/corumdigital.com\\\/firmchannel\\\/#primaryimage\"},\"thumbnailUrl\":\"https:\\\/\\\/corumdigital.com\\\/wp-content\\\/uploads\\\/2018\\\/02\\\/firmchannel_logo_banner.png\",\"datePublished\":\"2018-02-13T15:50:20+00:00\",\"dateModified\":\"2025-02-21T14:51:50+00:00\",\"breadcrumb\":{\"@id\":\"https:\\\/\\\/corumdigital.com\\\/firmchannel\\\/#breadcrumb\"},\"inLanguage\":\"fr-CA\",\"potentialAction\":[{\"@type\":\"ReadAction\",\"target\":[\"https:\\\/\\\/corumdigital.com\\\/firmchannel\\\/\"]}]},{\"@type\":\"ImageObject\",\"inLanguage\":\"fr-CA\",\"@id\":\"https:\\\/\\\/corumdigital.com\\\/firmchannel\\\/#primaryimage\",\"url\":\"https:\\\/\\\/corumdigital.com\\\/wp-content\\\/uploads\\\/2018\\\/02\\\/firmchannel_logo_banner.png\",\"contentUrl\":\"https:\\\/\\\/corumdigital.com\\\/wp-content\\\/uploads\\\/2018\\\/02\\\/firmchannel_logo_banner.png\"},{\"@type\":\"BreadcrumbList\",\"@id\":\"https:\\\/\\\/corumdigital.com\\\/firmchannel\\\/#breadcrumb\",\"itemListElement\":[{\"@type\":\"ListItem\",\"position\":1,\"name\":\"Home\",\"item\":\"https:\\\/\\\/corumdigital.com\\\/\"},{\"@type\":\"ListItem\",\"position\":2,\"name\":\"firmchannel\"}]},{\"@type\":\"WebSite\",\"@id\":\"https:\\\/\\\/corumdigital.com\\\/#website\",\"url\":\"https:\\\/\\\/corumdigital.com\\\/\",\"name\":\"Corum Digital Corporation\",\"description\":\"TECHNOLOGIES THAT POWER ENTERPRISE SOLUTIONS\",\"publisher\":{\"@id\":\"https:\\\/\\\/corumdigital.com\\\/#organization\"},\"potentialAction\":[{\"@type\":\"SearchAction\",\"target\":{\"@type\":\"EntryPoint\",\"urlTemplate\":\"https:\\\/\\\/corumdigital.com\\\/?s={search_term_string}\"},\"query-input\":{\"@type\":\"PropertyValueSpecification\",\"valueRequired\":true,\"valueName\":\"search_term_string\"}}],\"inLanguage\":\"fr-CA\"},{\"@type\":\"Organization\",\"@id\":\"https:\\\/\\\/corumdigital.com\\\/#organization\",\"name\":\"Corum Digital Corporation\",\"url\":\"https:\\\/\\\/corumdigital.com\\\/\",\"logo\":{\"@type\":\"ImageObject\",\"inLanguage\":\"fr-CA\",\"@id\":\"https:\\\/\\\/corumdigital.com\\\/#\\\/schema\\\/logo\\\/image\\\/\",\"url\":\"https:\\\/\\\/corumdigital.com\\\/wp-content\\\/uploads\\\/2018\\\/02\\\/corum_logo_contact.gif\",\"contentUrl\":\"https:\\\/\\\/corumdigital.com\\\/wp-content\\\/uploads\\\/2018\\\/02\\\/corum_logo_contact.gif\",\"width\":391,\"height\":103,\"caption\":\"Corum Digital Corporation\"},\"image\":{\"@id\":\"https:\\\/\\\/corumdigital.com\\\/#\\\/schema\\\/logo\\\/image\\\/\"},\"sameAs\":[\"https:\\\/\\\/www.facebook.com\\\/corumdigitalcorp\\\/\"]}]}<\/script>\n<!-- \/ Yoast SEO plugin. -->","yoast_head_json":{"title":"entreprisecanal | Corum Digital Corporation","robots":{"index":"index","follow":"follow","max-snippet":"max-snippet:-1","max-image-preview":"max-image-preview:large","max-video-preview":"max-video-preview:-1"},"canonical":"https:\/\/corumdigital.com\/fr\/entreprisecanal\/","og_locale":"fr_CA","og_type":"article","og_title":"firmchannel | Corum Digital Corporation","og_description":"full Powering digital signage all over the world.Headingno-repeat;center top;;auto Visit firmCHANNEL Websitehttps:\/\/firmchannel.com\/left4none7px 7px 7px 7px#ffffff#287ec2#449fe7 FIRMCHANNEL An Enterprise Digital Signage Network for Better Communication The firmCHANNEL [\u2026]","og_url":"https:\/\/corumdigital.com\/fr\/entreprisecanal\/","og_site_name":"Corum Digital Corporation","article_publisher":"https:\/\/www.facebook.com\/corumdigitalcorp\/","article_modified_time":"2025-02-21T14:51:50+00:00","og_image":[{"url":"https:\/\/corumdigital.com\/wp-content\/uploads\/2018\/02\/firmchannel_logo_banner.png","type":"","width":"","height":""}],"twitter_card":"summary_large_image","twitter_misc":{"Estimation du temps de lecture":"2 minutes"},"schema":{"@context":"https:\/\/schema.org","@graph":[{"@type":"WebPage","@id":"https:\/\/corumdigital.com\/firmchannel\/","url":"https:\/\/corumdigital.com\/firmchannel\/","name":"entreprisecanal | Corum Digital Corporation","isPartOf":{"@id":"https:\/\/corumdigital.com\/#website"},"primaryImageOfPage":{"@id":"https:\/\/corumdigital.com\/firmchannel\/#primaryimage"},"image":{"@id":"https:\/\/corumdigital.com\/firmchannel\/#primaryimage"},"thumbnailUrl":"https:\/\/corumdigital.com\/wp-content\/uploads\/2018\/02\/firmchannel_logo_banner.png","datePublished":"2018-02-13T15:50:20+00:00","dateModified":"2025-02-21T14:51:50+00:00","breadcrumb":{"@id":"https:\/\/corumdigital.com\/firmchannel\/#breadcrumb"},"inLanguage":"fr-CA","potentialAction":[{"@type":"ReadAction","target":["https:\/\/corumdigital.com\/firmchannel\/"]}]},{"@type":"ImageObject","inLanguage":"fr-CA","@id":"https:\/\/corumdigital.com\/firmchannel\/#primaryimage","url":"https:\/\/corumdigital.com\/wp-content\/uploads\/2018\/02\/firmchannel_logo_banner.png","contentUrl":"https:\/\/corumdigital.com\/wp-content\/uploads\/2018\/02\/firmchannel_logo_banner.png"},{"@type":"BreadcrumbList","@id":"https:\/\/corumdigital.com\/firmchannel\/#breadcrumb","itemListElement":[{"@type":"ListItem","position":1,"name":"Home","item":"https:\/\/corumdigital.com\/"},{"@type":"ListItem","position":2,"name":"firmchannel"}]},{"@type":"WebSite","@id":"https:\/\/corumdigital.com\/#website","url":"https:\/\/corumdigital.com\/","name":"Corum Digital Corporation","description":"DES TECHNOLOGIES QUI ALIMENTENT LES SOLUTIONS D&#039;ENTREPRISE","publisher":{"@id":"https:\/\/corumdigital.com\/#organization"},"potentialAction":[{"@type":"SearchAction","target":{"@type":"EntryPoint","urlTemplate":"https:\/\/corumdigital.com\/?s={search_term_string}"},"query-input":{"@type":"PropertyValueSpecification","valueRequired":true,"valueName":"search_term_string"}}],"inLanguage":"fr-CA"},{"@type":"Organization","@id":"https:\/\/corumdigital.com\/#organization","name":"Corum Digital Corporation","url":"https:\/\/corumdigital.com\/","logo":{"@type":"ImageObject","inLanguage":"fr-CA","@id":"https:\/\/corumdigital.com\/#\/schema\/logo\/image\/","url":"https:\/\/corumdigital.com\/wp-content\/uploads\/2018\/02\/corum_logo_contact.gif","contentUrl":"https:\/\/corumdigital.com\/wp-content\/uploads\/2018\/02\/corum_logo_contact.gif","width":391,"height":103,"caption":"Corum Digital Corporation"},"image":{"@id":"https:\/\/corumdigital.com\/#\/schema\/logo\/image\/"},"sameAs":["https:\/\/www.facebook.com\/corumdigitalcorp\/"]}]}},"_links":{"self":[{"href":"https:\/\/corumdigital.com\/fr\/wp-json\/wp\/v2\/pages\/1425","targetHints":{"allow":["GET"]}}],"collection":[{"href":"https:\/\/corumdigital.com\/fr\/wp-json\/wp\/v2\/pages"}],"about":[{"href":"https:\/\/corumdigital.com\/fr\/wp-json\/wp\/v2\/types\/page"}],"author":[{"embeddable":true,"href":"https:\/\/corumdigital.com\/fr\/wp-json\/wp\/v2\/users\/1"}],"replies":[{"embeddable":true,"href":"https:\/\/corumdigital.com\/fr\/wp-json\/wp\/v2\/comments?post=1425"}],"version-history":[{"count":4,"href":"https:\/\/corumdigital.com\/fr\/wp-json\/wp\/v2\/pages\/1425\/revisions"}],"predecessor-version":[{"id":5089,"href":"https:\/\/corumdigital.com\/fr\/wp-json\/wp\/v2\/pages\/1425\/revisions\/5089"}],"wp:attachment":[{"href":"https:\/\/corumdigital.com\/fr\/wp-json\/wp\/v2\/media?parent=1425"}],"curies":[{"name":"wp","href":"https:\/\/api.w.org\/{rel}","templated":true}]}}