{"id":1433,"date":"2018-02-13T19:01:29","date_gmt":"2018-02-13T19:01:29","guid":{"rendered":"http:\/\/corumdigital.com\/?page_id=1433"},"modified":"2025-02-21T14:51:51","modified_gmt":"2025-02-21T14:51:51","slug":"systemes-interactifs","status":"publish","type":"page","link":"https:\/\/corumdigital.com\/fr\/systems-interactive\/","title":{"rendered":"syst\u00e8mes interactifs"},"content":{"rendered":"<p><img decoding=\"async\" src=\"https:\/\/corumdigital.com\/wp-content\/uploads\/2018\/02\/systems_interactive_wlogo_banner.png\" alt=\"systems_interactive_wlogo_banner\" \/><br \/>complet<\/p>\n<p>Construire des relations entre les marques et leurs clients tout en stimulant la croissance de l&#039;entreprise.<br \/>Titre<br \/>pas de r\u00e9p\u00e9tition\u00a0; centrer en haut\u00a0;\u00a0;<br \/>auto<\/p>\n<p>Visitez le site Web de Systems Interactive<br \/><a href=\"https:\/\/systemsinteractive.ca\/\">https:\/\/systemsinteractive.ca\/<\/a><br \/>gauche<br \/>4<br \/>aucun<br \/>7px 7px 7px 7px<br \/>#ffffff<br \/>#287ec2<br \/>#449fe7<\/p>\n<h1>SYST\u00c8MES INTERACTIFS<\/h1>\n<h2>Des solutions Web, mobiles et de commerce \u00e9lectronique qui augmentent l&#039;efficacit\u00e9 organisationnelle et stimulent la croissance.<\/h2>\n<p>Systems Interactive est une entreprise de programmation et de marketing num\u00e9rique \u00e0 service complet qui d\u00e9veloppe des solutions logicielles personnalis\u00e9es pour aider nos clients \u00e0 analyser les r\u00e9sultats, augmenter les revenus, r\u00e9duire les co\u00fbts, engager les visiteurs et am\u00e9liorer les relations avec les clients.<\/p>\n<h2>Notre \u00e9quipe est compos\u00e9e d&#039;informaticiens accr\u00e9dit\u00e9s, de chefs de projets, de cr\u00e9atifs et de gestionnaires de comptes.<\/h2>\n<p>Nous d\u00e9veloppons des solutions logicielles personnalis\u00e9es attrayantes et puissantes depuis 1998. La v\u00e9rit\u00e9 est que nous aimons ce que nous faisons : trouver des solutions technologiques cr\u00e9atives \u00e0 des probl\u00e8mes complexes bas\u00e9es sur les meilleures pratiques, les analyses et les la pens\u00e9e de la bo\u00eete. Non seulement nous d\u00e9veloppons nos propres produits qui sont utilis\u00e9s par des organisations du monde entier, mais nous appliquons nos connaissances pour cr\u00e9er des solutions technologiques efficaces, faciles \u00e0 utiliser et adapt\u00e9es aux besoins uniques de votre organisation.<br \/>pas de r\u00e9p\u00e9tition\u00a0; centrer en haut\u00a0;\u00a0;<br \/>auto<\/p>\n<p><a href=\"http:\/\/systemsinteractive.ca\/\" target=\"_blank\" rel=\"noopener\"><img decoding=\"async\" src=\"https:\/\/corumdigital.com\/wp-content\/uploads\/2018\/02\/systems_interactive_logo_contact.gif\" alt=\"\" \/><\/a><br \/>pas de r\u00e9p\u00e9tition\u00a0; centrer en haut\u00a0;\u00a0;<br \/>auto<br \/>0px 20px 20px 0px<\/p>\n<p><a href=\"http:\/\/systemsinteractive.ca\/\" target=\"_blank\" rel=\"noopener\">systeminteractive.ca<\/a><br \/>\n<br \/>T\u00e9l\u00e9phone : 1.877.723.7363<br \/>\n<br \/><a class=\"button  button_size_2\" href=\"\"         title=\"\"><span class=\"button_label\">Bouton<\/span><\/a>\n<br \/>pas de r\u00e9p\u00e9tition\u00a0; centrer en haut\u00a0;\u00a0;<br \/>auto<br \/>0px 0px 20px 0px<\/p>\n<h2>SYST\u00c8MES INTERACTIFS MARQUES<\/h2>\n<p><a href=\"https:\/\/www.successbyemail.com\/\" target=\"_blank\" rel=\"noopener\"><img decoding=\"async\" src=\"https:\/\/corumdigital.com\/wp-content\/uploads\/2018\/02\/success_by_email_logo.gif\" alt=\"\" \/><br \/>\n<br \/><\/a><br \/>\n<br \/>SuccessByEmail.com est un syst\u00e8me de marketing par e-mail de classe entreprise qui permet aux sp\u00e9cialistes du marketing avis\u00e9s de d\u00e9ployer facilement leurs e-mails et de mesurer les r\u00e9sultats. Au-del\u00e0 de la capacit\u00e9 de SuccessByEmail \u00e0 envoyer des millions de messages, ses puissants outils de capture et d&#039;analyse de donn\u00e9es offrent une liste impressionnante de fonctionnalit\u00e9s, notamment l&#039;int\u00e9gration des m\u00e9dias sociaux et une gestion de liste impressionnante.<\/p>\n<p>Si vous recherchez un syst\u00e8me de marketing par e-mail puissant ou si vous souhaitez d\u00e9velopper une strat\u00e9gie de marketing par e-mail unique, contactez-nous\u00a0! Il y a beaucoup de complexit\u00e9s associ\u00e9es au marketing par e-mail, alors laissez notre personnel expert vous simplifier le processus.<br \/>\n<br \/>Vous pouvez en savoir plus en visitant <a href=\"http:\/\/www.successbyemail.com\" target=\"_blank\" rel=\"noopener\">www.successbyemail.com<\/a>.<\/p>\n<p> <a href=\"http:\/\/www.clicktag.com\/\" target=\"_blank\" rel=\"noopener\"><img decoding=\"async\" src=\"https:\/\/corumdigital.com\/wp-content\/uploads\/2018\/02\/clicktag_logo.gif\" alt=\"\" \/><\/a><br \/>\n<br \/>Avec l&#039;av\u00e8nement de forfaits de donn\u00e9es peu co\u00fbteux et d&#039;appareils mobiles puissants, les codes QR ont commenc\u00e9 \u00e0 transformer la fa\u00e7on dont les Nord-Am\u00e9ricains interagissent avec leur marque et leur environnement. Avec Clicktag.com, Systems Interactive a \u00e9t\u00e9 parmi les premi\u00e8res entreprises au Canada \u00e0 fournir une plate-forme de code QR de qualit\u00e9 commerciale qui peut capturer des analyses d\u00e9taill\u00e9es sans enfreindre aucun brevet.<\/p>\n<p>Vous pouvez en savoir plus en visitant <a href=\"http:\/\/www.clicktag.com\" target=\"_blank\" rel=\"noopener\">www.clicktag.com<\/a>.<br \/>\n<br \/> <img decoding=\"async\" src=\"https:\/\/corumdigital.com\/wp-content\/uploads\/2018\/02\/channel_snap.gif\" alt=\"\" \/><\/p>\n<p>\u00cates-vous \u00e0 la recherche d\u2019une solution de commerce \u00e9lectronique qui rend la vente de vos biens et services rapide, rentable et facile ? Si tel est le cas, la solution ChannelSnap de Systems Interactive est faite pour vous. En plus d&#039;\u00eatre un syst\u00e8me transactionnel puissant, ChannelSnap peut s&#039;int\u00e9grer \u00e0 votre infrastructure syst\u00e8me existante ou \u00e0 celle de vos fournisseurs pour faciliter la vente sur votre canal\u00a0!<\/p>\n<p>Pour plus d&#039;informations sur nos solutions de commerce \u00e9lectronique, contactez d\u00e8s aujourd&#039;hui Systems Interactive. <br \/>pas de r\u00e9p\u00e9tition\u00a0; centrer en haut\u00a0;\u00a0;<br \/>auto<\/p>\n<p><\/p>\n<h3>NOS MARQUES<\/h3>\n<p>Nos marques sont reconnues par des clients et des partenaires du monde entier.<br \/>Titre<br \/>pas de r\u00e9p\u00e9tition\u00a0; centrer en haut\u00a0;\u00a0;<br \/>auto<br \/>36px 0px 0px 0px<\/p>\n<p><img decoding=\"async\" src=\"https:\/\/corumdigital.com\/wp-content\/uploads\/2018\/02\/mediatile_logo.gif\" alt=\"mediatile_logo\" \/><br \/><a href=\"https:\/\/corumdigital.com\/fr\/mediatile\/\">https:\/\/corumdigital.com\/mediatile\/<\/a><br \/>d\u00e9sactiver<br \/>centre<\/p>\n<p><img decoding=\"async\" src=\"https:\/\/corumdigital.com\/wp-content\/uploads\/2018\/02\/firmchannel_logo.gif\" alt=\"entreprisechannel_logo\" \/><br \/><a href=\"https:\/\/corumdigital.com\/fr\/entreprisecanal\/\">https:\/\/corumdigital.com\/firmchannel\/<\/a><br \/>d\u00e9sactiver<br \/>centre<\/p>\n<p><img decoding=\"async\" src=\"https:\/\/corumdigital.com\/wp-content\/uploads\/2024\/10\/corumview-logo-footer.gif#5086\" alt=\"pied de page du logo corumview\" \/><br \/>complet<br \/><a href=\"https:\/\/corumdigital.com\/fr\/vue-corum\/\">https:\/\/corumdigital.com\/corum-view\/<\/a><br \/>d\u00e9sactiver<br \/>centre<\/p>\n<p><img decoding=\"async\" src=\"https:\/\/corumdigital.com\/wp-content\/uploads\/2019\/07\/humanKIOSK_logo2.gif\" alt=\"logo humanKIOSK\" \/><br \/><a href=\"https:\/\/corumdigital.com\/fr\/kiosque-humain\/\">https:\/\/corumdigital.com\/humankiosk\/<\/a><br \/>d\u00e9sactiver<br \/>centre<\/p>\n<p><img decoding=\"async\" src=\"https:\/\/corumdigital.com\/wp-content\/uploads\/2018\/02\/systems_interactive_logo-1.gif\" alt=\"logo_systems_interactive\" \/><br \/><a href=\"https:\/\/www.corumdigital.comhttps:\/\/corumdigital.com\/systems-interactive\/\">https:\/\/www.corumdigital.comhttps:\/\/corumdigital.com\/systems-interactive\/<\/a><br \/>d\u00e9sactiver<br \/>centre<\/p>\n<p>\\&quot;Je n&#039;arrive pas \u00e0 croire \u00e0 quel point l&#039;\u00e9quipe de Systems Interactive est efficace\u00a0! Quelle que soit la difficult\u00e9 du d\u00e9fi, ils semblent toujours trouver une solution technologique optimale \u00e0 des probl\u00e8mes informatiques autrement complexes. Non seulement ils \u00ab comprennent \u00bb, mais ils d\u00e9passent toujours les attentes en proposant des solutions et des id\u00e9es que nous n&#039;avions jamais envisag\u00e9es.\\ \u00bb<br \/>Client interactif Systems \u2013 Waterloo, Canada<\/p>\n<p>TEXTE DES SERVICES<br \/>pas de r\u00e9p\u00e9tition\u00a0; centrer en haut\u00a0;\u00a0;<br \/>auto<br \/>0px 0px 0px 0px<\/p>\n<h3>DES TECHNOLOGIES QUI ALIMENTENT LES SOLUTIONS D&#039;ENTREPRISE<\/h3>\n<p>TEXTE DES SERVICES<br \/>pas de r\u00e9p\u00e9tition\u00a0; centrer en haut\u00a0;\u00a0;<br \/>auto<br \/>0px 0px 0px 0px<\/p>","protected":false},"excerpt":{"rendered":"<p>full Building relationships between brands and their customers while driving business growth.Headingno-repeat;center top;;auto Visit Systems Interactive Websitehttps:\/\/systemsinteractive.ca\/left4none7px 7px 7px 7px#ffffff#287ec2#449fe7 SYSTEMS INTERACTIVE Web, mobile &amp; eCommerce<span class=\"excerpt-hellip\"> [\u2026]<\/span><\/p>\n","protected":false},"author":1,"featured_media":0,"parent":0,"menu_order":0,"comment_status":"closed","ping_status":"closed","template":"","meta":{"footnotes":""},"class_list":["post-1433","page","type-page","status-publish","hentry"],"yoast_head":"<!-- This site is optimized with the Yoast SEO plugin v27.4 - https:\/\/yoast.com\/product\/yoast-seo-wordpress\/ -->\n<title>systems-interactive | Corum Digital Corporation<\/title>\n<meta name=\"robots\" content=\"index, follow, max-snippet:-1, max-image-preview:large, max-video-preview:-1\" \/>\n<link rel=\"canonical\" href=\"https:\/\/corumdigital.com\/fr\/systemes-interactifs\/\" \/>\n<meta property=\"og:locale\" content=\"fr_CA\" \/>\n<meta property=\"og:type\" content=\"article\" \/>\n<meta property=\"og:title\" content=\"systems-interactive | Corum Digital Corporation\" \/>\n<meta property=\"og:description\" content=\"full Building relationships between brands and their customers while driving business growth.Headingno-repeat;center top;;auto Visit Systems Interactive Websitehttps:\/\/systemsinteractive.ca\/left4none7px 7px 7px 7px#ffffff#287ec2#449fe7 SYSTEMS INTERACTIVE Web, mobile &amp; eCommerce [\u2026]\" \/>\n<meta property=\"og:url\" content=\"https:\/\/corumdigital.com\/fr\/systemes-interactifs\/\" \/>\n<meta property=\"og:site_name\" content=\"Corum Digital Corporation\" \/>\n<meta property=\"article:publisher\" content=\"https:\/\/www.facebook.com\/corumdigitalcorp\/\" \/>\n<meta property=\"article:modified_time\" content=\"2025-02-21T14:51:51+00:00\" \/>\n<meta property=\"og:image\" content=\"https:\/\/corumdigital.com\/wp-content\/uploads\/2018\/02\/systems_interactive_wlogo_banner.png\" \/>\n<meta name=\"twitter:card\" content=\"summary_large_image\" \/>\n<meta name=\"twitter:label1\" content=\"Estimation du temps de lecture\" \/>\n\t<meta name=\"twitter:data1\" content=\"3 minutes\" \/>\n<script type=\"application\/ld+json\" class=\"yoast-schema-graph\">{\"@context\":\"https:\\\/\\\/schema.org\",\"@graph\":[{\"@type\":\"WebPage\",\"@id\":\"https:\\\/\\\/corumdigital.com\\\/systems-interactive\\\/\",\"url\":\"https:\\\/\\\/corumdigital.com\\\/systems-interactive\\\/\",\"name\":\"systems-interactive | Corum Digital Corporation\",\"isPartOf\":{\"@id\":\"https:\\\/\\\/corumdigital.com\\\/#website\"},\"primaryImageOfPage\":{\"@id\":\"https:\\\/\\\/corumdigital.com\\\/systems-interactive\\\/#primaryimage\"},\"image\":{\"@id\":\"https:\\\/\\\/corumdigital.com\\\/systems-interactive\\\/#primaryimage\"},\"thumbnailUrl\":\"https:\\\/\\\/corumdigital.com\\\/wp-content\\\/uploads\\\/2018\\\/02\\\/systems_interactive_wlogo_banner.png\",\"datePublished\":\"2018-02-13T19:01:29+00:00\",\"dateModified\":\"2025-02-21T14:51:51+00:00\",\"breadcrumb\":{\"@id\":\"https:\\\/\\\/corumdigital.com\\\/systems-interactive\\\/#breadcrumb\"},\"inLanguage\":\"fr-CA\",\"potentialAction\":[{\"@type\":\"ReadAction\",\"target\":[\"https:\\\/\\\/corumdigital.com\\\/systems-interactive\\\/\"]}]},{\"@type\":\"ImageObject\",\"inLanguage\":\"fr-CA\",\"@id\":\"https:\\\/\\\/corumdigital.com\\\/systems-interactive\\\/#primaryimage\",\"url\":\"https:\\\/\\\/corumdigital.com\\\/wp-content\\\/uploads\\\/2018\\\/02\\\/systems_interactive_wlogo_banner.png\",\"contentUrl\":\"https:\\\/\\\/corumdigital.com\\\/wp-content\\\/uploads\\\/2018\\\/02\\\/systems_interactive_wlogo_banner.png\"},{\"@type\":\"BreadcrumbList\",\"@id\":\"https:\\\/\\\/corumdigital.com\\\/systems-interactive\\\/#breadcrumb\",\"itemListElement\":[{\"@type\":\"ListItem\",\"position\":1,\"name\":\"Home\",\"item\":\"https:\\\/\\\/corumdigital.com\\\/\"},{\"@type\":\"ListItem\",\"position\":2,\"name\":\"systems-interactive\"}]},{\"@type\":\"WebSite\",\"@id\":\"https:\\\/\\\/corumdigital.com\\\/#website\",\"url\":\"https:\\\/\\\/corumdigital.com\\\/\",\"name\":\"Corum Digital Corporation\",\"description\":\"TECHNOLOGIES THAT POWER ENTERPRISE SOLUTIONS\",\"publisher\":{\"@id\":\"https:\\\/\\\/corumdigital.com\\\/#organization\"},\"potentialAction\":[{\"@type\":\"SearchAction\",\"target\":{\"@type\":\"EntryPoint\",\"urlTemplate\":\"https:\\\/\\\/corumdigital.com\\\/?s={search_term_string}\"},\"query-input\":{\"@type\":\"PropertyValueSpecification\",\"valueRequired\":true,\"valueName\":\"search_term_string\"}}],\"inLanguage\":\"fr-CA\"},{\"@type\":\"Organization\",\"@id\":\"https:\\\/\\\/corumdigital.com\\\/#organization\",\"name\":\"Corum Digital Corporation\",\"url\":\"https:\\\/\\\/corumdigital.com\\\/\",\"logo\":{\"@type\":\"ImageObject\",\"inLanguage\":\"fr-CA\",\"@id\":\"https:\\\/\\\/corumdigital.com\\\/#\\\/schema\\\/logo\\\/image\\\/\",\"url\":\"https:\\\/\\\/corumdigital.com\\\/wp-content\\\/uploads\\\/2018\\\/02\\\/corum_logo_contact.gif\",\"contentUrl\":\"https:\\\/\\\/corumdigital.com\\\/wp-content\\\/uploads\\\/2018\\\/02\\\/corum_logo_contact.gif\",\"width\":391,\"height\":103,\"caption\":\"Corum Digital Corporation\"},\"image\":{\"@id\":\"https:\\\/\\\/corumdigital.com\\\/#\\\/schema\\\/logo\\\/image\\\/\"},\"sameAs\":[\"https:\\\/\\\/www.facebook.com\\\/corumdigitalcorp\\\/\"]}]}<\/script>\n<!-- \/ Yoast SEO plugin. -->","yoast_head_json":{"title":"syst\u00e8mes interactifs | Corum Digital Corporation","robots":{"index":"index","follow":"follow","max-snippet":"max-snippet:-1","max-image-preview":"max-image-preview:large","max-video-preview":"max-video-preview:-1"},"canonical":"https:\/\/corumdigital.com\/fr\/systemes-interactifs\/","og_locale":"fr_CA","og_type":"article","og_title":"systems-interactive | Corum Digital Corporation","og_description":"full Building relationships between brands and their customers while driving business growth.Headingno-repeat;center top;;auto Visit Systems Interactive Websitehttps:\/\/systemsinteractive.ca\/left4none7px 7px 7px 7px#ffffff#287ec2#449fe7 SYSTEMS INTERACTIVE Web, mobile &amp; eCommerce [\u2026]","og_url":"https:\/\/corumdigital.com\/fr\/systemes-interactifs\/","og_site_name":"Corum Digital Corporation","article_publisher":"https:\/\/www.facebook.com\/corumdigitalcorp\/","article_modified_time":"2025-02-21T14:51:51+00:00","og_image":[{"url":"https:\/\/corumdigital.com\/wp-content\/uploads\/2018\/02\/systems_interactive_wlogo_banner.png","type":"","width":"","height":""}],"twitter_card":"summary_large_image","twitter_misc":{"Estimation du temps de lecture":"3 minutes"},"schema":{"@context":"https:\/\/schema.org","@graph":[{"@type":"WebPage","@id":"https:\/\/corumdigital.com\/systems-interactive\/","url":"https:\/\/corumdigital.com\/systems-interactive\/","name":"syst\u00e8mes interactifs | Corum Digital Corporation","isPartOf":{"@id":"https:\/\/corumdigital.com\/#website"},"primaryImageOfPage":{"@id":"https:\/\/corumdigital.com\/systems-interactive\/#primaryimage"},"image":{"@id":"https:\/\/corumdigital.com\/systems-interactive\/#primaryimage"},"thumbnailUrl":"https:\/\/corumdigital.com\/wp-content\/uploads\/2018\/02\/systems_interactive_wlogo_banner.png","datePublished":"2018-02-13T19:01:29+00:00","dateModified":"2025-02-21T14:51:51+00:00","breadcrumb":{"@id":"https:\/\/corumdigital.com\/systems-interactive\/#breadcrumb"},"inLanguage":"fr-CA","potentialAction":[{"@type":"ReadAction","target":["https:\/\/corumdigital.com\/systems-interactive\/"]}]},{"@type":"ImageObject","inLanguage":"fr-CA","@id":"https:\/\/corumdigital.com\/systems-interactive\/#primaryimage","url":"https:\/\/corumdigital.com\/wp-content\/uploads\/2018\/02\/systems_interactive_wlogo_banner.png","contentUrl":"https:\/\/corumdigital.com\/wp-content\/uploads\/2018\/02\/systems_interactive_wlogo_banner.png"},{"@type":"BreadcrumbList","@id":"https:\/\/corumdigital.com\/systems-interactive\/#breadcrumb","itemListElement":[{"@type":"ListItem","position":1,"name":"Home","item":"https:\/\/corumdigital.com\/"},{"@type":"ListItem","position":2,"name":"systems-interactive"}]},{"@type":"WebSite","@id":"https:\/\/corumdigital.com\/#website","url":"https:\/\/corumdigital.com\/","name":"Corum Digital Corporation","description":"DES TECHNOLOGIES QUI ALIMENTENT LES SOLUTIONS D&#039;ENTREPRISE","publisher":{"@id":"https:\/\/corumdigital.com\/#organization"},"potentialAction":[{"@type":"SearchAction","target":{"@type":"EntryPoint","urlTemplate":"https:\/\/corumdigital.com\/?s={search_term_string}"},"query-input":{"@type":"PropertyValueSpecification","valueRequired":true,"valueName":"search_term_string"}}],"inLanguage":"fr-CA"},{"@type":"Organization","@id":"https:\/\/corumdigital.com\/#organization","name":"Corum Digital Corporation","url":"https:\/\/corumdigital.com\/","logo":{"@type":"ImageObject","inLanguage":"fr-CA","@id":"https:\/\/corumdigital.com\/#\/schema\/logo\/image\/","url":"https:\/\/corumdigital.com\/wp-content\/uploads\/2018\/02\/corum_logo_contact.gif","contentUrl":"https:\/\/corumdigital.com\/wp-content\/uploads\/2018\/02\/corum_logo_contact.gif","width":391,"height":103,"caption":"Corum Digital Corporation"},"image":{"@id":"https:\/\/corumdigital.com\/#\/schema\/logo\/image\/"},"sameAs":["https:\/\/www.facebook.com\/corumdigitalcorp\/"]}]}},"_links":{"self":[{"href":"https:\/\/corumdigital.com\/fr\/wp-json\/wp\/v2\/pages\/1433","targetHints":{"allow":["GET"]}}],"collection":[{"href":"https:\/\/corumdigital.com\/fr\/wp-json\/wp\/v2\/pages"}],"about":[{"href":"https:\/\/corumdigital.com\/fr\/wp-json\/wp\/v2\/types\/page"}],"author":[{"embeddable":true,"href":"https:\/\/corumdigital.com\/fr\/wp-json\/wp\/v2\/users\/1"}],"replies":[{"embeddable":true,"href":"https:\/\/corumdigital.com\/fr\/wp-json\/wp\/v2\/comments?post=1433"}],"version-history":[{"count":3,"href":"https:\/\/corumdigital.com\/fr\/wp-json\/wp\/v2\/pages\/1433\/revisions"}],"predecessor-version":[{"id":5092,"href":"https:\/\/corumdigital.com\/fr\/wp-json\/wp\/v2\/pages\/1433\/revisions\/5092"}],"wp:attachment":[{"href":"https:\/\/corumdigital.com\/fr\/wp-json\/wp\/v2\/media?parent=1433"}],"curies":[{"name":"wp","href":"https:\/\/api.w.org\/{rel}","templated":true}]}}