{"id":1634,"date":"2018-05-18T18:54:23","date_gmt":"2018-05-18T18:54:23","guid":{"rendered":"https:\/\/corumdigital.com\/?page_id=1634"},"modified":"2025-02-21T14:51:50","modified_gmt":"2025-02-21T14:51:50","slug":"kiosque-humain","status":"publish","type":"page","link":"https:\/\/corumdigital.com\/fr\/humankiosk\/","title":{"rendered":"humainKIOSK"},"content":{"rendered":"<p><img decoding=\"async\" src=\"https:\/\/corumdigital.com\/wp-content\/uploads\/2018\/05\/human_kiosk_logo_banner-1.png\" alt=\"human_kiosk_logo_banner\" \/><br \/>complet<\/p>\n<p>Ces bornes d&#039;affichage num\u00e9rique interactives peuvent \u00eatre plac\u00e9es n&#039;importe o\u00f9 pour attirer les clients et accro\u00eetre la notori\u00e9t\u00e9 de la marque.<br \/>Titre<br \/>pas de r\u00e9p\u00e9tition\u00a0; centrer en haut\u00a0;\u00a0;<br \/>auto<\/p>\n<p>Visitez le site Web de humanKIOSK<br \/><a href=\"https:\/\/humankiosk.com\/\">https:\/\/humankiosk.com\/<\/a><br \/>gauche<br \/>4<br \/>aucun<br \/>7px 7px 7px 7px<br \/>#ffffff<br \/>#287ec2<br \/>#449fe7<\/p>\n<h1>HUMANKIOSK<\/h1>\n<h2>Bornes de signalisation num\u00e9rique interactives<\/h2>\n<p>Ces kiosques contribueront \u00e0 augmenter les ventes et \u00e0 am\u00e9liorer votre exp\u00e9rience client.<\/p>\n<h2>Fonctionnement 7 jours sur 7.<\/h2>\n<p>Notre nouvelle gamme de bornes interactives est con\u00e7ue pour fonctionner 24 heures sur 24, 7 jours sur 7. Avec un design \u00e9l\u00e9gant, vous pouvez placer ces kiosques n&#039;importe o\u00f9 pour attirer les clients et accro\u00eetre la notori\u00e9t\u00e9 de la marque.<br \/>pas de r\u00e9p\u00e9tition\u00a0; centrer en haut\u00a0;\u00a0;<br \/>auto<\/p>\n<p><img decoding=\"async\" src=\"https:\/\/corumdigital.com\/wp-content\/uploads\/2018\/05\/human_kiosk_logo_social.gif\" alt=\"\" \/><\/p>\n<p>pas de r\u00e9p\u00e9tition\u00a0; centrer en haut\u00a0;\u00a0;<br \/>auto<br \/>0px 20px 20px 0px<\/p>\n<p><a href=\"https:\/\/humankiosk.com\/\" target=\"_blank\" rel=\"noopener\">humankiosk.com<\/a><br \/>\n<br \/>Ventes : 416-342-0660<br \/>\n<br \/>Assistance : 800-561-7525<\/p>\n<p><a class=\"button  button_size_2\" href=\"\"         title=\"\"><span class=\"button_label\">Bouton<\/span><\/a>\n<br \/>pas de r\u00e9p\u00e9tition\u00a0; centrer en haut\u00a0;\u00a0;<br \/>auto<br \/>0px 0px 20px 0px<\/p>\n<p><img decoding=\"async\" src=\"https:\/\/corumdigital.com\/wp-content\/uploads\/2018\/05\/human_kiosk_img.jpg\" alt=\"human_kiosk_img\" \/><\/p>\n<p><\/p>\n<h3>NOS MARQUES<\/h3>\n<p>Nos marques sont reconnues par des clients et des partenaires du monde entier.<br \/>Titre<br \/>pas de r\u00e9p\u00e9tition\u00a0; centrer en haut\u00a0;\u00a0;<br \/>auto<br \/>36px 0px 0px 0px<\/p>\n<p><img decoding=\"async\" src=\"https:\/\/corumdigital.com\/wp-content\/uploads\/2018\/02\/mediatile_logo.gif\" alt=\"mediatile_logo\" \/><br \/><a href=\"https:\/\/corumdigital.com\/fr\/mediatile\/\">https:\/\/corumdigital.com\/mediatile\/<\/a><br \/>d\u00e9sactiver<br \/>centre<\/p>\n<p><img decoding=\"async\" src=\"https:\/\/corumdigital.com\/wp-content\/uploads\/2018\/02\/firmchannel_logo.gif\" alt=\"entreprisechannel_logo\" \/><br \/><a href=\"https:\/\/corumdigital.com\/fr\/entreprisecanal\/\">https:\/\/corumdigital.com\/firmchannel\/<\/a><br \/>d\u00e9sactiver<br \/>centre<\/p>\n<p><img decoding=\"async\" src=\"https:\/\/corumdigital.com\/wp-content\/uploads\/2024\/10\/corumview-logo-footer.gif#5086\" alt=\"pied de page du logo corumview\" \/><br \/>complet<br \/><a href=\"https:\/\/corumdigital.com\/fr\/vue-corum\/\">https:\/\/corumdigital.com\/corum-view\/<\/a><br \/>d\u00e9sactiver<br \/>centre<\/p>\n<p><img decoding=\"async\" src=\"https:\/\/corumdigital.com\/wp-content\/uploads\/2019\/07\/humanKIOSK_logo2.gif\" alt=\"logo humanKIOSK\" \/><br \/><a href=\"https:\/\/corumdigital.com\/fr\/kiosque-humain\/\">https:\/\/corumdigital.com\/humankiosk\/<\/a><br \/>d\u00e9sactiver<br \/>centre<\/p>\n<p><img decoding=\"async\" src=\"https:\/\/corumdigital.com\/wp-content\/uploads\/2018\/02\/systems_interactive_logo-1.gif\" alt=\"logo_systems_interactive\" \/><br \/><a href=\"https:\/\/www.corumdigital.comhttps:\/\/corumdigital.com\/systems-interactive\/\">https:\/\/www.corumdigital.comhttps:\/\/corumdigital.com\/systems-interactive\/<\/a><br \/>d\u00e9sactiver<br \/>centre<\/p>\n<p>TEXTE DES SERVICES<br \/>pas de r\u00e9p\u00e9tition\u00a0; centrer en haut\u00a0;\u00a0;<br \/>auto<br \/>0px 0px 0px 0px<\/p>\n<h3>DES TECHNOLOGIES QUI ALIMENTENT LES SOLUTIONS D&#039;ENTREPRISE<\/h3>\n<p>TEXTE DES SERVICES<br \/>pas de r\u00e9p\u00e9tition\u00a0; centrer en haut\u00a0;\u00a0;<br \/>auto<br \/>0px 0px 0px 0px<\/p>","protected":false},"excerpt":{"rendered":"<p>full These interactive digital signage kiosks can be placed anywhere to attract customers and increase brand awareness.Headingno-repeat;center top;;auto Visit humanKIOSK Websitehttps:\/\/humankiosk.com\/left4none7px 7px 7px 7px#ffffff#287ec2#449fe7 HUMANKIOSK Interactive<span class=\"excerpt-hellip\"> [\u2026]<\/span><\/p>\n","protected":false},"author":1,"featured_media":0,"parent":0,"menu_order":0,"comment_status":"closed","ping_status":"closed","template":"","meta":{"footnotes":""},"class_list":["post-1634","page","type-page","status-publish","hentry"],"yoast_head":"<!-- This site is optimized with the Yoast SEO plugin v27.4 - https:\/\/yoast.com\/product\/yoast-seo-wordpress\/ -->\n<title>humanKIOSK | Corum Digital Corporation<\/title>\n<meta name=\"robots\" content=\"index, follow, max-snippet:-1, max-image-preview:large, max-video-preview:-1\" \/>\n<link rel=\"canonical\" href=\"https:\/\/corumdigital.com\/fr\/kiosque-humain\/\" \/>\n<meta property=\"og:locale\" content=\"fr_CA\" \/>\n<meta property=\"og:type\" content=\"article\" \/>\n<meta property=\"og:title\" content=\"humanKIOSK | Corum Digital Corporation\" \/>\n<meta property=\"og:description\" content=\"full These interactive digital signage kiosks can be placed anywhere to attract customers and increase brand awareness.Headingno-repeat;center top;;auto Visit humanKIOSK Websitehttps:\/\/humankiosk.com\/left4none7px 7px 7px 7px#ffffff#287ec2#449fe7 HUMANKIOSK Interactive [\u2026]\" \/>\n<meta property=\"og:url\" content=\"https:\/\/corumdigital.com\/fr\/kiosque-humain\/\" \/>\n<meta property=\"og:site_name\" content=\"Corum Digital Corporation\" \/>\n<meta property=\"article:publisher\" content=\"https:\/\/www.facebook.com\/corumdigitalcorp\/\" \/>\n<meta property=\"article:modified_time\" content=\"2025-02-21T14:51:50+00:00\" \/>\n<meta property=\"og:image\" content=\"https:\/\/corumdigital.com\/wp-content\/uploads\/2018\/05\/human_kiosk_logo_banner-1.png\" \/>\n<meta name=\"twitter:card\" content=\"summary_large_image\" \/>\n<meta name=\"twitter:label1\" content=\"Estimation du temps de lecture\" \/>\n\t<meta name=\"twitter:data1\" content=\"1 minute\" \/>\n<script type=\"application\/ld+json\" class=\"yoast-schema-graph\">{\"@context\":\"https:\\\/\\\/schema.org\",\"@graph\":[{\"@type\":\"WebPage\",\"@id\":\"https:\\\/\\\/corumdigital.com\\\/humankiosk\\\/\",\"url\":\"https:\\\/\\\/corumdigital.com\\\/humankiosk\\\/\",\"name\":\"humanKIOSK | Corum Digital Corporation\",\"isPartOf\":{\"@id\":\"https:\\\/\\\/corumdigital.com\\\/#website\"},\"primaryImageOfPage\":{\"@id\":\"https:\\\/\\\/corumdigital.com\\\/humankiosk\\\/#primaryimage\"},\"image\":{\"@id\":\"https:\\\/\\\/corumdigital.com\\\/humankiosk\\\/#primaryimage\"},\"thumbnailUrl\":\"https:\\\/\\\/corumdigital.com\\\/wp-content\\\/uploads\\\/2018\\\/05\\\/human_kiosk_logo_banner-1.png\",\"datePublished\":\"2018-05-18T18:54:23+00:00\",\"dateModified\":\"2025-02-21T14:51:50+00:00\",\"breadcrumb\":{\"@id\":\"https:\\\/\\\/corumdigital.com\\\/humankiosk\\\/#breadcrumb\"},\"inLanguage\":\"fr-CA\",\"potentialAction\":[{\"@type\":\"ReadAction\",\"target\":[\"https:\\\/\\\/corumdigital.com\\\/humankiosk\\\/\"]}]},{\"@type\":\"ImageObject\",\"inLanguage\":\"fr-CA\",\"@id\":\"https:\\\/\\\/corumdigital.com\\\/humankiosk\\\/#primaryimage\",\"url\":\"https:\\\/\\\/corumdigital.com\\\/wp-content\\\/uploads\\\/2018\\\/05\\\/human_kiosk_logo_banner-1.png\",\"contentUrl\":\"https:\\\/\\\/corumdigital.com\\\/wp-content\\\/uploads\\\/2018\\\/05\\\/human_kiosk_logo_banner-1.png\"},{\"@type\":\"BreadcrumbList\",\"@id\":\"https:\\\/\\\/corumdigital.com\\\/humankiosk\\\/#breadcrumb\",\"itemListElement\":[{\"@type\":\"ListItem\",\"position\":1,\"name\":\"Home\",\"item\":\"https:\\\/\\\/corumdigital.com\\\/\"},{\"@type\":\"ListItem\",\"position\":2,\"name\":\"humanKIOSK\"}]},{\"@type\":\"WebSite\",\"@id\":\"https:\\\/\\\/corumdigital.com\\\/#website\",\"url\":\"https:\\\/\\\/corumdigital.com\\\/\",\"name\":\"Corum Digital Corporation\",\"description\":\"TECHNOLOGIES THAT POWER ENTERPRISE SOLUTIONS\",\"publisher\":{\"@id\":\"https:\\\/\\\/corumdigital.com\\\/#organization\"},\"potentialAction\":[{\"@type\":\"SearchAction\",\"target\":{\"@type\":\"EntryPoint\",\"urlTemplate\":\"https:\\\/\\\/corumdigital.com\\\/?s={search_term_string}\"},\"query-input\":{\"@type\":\"PropertyValueSpecification\",\"valueRequired\":true,\"valueName\":\"search_term_string\"}}],\"inLanguage\":\"fr-CA\"},{\"@type\":\"Organization\",\"@id\":\"https:\\\/\\\/corumdigital.com\\\/#organization\",\"name\":\"Corum Digital Corporation\",\"url\":\"https:\\\/\\\/corumdigital.com\\\/\",\"logo\":{\"@type\":\"ImageObject\",\"inLanguage\":\"fr-CA\",\"@id\":\"https:\\\/\\\/corumdigital.com\\\/#\\\/schema\\\/logo\\\/image\\\/\",\"url\":\"https:\\\/\\\/corumdigital.com\\\/wp-content\\\/uploads\\\/2018\\\/02\\\/corum_logo_contact.gif\",\"contentUrl\":\"https:\\\/\\\/corumdigital.com\\\/wp-content\\\/uploads\\\/2018\\\/02\\\/corum_logo_contact.gif\",\"width\":391,\"height\":103,\"caption\":\"Corum Digital Corporation\"},\"image\":{\"@id\":\"https:\\\/\\\/corumdigital.com\\\/#\\\/schema\\\/logo\\\/image\\\/\"},\"sameAs\":[\"https:\\\/\\\/www.facebook.com\\\/corumdigitalcorp\\\/\"]}]}<\/script>\n<!-- \/ Yoast SEO plugin. -->","yoast_head_json":{"title":"humainKIOSK | Corum Digital Corporation","robots":{"index":"index","follow":"follow","max-snippet":"max-snippet:-1","max-image-preview":"max-image-preview:large","max-video-preview":"max-video-preview:-1"},"canonical":"https:\/\/corumdigital.com\/fr\/kiosque-humain\/","og_locale":"fr_CA","og_type":"article","og_title":"humanKIOSK | Corum Digital Corporation","og_description":"full These interactive digital signage kiosks can be placed anywhere to attract customers and increase brand awareness.Headingno-repeat;center top;;auto Visit humanKIOSK Websitehttps:\/\/humankiosk.com\/left4none7px 7px 7px 7px#ffffff#287ec2#449fe7 HUMANKIOSK Interactive [\u2026]","og_url":"https:\/\/corumdigital.com\/fr\/kiosque-humain\/","og_site_name":"Corum Digital Corporation","article_publisher":"https:\/\/www.facebook.com\/corumdigitalcorp\/","article_modified_time":"2025-02-21T14:51:50+00:00","og_image":[{"url":"https:\/\/corumdigital.com\/wp-content\/uploads\/2018\/05\/human_kiosk_logo_banner-1.png","type":"","width":"","height":""}],"twitter_card":"summary_large_image","twitter_misc":{"Estimation du temps de lecture":"1 minute"},"schema":{"@context":"https:\/\/schema.org","@graph":[{"@type":"WebPage","@id":"https:\/\/corumdigital.com\/humankiosk\/","url":"https:\/\/corumdigital.com\/humankiosk\/","name":"humainKIOSK | Corum Digital Corporation","isPartOf":{"@id":"https:\/\/corumdigital.com\/#website"},"primaryImageOfPage":{"@id":"https:\/\/corumdigital.com\/humankiosk\/#primaryimage"},"image":{"@id":"https:\/\/corumdigital.com\/humankiosk\/#primaryimage"},"thumbnailUrl":"https:\/\/corumdigital.com\/wp-content\/uploads\/2018\/05\/human_kiosk_logo_banner-1.png","datePublished":"2018-05-18T18:54:23+00:00","dateModified":"2025-02-21T14:51:50+00:00","breadcrumb":{"@id":"https:\/\/corumdigital.com\/humankiosk\/#breadcrumb"},"inLanguage":"fr-CA","potentialAction":[{"@type":"ReadAction","target":["https:\/\/corumdigital.com\/humankiosk\/"]}]},{"@type":"ImageObject","inLanguage":"fr-CA","@id":"https:\/\/corumdigital.com\/humankiosk\/#primaryimage","url":"https:\/\/corumdigital.com\/wp-content\/uploads\/2018\/05\/human_kiosk_logo_banner-1.png","contentUrl":"https:\/\/corumdigital.com\/wp-content\/uploads\/2018\/05\/human_kiosk_logo_banner-1.png"},{"@type":"BreadcrumbList","@id":"https:\/\/corumdigital.com\/humankiosk\/#breadcrumb","itemListElement":[{"@type":"ListItem","position":1,"name":"Home","item":"https:\/\/corumdigital.com\/"},{"@type":"ListItem","position":2,"name":"humanKIOSK"}]},{"@type":"WebSite","@id":"https:\/\/corumdigital.com\/#website","url":"https:\/\/corumdigital.com\/","name":"Corum Digital Corporation","description":"DES TECHNOLOGIES QUI ALIMENTENT LES SOLUTIONS D&#039;ENTREPRISE","publisher":{"@id":"https:\/\/corumdigital.com\/#organization"},"potentialAction":[{"@type":"SearchAction","target":{"@type":"EntryPoint","urlTemplate":"https:\/\/corumdigital.com\/?s={search_term_string}"},"query-input":{"@type":"PropertyValueSpecification","valueRequired":true,"valueName":"search_term_string"}}],"inLanguage":"fr-CA"},{"@type":"Organization","@id":"https:\/\/corumdigital.com\/#organization","name":"Corum Digital Corporation","url":"https:\/\/corumdigital.com\/","logo":{"@type":"ImageObject","inLanguage":"fr-CA","@id":"https:\/\/corumdigital.com\/#\/schema\/logo\/image\/","url":"https:\/\/corumdigital.com\/wp-content\/uploads\/2018\/02\/corum_logo_contact.gif","contentUrl":"https:\/\/corumdigital.com\/wp-content\/uploads\/2018\/02\/corum_logo_contact.gif","width":391,"height":103,"caption":"Corum Digital Corporation"},"image":{"@id":"https:\/\/corumdigital.com\/#\/schema\/logo\/image\/"},"sameAs":["https:\/\/www.facebook.com\/corumdigitalcorp\/"]}]}},"_links":{"self":[{"href":"https:\/\/corumdigital.com\/fr\/wp-json\/wp\/v2\/pages\/1634","targetHints":{"allow":["GET"]}}],"collection":[{"href":"https:\/\/corumdigital.com\/fr\/wp-json\/wp\/v2\/pages"}],"about":[{"href":"https:\/\/corumdigital.com\/fr\/wp-json\/wp\/v2\/types\/page"}],"author":[{"embeddable":true,"href":"https:\/\/corumdigital.com\/fr\/wp-json\/wp\/v2\/users\/1"}],"replies":[{"embeddable":true,"href":"https:\/\/corumdigital.com\/fr\/wp-json\/wp\/v2\/comments?post=1634"}],"version-history":[{"count":3,"href":"https:\/\/corumdigital.com\/fr\/wp-json\/wp\/v2\/pages\/1634\/revisions"}],"predecessor-version":[{"id":5091,"href":"https:\/\/corumdigital.com\/fr\/wp-json\/wp\/v2\/pages\/1634\/revisions\/5091"}],"wp:attachment":[{"href":"https:\/\/corumdigital.com\/fr\/wp-json\/wp\/v2\/media?parent=1634"}],"curies":[{"name":"wp","href":"https:\/\/api.w.org\/{rel}","templated":true}]}}