{"id":440,"date":"2017-11-27T20:13:53","date_gmt":"2017-11-27T20:13:53","guid":{"rendered":"http:\/\/corumdigital.com\/?page_id=440"},"modified":"2025-02-21T14:51:50","modified_gmt":"2025-02-21T14:51:50","slug":"sensibilisation","status":"publish","type":"page","link":"https:\/\/corumdigital.com\/fr\/outreach\/","title":{"rendered":"Sensibilisation"},"content":{"rendered":"<h6>SENSIBILISATION COMMUNAUTAIRE<\/h6>\n<p>Aussi pr\u00e9cieux que nous soyons des individus, nous sommes exponentiellement plus pr\u00e9cieux lorsque nous travaillons ensemble et que nous servons notre communaut\u00e9.<br \/>\nTitre<br \/>\npas de r\u00e9p\u00e9tition\u00a0; centrer en haut\u00a0;\u00a0;<br \/>\nauto<br \/>\n140px 0px 0px 0px<\/p>\n<p><img decoding=\"async\" src=\"https:\/\/corumdigital.com\/wp-content\/uploads\/2021\/11\/nannyangelnetwork.jpg\" alt=\"r\u00e9seau nounou ange\" \/><br \/>\ncomplet<\/p>\n<p><img decoding=\"async\" src=\"https:\/\/corumdigital.com\/wp-content\/uploads\/2021\/11\/nanny-angle-logo.jpg\" alt=\"logo angle nounou\" \/><\/p>\n<h3>R\u00c9SEAU NANNY ANGEL<\/h3>\n<p>Pour le mois de sensibilisation au cancer du sein 2021, Corum Digital s&#039;est associ\u00e9 \u00e0 <a href=\"https:\/\/nannyangelnetwork.com\/\" target=\"_blank\" rel=\"noopener\">R\u00e9seau des anges nounou<\/a> (NAN) pour soutenir les m\u00e8res atteintes de cancer et leurs enfants dans la r\u00e9gion du Grand Toronto et de Kingston. La fondatrice Audrey Guth a expliqu\u00e9 avec notre \u00e9quipe comment son propre parcours de survivante du cancer du sein l&#039;a inspir\u00e9e \u00e0 fournir des ressources et des soins sp\u00e9cialis\u00e9s aux m\u00e8res diagnostiqu\u00e9es avec un cancer et \u00e0 leurs enfants. Pour chaque dollar collect\u00e9 par l&#039;\u00e9quipe, Corum Digital s&#039;est engag\u00e9 \u00e0 verser une contribution d&#039;entreprise de 2\u00a0:\u00a01, cr\u00e9ant ainsi un impact de don multipli\u00e9 par 3.<\/p>\n<p>\u00ab Nous avons la vision d\u2019un monde dans lequel les m\u00e8res dans le besoin ne se sentent plus seules pendant le traitement du cancer, mais sont r\u00e9silientes, moins stress\u00e9es et se r\u00e9tablissent rapidement \u00bb, dit-elle. \u00ab NAN offre d&#039;excellents soins \u00e0 la maison aux jeunes enfants, les aide \u00e0 se sentir moins anxieux et leur donne la chance de partager leurs sentiments dans un environnement s\u00e9curitaire. Ensemble, nous travaillons \u00e0 cr\u00e9er une r\u00e9alit\u00e9 o\u00f9 chaque m\u00e8re atteinte de cancer re\u00e7oit les soins dont elle a besoin pour ses enfants \u2013 afin qu\u2019elle ait suffisamment de temps pour prendre soin d\u2019elle-m\u00eame. \u2013 Audrey Guth, fondatrice du NAN<\/p>\n<p>Pour devenir b\u00e9n\u00e9vole Nanny Angel : <a href=\"https:\/\/nannyangelnetwork.com\/apply\/\" target=\"_blank\" rel=\"noopener\">https:\/\/nannyangelnetwork.com\/apply\/<\/a><\/p>\n<p>Pour prendre en charge NAN\u00a0: <a href=\"https:\/\/nannyangelnetwork.com\/donate\/\" target=\"_blank\" rel=\"noopener\">https:\/\/nannyangelnetwork.com\/donate\/<\/a><br \/>\npas de r\u00e9p\u00e9tition\u00a0; centrer en haut\u00a0;\u00a0;<br \/>\nauto<br \/>\n0px 0px 0px 30px<\/p>\n<p><img decoding=\"async\" src=\"https:\/\/corumdigital.com\/wp-content\/uploads\/2020\/02\/GRD-en-GRF.png\" alt=\"\" \/><\/p>\n<h3>JOURN\u00c9E MONDIALE DU RECYCLAGE<\/h3>\n<p>L&#039;\u00e9quipe de Corum Miracles est fi\u00e8re d&#039;apporter son soutien \u00e0 The Global Recycling Foundation \u00e0 l&#039;occasion de la Journ\u00e9e mondiale du recyclage. La Global Recycling Foundation est heureuse d&#039;annoncer le th\u00e8me de la Journ\u00e9e mondiale du recyclage 2020 en tant que #RecyclingHeroes. Cela reconna\u00eetra les personnes, les lieux et les activit\u00e9s qui mettent en valeur le r\u00f4le important que joue le recyclage dans la contribution \u00e0 une plan\u00e8te \u00e9cologiquement stable et \u00e0 un avenir plus vert qui profitera \u00e0 tous. La Journ\u00e9e mondiale du recyclage a \u00e9t\u00e9 cr\u00e9\u00e9e en 2018 pour aider \u00e0 reconna\u00eetre et \u00e0 c\u00e9l\u00e9brer l&#039;importance du recyclage dans la pr\u00e9servation de nos pr\u00e9cieuses ressources primaires et la s\u00e9curisation de l&#039;avenir de notre plan\u00e8te. C&#039;est un jour pour que le monde se rassemble et donne la priorit\u00e9 \u00e0 la plan\u00e8te.<\/p>\n<p>La mission du Global Recycling Day, telle que d\u00e9finie par la Global Recycling Foundation, est double :<\/p>\n<p>Dire aux dirigeants mondiaux que le recyclage est tout simplement trop important pour ne pas \u00eatre un probl\u00e8me mondial, et qu&#039;une approche commune et concert\u00e9e du recyclage est n\u00e9cessaire de toute urgence.<\/p>\n<p>Demander aux gens \u00e0 travers la plan\u00e8te de penser aux ressources, et non aux d\u00e9chets, lorsqu&#039;il s&#039;agit des biens qui nous entourent - jusqu&#039;\u00e0 ce que cela se produise, nous n&#039;attribuerons tout simplement pas aux biens recycl\u00e9s la vraie valeur et la r\u00e9utilisation qu&#039;ils m\u00e9ritent.<\/p>\n<p>Pour en savoir plus sur la fa\u00e7on dont vous pouvez soutenir la Global Recycling Foundation, visitez : <a href=\"https:\/\/www.globalrecyclingday.com\/about\/\" target=\"_blank\" rel=\"noopener\">https:\/\/www.globalrecyclingday.com\/about\/<\/a><br \/>\npas de r\u00e9p\u00e9tition\u00a0; centrer en haut\u00a0;\u00a0;<br \/>\nauto<br \/>\n0px 0px 0px 30px<\/p>\n<p><img decoding=\"async\" src=\"https:\/\/corumdigital.com\/wp-content\/uploads\/2020\/02\/Global-Recycling-Day.jpg\" alt=\"Journ\u00e9e mondiale du recyclage\" \/><br \/>\ncomplet<\/p>\n<p><img decoding=\"async\" src=\"https:\/\/corumdigital.com\/wp-content\/uploads\/2020\/01\/bell-lets-talk.jpg\" alt=\"la cloche parlons\" \/><br \/>\ncomplet<\/p>\n<p><img decoding=\"async\" src=\"https:\/\/corumdigital.com\/wp-content\/uploads\/2020\/01\/bell-lets-talk-logo.gif\" alt=\"cloche parlons logo\" \/><\/p>\n<h3>BELL PARLONS<\/h3>\n<p>Le 29 janvier 2020, Corum Digital est fier d&#039;apporter son soutien \u00e0 l&#039;initiative Cause pour la cause de Bell Canada. D\u00e9di\u00e9e \u00e0 faire progresser la sant\u00e9 mentale au Canada, Bell Cause pour la cause favorise la sensibilisation et l&#039;action gr\u00e2ce \u00e0 une strat\u00e9gie fond\u00e9e sur 4 piliers cl\u00e9s\u00a0: lutter contre la stigmatisation, am\u00e9liorer l&#039;acc\u00e8s aux soins, soutenir la recherche de classe mondiale et donner l&#039;exemple en mati\u00e8re de sant\u00e9 mentale au travail. 86% des Canadiens ont d\u00e9clar\u00e9 qu&#039;ils sont plus conscients des probl\u00e8mes de sant\u00e9 mentale depuis le lancement de Bell Cause pour la cause.<\/p>\n<p>PETITES ACTIONS \u2013 GRAND IMPACT. Lors de la Journ\u00e9e Bell Cause pour la cause, Bell a fait un don suppl\u00e9mentaire pour les initiatives en mati\u00e8re de sant\u00e9 mentale au Canada en contribuant 5 \u00a2 pour chaque texte, appel, tweet, visionnage de vid\u00e9o sur les r\u00e9seaux sociaux et utilisation du cadre Facebook ou du filtre Snapchat applicable.<\/p>\n<p>Pour en savoir plus sur la fa\u00e7on dont vous pouvez contribuer, veuillez visiter : <a href=\"https:\/\/letstalk.bell.ca\/en\/ways-to-help\" target=\"_blank\" rel=\"noopener\">https:\/\/letstalk.bell.ca\/en\/ways-to-help<\/a><br \/>\npas de r\u00e9p\u00e9tition\u00a0; centrer en haut\u00a0;\u00a0;<br \/>\nauto<br \/>\n0px 0px 0px 30px<\/p>\n<p><img decoding=\"async\" src=\"https:\/\/corumdigital.com\/wp-content\/uploads\/2020\/01\/PinkShirtDay-logo.gif\" alt=\"LOGO de la Journ\u00e9e de la chemise rose du Fonds pour enfants CKNW\" \/><\/p>\n<h3>JOURN\u00c9E DE LA CHEMISE ROSE DU FONDS POUR ENFANTS CKNW<\/h3>\n<p>L&#039;\u00e9quipe des miracles de Corum Digital est fi\u00e8re d&#039;apporter son soutien \u00e0 la Journ\u00e9e du maillot rose. Aujourd\u2019hui un mouvement c\u00e9l\u00e9br\u00e9 dans le monde entier, la Journ\u00e9e du maillot rose a des d\u00e9buts modestes. Inspir\u00e9 par un acte de gentillesse dans une petite ville de la Nouvelle-\u00c9cosse, le CKNW Kids&#039; Fund, en collaboration avec ses partenaires Clubs Gar\u00e7ons et Filles et 980 CKNW, a eu l&#039;id\u00e9e de recueillir des fonds pour soutenir les programmes de lutte contre l&#039;intimidation. L&#039;intimidation est un probl\u00e8me majeur dans nos \u00e9coles et en ligne. Au cours du mois de f\u00e9vrier et tout au long de l&#039;ann\u00e9e, la Journ\u00e9e du chandail rose du Fonds pour enfants CKNW vise \u00e0 sensibiliser les gens \u00e0 ces enjeux et \u00e0 recueillir des fonds pour soutenir des programmes qui favorisent une saine estime de soi chez les enfants. L\u2019id\u00e9e n\u2019a fait que cro\u00eetre chaque ann\u00e9e, avec un soutien et une participation mondiaux. Des pays du monde entier organisent d\u00e9sormais leurs propres collectes de fonds contre le harc\u00e8lement. En fait, rien que l\u2019ann\u00e9e derni\u00e8re, des personnes dans pr\u00e8s de 180 pays ont partag\u00e9 leur soutien \u00e0 la Journ\u00e9e du maillot rose par le biais de publications sur les r\u00e9seaux sociaux et de dons.<\/p>\n<p>Le 26 f\u00e9vrier 2020, nous encourageons tout le monde \u00e0 faire preuve de gentillesse et \u00e0 porter du rose pour symboliser que vous ne tol\u00e9rez pas l&#039;intimidation. Pour en savoir plus sur la Journ\u00e9e de la chemise rose, veuillez visiter : <a href=\"https:\/\/www.pinkshirtday.ca\/about\" target=\"_blank\" rel=\"noopener\">https:\/\/www.pinkshirtday.ca\/about<\/a><br \/>\npas de r\u00e9p\u00e9tition\u00a0; centrer en haut\u00a0;\u00a0;<br \/>\nauto<br \/>\n0px 0px 0px 30px<\/p>\n<p><img decoding=\"async\" src=\"https:\/\/corumdigital.com\/wp-content\/uploads\/2020\/01\/PinkShirtDay.jpg\" alt=\"Journ\u00e9e du chandail rose du Fonds pour les enfants CKNW\" \/><br \/>\ncomplet<\/p>\n<p><img decoding=\"async\" src=\"https:\/\/corumdigital.com\/wp-content\/uploads\/2019\/09\/Start2Finish-1.jpg\" alt=\"Programme de sac \u00e0 dos Start2Finish\" \/><br \/>\ncomplet<\/p>\n<p><img decoding=\"async\" src=\"https:\/\/corumdigital.com\/wp-content\/uploads\/2019\/09\/Start2Finish-logo.jpg\" alt=\"Logo Start2Finish\" \/><\/p>\n<h3>PROGRAMME DE SAC \u00c0 DOS<\/h3>\n<p>L&#039;\u00e9quipe Corum Miracles est fi\u00e8re d&#039;apporter son soutien au programme Start2Finish Backpack. Il fournit des fournitures scolaires vitales \u00e0 des milliers d\u2019enfants qui commencent l\u2019ann\u00e9e scolaire sans les \u00e9l\u00e9ments essentiels. Chaque mois de septembre, Start2Finish, en coop\u00e9ration avec les conseils scolaires et les administrateurs locaux, identifie les enfants ayant les plus grands besoins dans les communaut\u00e9s \u00e0 faible revenu \u00e0 travers le pays. Le programme donne aux \u00e9tudiants les outils n\u00e9cessaires pour les aider \u00e0 \u00ab uniformiser les r\u00e8gles du jeu \u00bb et les pr\u00e9parer \u00e0 une ann\u00e9e scolaire r\u00e9ussie et au-del\u00e0. Le programme S2F Backpack distribue des sacs \u00e0 dos aux enfants les plus \u00e0 risque dans les \u00e9coles du pays.<\/p>\n<p>Pour en savoir plus sur le programme Start2Finish, veuillez visiter : <a href=\"https:\/\/www.start2finishonline.org\/backpack-program\" target=\"_blank\" rel=\"noopener\">www.start2finishonline.org\/backpack-program<\/a><br \/>\npas de r\u00e9p\u00e9tition\u00a0; centrer en haut\u00a0;\u00a0;<br \/>\nauto<br \/>\n0px 0px 0px 30px<\/p>\n<h3>SOCI\u00c9T\u00c9 CANADIENNE DU CANCER<\/h3>\n<p>Corum Digital soutient la recherche sur le cancer chez les enfants par l&#039;interm\u00e9diaire de la Soci\u00e9t\u00e9 canadienne du cancer, avec une campagne de collecte de fonds intitul\u00e9e Corum Digital Miracles.<\/p>\n<p><a href=\"http:\/\/convio.cancer.ca\/site\/TR\/IFE_ON_Event\/IFE_ON_General_?px=13089941&amp;pg=personal&amp;fr_id=25275\" target=\"_blank\" rel=\"noopener\">Soutenez-nous en aidant \u00e0 engager, \u00e9duquer et responsabiliser la recherche sur le cancer.<\/a><\/p>\n<p>En savoir plus sur le <a href=\"https:\/\/www.cancer.ca\/en\/?region=on\" target=\"_blank\" rel=\"noopener\">Soci\u00e9t\u00e9 canadienne du cancer<\/a><\/p>\n<h2>Notre mission<\/h2>\n<p>La Soci\u00e9t\u00e9 canadienne du cancer est un organisme b\u00e9n\u00e9vole national \u00e0 caract\u00e8re communautaire dont la mission est l&#039;\u00e9radication du cancer et l&#039;am\u00e9lioration de la qualit\u00e9 de vie des personnes vivant avec le cancer.<\/p>\n<h2>Ce que nous faisons<\/h2>\n<p>\u00c0 la Soci\u00e9t\u00e9 canadienne du cancer, nous nous engageons \u00e0 am\u00e9liorer et \u00e0 sauver des vies. C&#039;est pourquoi nous recherchons toujours de nouvelles fa\u00e7ons de pr\u00e9venir le cancer, de le d\u00e9tecter pr\u00e9cocement et de le traiter avec plus de succ\u00e8s. C&#039;est pourquoi nous sommes toujours pr\u00eats \u00e0 offrir aux personnes atteintes de cancer l&#039;aide et le soutien dont elles ont besoin pour mener une vie plus \u00e9panouissante.<\/p>\n<p>Nous nous distinguons des autres organismes caritatifs de lutte contre le cancer en adoptant une approche globale contre le cancer. Nous sommes \u00e9galement le seul organisme de bienfaisance national qui soutient tous les Canadiens vivant avec tous les cancers \u00e0 travers le pays.<br \/>\npas de r\u00e9p\u00e9tition\u00a0; centrer en haut\u00a0;\u00a0;<br \/>\nauto<\/p>\n<p><img decoding=\"async\" src=\"https:\/\/corumdigital.com\/wp-content\/uploads\/2019\/07\/cancer-fighter.jpg\" alt=\"Soci\u00e9t\u00e9 canadienne du cancer\" \/><br \/>\ncomplet<\/p>\n<p><img decoding=\"async\" src=\"https:\/\/corumdigital.com\/wp-content\/uploads\/2018\/02\/toy_drive.jpg\" alt=\"toy_drive\" \/><br \/>\ncomplet<\/p>\n<h3>COLLECTE DE JOUETS DES F\u00caTES<\/h3>\n<p>&nbsp;<\/p>\n<h2>Redonner l\u00e0 o\u00f9 c&#039;est le plus n\u00e9cessaire<\/h2>\n<p>Au c\u0153ur de notre responsabilit\u00e9 sociale, Corum Digital concentre ses efforts l\u00e0 o\u00f9 nous pouvons ajouter de la valeur \u00e0 nos communaut\u00e9s locales. Nous d\u00e9montrons cette valeur en investissant dans des organisations caritatives au sein de notre pays. Une grande partie de notre communaut\u00e9 est notre collecte de jouets des f\u00eates, o\u00f9 nous encourageons nos employ\u00e9s et la communaut\u00e9 \u00e0 participer en faisant don de jouets pour tous les groupes d&#039;\u00e2ge. Les jouets sont collect\u00e9s et donn\u00e9s \u00e0 la Vaughan Food Bank, o\u00f9 ils sont envoy\u00e9s aux enfants et \u00e0 leurs familles.<\/p>\n<h2>Chacune de nos initiatives permet \u00e0 nos employ\u00e9s d&#039;enrichir le bien-\u00eatre de nos communaut\u00e9s locales<\/h2>\n<p>Le b\u00e9n\u00e9volat a un impact sur la vie de nos employ\u00e9s. Cela nous donne l&#039;occasion de travailler avec des organismes de bienfaisance locaux en lesquels nous croyons et qui peuvent aider \u00e0 faire la diff\u00e9rence. Cela nous permet d&#039;ouvrir les yeux sur les situations qui nous entourent et de nous sentir reconnaissants pour les opportunit\u00e9s qui nous ont \u00e9t\u00e9 donn\u00e9es.<br \/>\npas de r\u00e9p\u00e9tition\u00a0; centrer en haut\u00a0;\u00a0;<br \/>\nauto<br \/>\n0px 0px 0px 30px<\/p>\n<h3>BANQUE ALIMENTAIRE DE VAUGHAN<\/h3>\n<p><img decoding=\"async\" src=\"https:\/\/corumdigital.com\/wp-content\/uploads\/2018\/02\/vfb_logo.gif\" alt=\"\" \/><\/p>\n<h2>Plus de 860 000 Canadiens utilisent une banque alimentaire chaque mois<\/h2>\n<p>Source: <a href=\"https:\/\/www.foodbankscanada.ca\/\" target=\"_blank\" rel=\"noopener\">Banque alimentaire canadienne<\/a><\/p>\n<p>La banque alimentaire de Vaughan a ouvert ses portes en 1995 avec pour mission de servir les r\u00e9sidents de Vaughan, y compris les agences et autres banques alimentaires de la r\u00e9gion de York. La banque alimentaire fait un travail exceptionnel dans sa grande installation pour recevoir, entreposer et trier les aliments auxquels les clients peuvent acc\u00e9der. En plus de ses b\u00e9n\u00e9voles r\u00e9guliers, la banque alimentaire utilise les programmes de b\u00e9n\u00e9volat des \u00e9coles secondaires, ainsi que le Programme des services de justice de l&#039;Ontario. Le financement de la Vaughan Food Bank est assur\u00e9 par les contributions de diverses soci\u00e9t\u00e9s.<\/p>\n<h2>Travailler ensemble pour faire la diff\u00e9rence<\/h2>\n<p>Pour en savoir plus sur la banque alimentaire de Vaughan, visitez <a href=\"http:\/\/www.vaughanfoodbank.ca\/\" target=\"_blank\" rel=\"noopener\">www.vaughanfoodbank.ca<\/a>.<br \/>\npas de r\u00e9p\u00e9tition\u00a0; centrer en haut\u00a0;\u00a0;<br \/>\nauto<\/p>\n<p><img decoding=\"async\" src=\"https:\/\/corumdigital.com\/wp-content\/uploads\/2020\/01\/VAUGHAN-FOOD-BANK.jpg\" alt=\"BANQUE ALIMENTAIRE DE VAUGHAN\" \/><br \/>\ncomplet<\/p>\n<p><img decoding=\"async\" src=\"https:\/\/corumdigital.com\/wp-content\/uploads\/2018\/02\/quote_spacer-1.gif\" alt=\"quote_spacer\" \/><br \/>\ncomplet<br \/>\ndroite<\/p>\n<p>\u00ab L&#039;\u00e9quipe de Corum Digital s&#039;est port\u00e9e volontaire pour trier et emballer de nombreux produits alimentaires du petit matin \u00e0 la fin de l&#039;apr\u00e8s-midi. Le groupe a travaill\u00e9 pour nettoyer une zone tr\u00e8s encombr\u00e9e d&#039;aliments donn\u00e9s. Un grand merci pour le travail bien fait.\u201d<br \/>\nPeter Wixson, directeur ex\u00e9cutif, Vaughan Food Bank<\/p>\n<p>TEXTE DES SERVICES<br \/>\npas de r\u00e9p\u00e9tition\u00a0; centrer en haut\u00a0;\u00a0;<br \/>\nauto<br \/>\n0px 0px 0px 0px<\/p>\n<h3>DES TECHNOLOGIES QUI ALIMENTENT LES SOLUTIONS D&#039;ENTREPRISE<\/h3>\n<p>TEXTE DES SERVICES<br \/>\npas de r\u00e9p\u00e9tition\u00a0; centrer en haut\u00a0;\u00a0;<br \/>\nauto<br \/>\n0px 0px 0px 0px<\/p>","protected":false},"excerpt":{"rendered":"<p>COMMUNITY OUTREACH As valuable as we are individuals, we are exponentially more valuable when we work together and serve our community. Heading no-repeat;center top;; auto 140px<span class=\"excerpt-hellip\"> [\u2026]<\/span><\/p>\n","protected":false},"author":1,"featured_media":0,"parent":0,"menu_order":0,"comment_status":"closed","ping_status":"closed","template":"","meta":{"footnotes":""},"class_list":["post-440","page","type-page","status-publish","hentry"],"yoast_head":"<!-- This site is optimized with the Yoast SEO plugin v27.4 - https:\/\/yoast.com\/product\/yoast-seo-wordpress\/ -->\n<title>Outreach | Corum Digital Corporation<\/title>\n<meta name=\"description\" content=\"As valuable as we are individuals, we are exponentially more valuable when we work together and serve our community.\" \/>\n<meta name=\"robots\" content=\"index, follow, max-snippet:-1, max-image-preview:large, max-video-preview:-1\" \/>\n<link rel=\"canonical\" href=\"https:\/\/corumdigital.com\/fr\/sensibilisation\/\" \/>\n<meta property=\"og:locale\" content=\"fr_CA\" \/>\n<meta property=\"og:type\" content=\"article\" \/>\n<meta property=\"og:title\" content=\"Outreach | Corum Digital Corporation\" \/>\n<meta property=\"og:description\" content=\"As valuable as we are individuals, we are exponentially more valuable when we work together and serve our community.\" \/>\n<meta property=\"og:url\" content=\"https:\/\/corumdigital.com\/fr\/sensibilisation\/\" \/>\n<meta property=\"og:site_name\" content=\"Corum Digital Corporation\" \/>\n<meta property=\"article:publisher\" content=\"https:\/\/www.facebook.com\/corumdigitalcorp\/\" \/>\n<meta property=\"article:modified_time\" content=\"2025-02-21T14:51:50+00:00\" \/>\n<meta property=\"og:image\" content=\"https:\/\/corumdigital.com\/wp-content\/uploads\/2021\/11\/nannyangelnetwork.jpg\" \/>\n<meta name=\"twitter:card\" content=\"summary_large_image\" \/>\n<meta name=\"twitter:label1\" content=\"Estimation du temps de lecture\" \/>\n\t<meta name=\"twitter:data1\" content=\"7 minutes\" \/>\n<script type=\"application\/ld+json\" class=\"yoast-schema-graph\">{\"@context\":\"https:\\\/\\\/schema.org\",\"@graph\":[{\"@type\":\"WebPage\",\"@id\":\"https:\\\/\\\/corumdigital.com\\\/outreach\\\/\",\"url\":\"https:\\\/\\\/corumdigital.com\\\/outreach\\\/\",\"name\":\"Outreach | Corum Digital Corporation\",\"isPartOf\":{\"@id\":\"https:\\\/\\\/corumdigital.com\\\/#website\"},\"primaryImageOfPage\":{\"@id\":\"https:\\\/\\\/corumdigital.com\\\/outreach\\\/#primaryimage\"},\"image\":{\"@id\":\"https:\\\/\\\/corumdigital.com\\\/outreach\\\/#primaryimage\"},\"thumbnailUrl\":\"https:\\\/\\\/corumdigital.com\\\/wp-content\\\/uploads\\\/2021\\\/11\\\/nannyangelnetwork.jpg\",\"datePublished\":\"2017-11-27T20:13:53+00:00\",\"dateModified\":\"2025-02-21T14:51:50+00:00\",\"description\":\"As valuable as we are individuals, we are exponentially more valuable when we work together and serve our community.\",\"breadcrumb\":{\"@id\":\"https:\\\/\\\/corumdigital.com\\\/outreach\\\/#breadcrumb\"},\"inLanguage\":\"fr-CA\",\"potentialAction\":[{\"@type\":\"ReadAction\",\"target\":[\"https:\\\/\\\/corumdigital.com\\\/outreach\\\/\"]}]},{\"@type\":\"ImageObject\",\"inLanguage\":\"fr-CA\",\"@id\":\"https:\\\/\\\/corumdigital.com\\\/outreach\\\/#primaryimage\",\"url\":\"https:\\\/\\\/corumdigital.com\\\/wp-content\\\/uploads\\\/2021\\\/11\\\/nannyangelnetwork.jpg\",\"contentUrl\":\"https:\\\/\\\/corumdigital.com\\\/wp-content\\\/uploads\\\/2021\\\/11\\\/nannyangelnetwork.jpg\"},{\"@type\":\"BreadcrumbList\",\"@id\":\"https:\\\/\\\/corumdigital.com\\\/outreach\\\/#breadcrumb\",\"itemListElement\":[{\"@type\":\"ListItem\",\"position\":1,\"name\":\"Home\",\"item\":\"https:\\\/\\\/corumdigital.com\\\/\"},{\"@type\":\"ListItem\",\"position\":2,\"name\":\"Outreach\"}]},{\"@type\":\"WebSite\",\"@id\":\"https:\\\/\\\/corumdigital.com\\\/#website\",\"url\":\"https:\\\/\\\/corumdigital.com\\\/\",\"name\":\"Corum Digital Corporation\",\"description\":\"TECHNOLOGIES THAT POWER ENTERPRISE SOLUTIONS\",\"publisher\":{\"@id\":\"https:\\\/\\\/corumdigital.com\\\/#organization\"},\"potentialAction\":[{\"@type\":\"SearchAction\",\"target\":{\"@type\":\"EntryPoint\",\"urlTemplate\":\"https:\\\/\\\/corumdigital.com\\\/?s={search_term_string}\"},\"query-input\":{\"@type\":\"PropertyValueSpecification\",\"valueRequired\":true,\"valueName\":\"search_term_string\"}}],\"inLanguage\":\"fr-CA\"},{\"@type\":\"Organization\",\"@id\":\"https:\\\/\\\/corumdigital.com\\\/#organization\",\"name\":\"Corum Digital Corporation\",\"url\":\"https:\\\/\\\/corumdigital.com\\\/\",\"logo\":{\"@type\":\"ImageObject\",\"inLanguage\":\"fr-CA\",\"@id\":\"https:\\\/\\\/corumdigital.com\\\/#\\\/schema\\\/logo\\\/image\\\/\",\"url\":\"https:\\\/\\\/corumdigital.com\\\/wp-content\\\/uploads\\\/2018\\\/02\\\/corum_logo_contact.gif\",\"contentUrl\":\"https:\\\/\\\/corumdigital.com\\\/wp-content\\\/uploads\\\/2018\\\/02\\\/corum_logo_contact.gif\",\"width\":391,\"height\":103,\"caption\":\"Corum Digital Corporation\"},\"image\":{\"@id\":\"https:\\\/\\\/corumdigital.com\\\/#\\\/schema\\\/logo\\\/image\\\/\"},\"sameAs\":[\"https:\\\/\\\/www.facebook.com\\\/corumdigitalcorp\\\/\"]}]}<\/script>\n<!-- \/ Yoast SEO plugin. -->","yoast_head_json":{"title":"Sensibilisation | Corum Digital Corporation","description":"Aussi pr\u00e9cieux que nous soyons des individus, nous sommes exponentiellement plus pr\u00e9cieux lorsque nous travaillons ensemble et que nous servons notre communaut\u00e9.","robots":{"index":"index","follow":"follow","max-snippet":"max-snippet:-1","max-image-preview":"max-image-preview:large","max-video-preview":"max-video-preview:-1"},"canonical":"https:\/\/corumdigital.com\/fr\/sensibilisation\/","og_locale":"fr_CA","og_type":"article","og_title":"Outreach | Corum Digital Corporation","og_description":"As valuable as we are individuals, we are exponentially more valuable when we work together and serve our community.","og_url":"https:\/\/corumdigital.com\/fr\/sensibilisation\/","og_site_name":"Corum Digital Corporation","article_publisher":"https:\/\/www.facebook.com\/corumdigitalcorp\/","article_modified_time":"2025-02-21T14:51:50+00:00","og_image":[{"url":"https:\/\/corumdigital.com\/wp-content\/uploads\/2021\/11\/nannyangelnetwork.jpg","type":"","width":"","height":""}],"twitter_card":"summary_large_image","twitter_misc":{"Estimation du temps de lecture":"7 minutes"},"schema":{"@context":"https:\/\/schema.org","@graph":[{"@type":"WebPage","@id":"https:\/\/corumdigital.com\/outreach\/","url":"https:\/\/corumdigital.com\/outreach\/","name":"Sensibilisation | Corum Digital Corporation","isPartOf":{"@id":"https:\/\/corumdigital.com\/#website"},"primaryImageOfPage":{"@id":"https:\/\/corumdigital.com\/outreach\/#primaryimage"},"image":{"@id":"https:\/\/corumdigital.com\/outreach\/#primaryimage"},"thumbnailUrl":"https:\/\/corumdigital.com\/wp-content\/uploads\/2021\/11\/nannyangelnetwork.jpg","datePublished":"2017-11-27T20:13:53+00:00","dateModified":"2025-02-21T14:51:50+00:00","description":"Aussi pr\u00e9cieux que nous soyons des individus, nous sommes exponentiellement plus pr\u00e9cieux lorsque nous travaillons ensemble et que nous servons notre communaut\u00e9.","breadcrumb":{"@id":"https:\/\/corumdigital.com\/outreach\/#breadcrumb"},"inLanguage":"fr-CA","potentialAction":[{"@type":"ReadAction","target":["https:\/\/corumdigital.com\/outreach\/"]}]},{"@type":"ImageObject","inLanguage":"fr-CA","@id":"https:\/\/corumdigital.com\/outreach\/#primaryimage","url":"https:\/\/corumdigital.com\/wp-content\/uploads\/2021\/11\/nannyangelnetwork.jpg","contentUrl":"https:\/\/corumdigital.com\/wp-content\/uploads\/2021\/11\/nannyangelnetwork.jpg"},{"@type":"BreadcrumbList","@id":"https:\/\/corumdigital.com\/outreach\/#breadcrumb","itemListElement":[{"@type":"ListItem","position":1,"name":"Home","item":"https:\/\/corumdigital.com\/"},{"@type":"ListItem","position":2,"name":"Outreach"}]},{"@type":"WebSite","@id":"https:\/\/corumdigital.com\/#website","url":"https:\/\/corumdigital.com\/","name":"Corum Digital Corporation","description":"DES TECHNOLOGIES QUI ALIMENTENT LES SOLUTIONS D&#039;ENTREPRISE","publisher":{"@id":"https:\/\/corumdigital.com\/#organization"},"potentialAction":[{"@type":"SearchAction","target":{"@type":"EntryPoint","urlTemplate":"https:\/\/corumdigital.com\/?s={search_term_string}"},"query-input":{"@type":"PropertyValueSpecification","valueRequired":true,"valueName":"search_term_string"}}],"inLanguage":"fr-CA"},{"@type":"Organization","@id":"https:\/\/corumdigital.com\/#organization","name":"Corum Digital Corporation","url":"https:\/\/corumdigital.com\/","logo":{"@type":"ImageObject","inLanguage":"fr-CA","@id":"https:\/\/corumdigital.com\/#\/schema\/logo\/image\/","url":"https:\/\/corumdigital.com\/wp-content\/uploads\/2018\/02\/corum_logo_contact.gif","contentUrl":"https:\/\/corumdigital.com\/wp-content\/uploads\/2018\/02\/corum_logo_contact.gif","width":391,"height":103,"caption":"Corum Digital Corporation"},"image":{"@id":"https:\/\/corumdigital.com\/#\/schema\/logo\/image\/"},"sameAs":["https:\/\/www.facebook.com\/corumdigitalcorp\/"]}]}},"_links":{"self":[{"href":"https:\/\/corumdigital.com\/fr\/wp-json\/wp\/v2\/pages\/440","targetHints":{"allow":["GET"]}}],"collection":[{"href":"https:\/\/corumdigital.com\/fr\/wp-json\/wp\/v2\/pages"}],"about":[{"href":"https:\/\/corumdigital.com\/fr\/wp-json\/wp\/v2\/types\/page"}],"author":[{"embeddable":true,"href":"https:\/\/corumdigital.com\/fr\/wp-json\/wp\/v2\/users\/1"}],"replies":[{"embeddable":true,"href":"https:\/\/corumdigital.com\/fr\/wp-json\/wp\/v2\/comments?post=440"}],"version-history":[{"count":16,"href":"https:\/\/corumdigital.com\/fr\/wp-json\/wp\/v2\/pages\/440\/revisions"}],"predecessor-version":[{"id":4910,"href":"https:\/\/corumdigital.com\/fr\/wp-json\/wp\/v2\/pages\/440\/revisions\/4910"}],"wp:attachment":[{"href":"https:\/\/corumdigital.com\/fr\/wp-json\/wp\/v2\/media?parent=440"}],"curies":[{"name":"wp","href":"https:\/\/api.w.org\/{rel}","templated":true}]}}