{"id":4968,"date":"2022-07-06T19:49:45","date_gmt":"2022-07-06T19:49:45","guid":{"rendered":"https:\/\/corumdigital.com\/?page_id=4968"},"modified":"2025-02-21T14:51:50","modified_gmt":"2025-02-21T14:51:50","slug":"vue-corum","status":"publish","type":"page","link":"https:\/\/corumdigital.com\/fr\/corum-view\/","title":{"rendered":"Voir Corum"},"content":{"rendered":"<p><img decoding=\"async\" src=\"https:\/\/corumdigital.com\/wp-content\/uploads\/2022\/07\/corum-view-logo.png\" alt=\"logo-corum-view\" \/><br \/>complet<\/p>\n<p>Attirez l&#039;attention de n&#039;importe quel public gr\u00e2ce aux \u00e9crans LED Direct View.<br \/>Titre<br \/>pas de r\u00e9p\u00e9tition\u00a0; centrer en haut\u00a0;\u00a0;<br \/>auto<\/p>\n<p>Visitez Corum Voir<br \/><a href=\"https:\/\/corumview.com\/\">https:\/\/corumview.com\/<\/a><br \/>gauche<br \/>4<br \/>aucun<br \/>7px 7px 7px 7px<br \/>#ffffff<br \/>#287ec2<br \/>#449fe7<\/p>\n<h1>VUE CORUM<\/h1>\n<h2>Affichages LED \u00e0 vue directe<\/h2>\n<p>Nos \u00e9crans LED Direct View inspirent une communication visuelle plus percutante, dans les environnements int\u00e9rieurs et ext\u00e9rieurs. Nous cr\u00e9ons des murs vid\u00e9o LED homog\u00e8nes avec des couleurs brillantes, des images nettes et des configurations pratiquement infinies. Les \u00e9crans LED Corum View Direct View sont parfaits pour la signalisation num\u00e9rique, les communications d&#039;entreprise, la diffusion et les grands sites, dans des environnements tels que les a\u00e9roports, les centres commerciaux, les stades, les sites sportifs, les panneaux d&#039;affichage, les h\u00f4pitaux, les si\u00e8ges sociaux et bien plus encore.<\/p>\n<h2>Services d&#039;affichage \u00e0 LED cl\u00e9 en main<\/h2>\n<p>Nos experts Corum View con\u00e7oivent des solutions d&#039;affichage LED compl\u00e8tes de bout en bout. Dans le cadre de nos services d&#039;affichage LED cl\u00e9 en main, Corum View propose \u00e9galement des services d&#039;installation, de cr\u00e9ation et de d\u00e9veloppement de logiciels personnalis\u00e9s pour garantir une exp\u00e9rience d&#039;affichage num\u00e9rique exceptionnelle.Vous avez un projet d&#039;affichage LED ?<a href=\"https:\/\/corumview.com\/\">Visitez Corum Voir<\/a> et r\u00e9servez un appel avec un expert pour recevoir une solution d&#039;affichage num\u00e9rique personnalis\u00e9e, sans obligation ni frais.<br \/>pas de r\u00e9p\u00e9tition\u00a0; centrer en haut\u00a0;\u00a0;<br \/>auto<\/p>\n<p><img decoding=\"async\" src=\"https:\/\/corumdigital.com\/wp-content\/uploads\/2022\/07\/cv-logo.jpg\" alt=\"cv-logo\" \/><br \/>complet<br \/><a href=\"https:\/\/corumview.com\/\">https:\/\/corumview.com\/<\/a><br \/>d\u00e9sactiver<\/p>\n<p><a href=\"https:\/\/corumview.com\/\" target=\"_blank\" rel=\"noopener\">corumview.com<\/a><br \/>\n<br \/>Ventes : 888-342-3010<br \/>\n<br \/>Assistance : 888-342-6667<\/p>\n<p><a class=\"button  button_size_2\" href=\"\"         title=\"\"><span class=\"button_label\">Bouton<\/span><\/a>\n<br \/>pas de r\u00e9p\u00e9tition\u00a0; centrer en haut\u00a0;\u00a0;<br \/>auto<br \/>0px 0px 20px 0px<\/p>\n<p><img decoding=\"async\" src=\"https:\/\/corumdigital.com\/wp-content\/uploads\/2022\/07\/corum-view-img.jpg\" alt=\"vue corum\" \/><br \/>complet<\/p>\n<p><\/p>\n<h3>NOS MARQUES<\/h3>\n<p>Nos marques sont reconnues par des clients et des partenaires du monde entier.<br \/>Titre<br \/>pas de r\u00e9p\u00e9tition\u00a0; centrer en haut\u00a0;\u00a0;<br \/>auto<br \/>36px 0px 0px 0px<\/p>\n<p><img decoding=\"async\" src=\"https:\/\/corumdigital.com\/wp-content\/uploads\/2018\/02\/mediatile_logo.gif\" alt=\"mediatile_logo\" \/><br \/><a href=\"https:\/\/corumdigital.com\/fr\/mediatile\/\">https:\/\/corumdigital.com\/mediatile\/<\/a><br \/>d\u00e9sactiver<br \/>centre<\/p>\n<p><img decoding=\"async\" src=\"https:\/\/corumdigital.com\/wp-content\/uploads\/2018\/02\/firmchannel_logo.gif\" alt=\"entreprisechannel_logo\" \/><br \/><a href=\"https:\/\/corumdigital.com\/fr\/entreprisecanal\/\">https:\/\/corumdigital.com\/firmchannel\/<\/a><br \/>d\u00e9sactiver<br \/>centre<\/p>\n<p><img decoding=\"async\" src=\"https:\/\/corumdigital.com\/wp-content\/uploads\/2024\/10\/corumview-logo-footer.gif#5086\" alt=\"pied de page du logo corumview\" \/><br \/>complet<br \/><a href=\"https:\/\/corumdigital.com\/fr\/vue-corum\/\">https:\/\/corumdigital.com\/corum-view\/<\/a><br \/>d\u00e9sactiver<br \/>centre<\/p>\n<p><img decoding=\"async\" src=\"https:\/\/corumdigital.com\/wp-content\/uploads\/2019\/07\/humanKIOSK_logo2.gif\" alt=\"logo humanKIOSK\" \/><br \/><a href=\"https:\/\/corumdigital.com\/fr\/kiosque-humain\/\">https:\/\/corumdigital.com\/humankiosk\/<\/a><br \/>d\u00e9sactiver<br \/>centre<\/p>\n<p><img decoding=\"async\" src=\"https:\/\/corumdigital.com\/wp-content\/uploads\/2018\/02\/systems_interactive_logo-1.gif\" alt=\"logo_systems_interactive\" \/><br \/><a href=\"https:\/\/www.corumdigital.comhttps:\/\/corumdigital.com\/systems-interactive\/\">https:\/\/www.corumdigital.comhttps:\/\/corumdigital.com\/systems-interactive\/<\/a><br \/>d\u00e9sactiver<br \/>centre<\/p>\n<p>\\&quot;En tant que contact principal et utilisateur de l&#039;affichage num\u00e9rique de notre agence\u00a0; Je ne saurais assez exprimer mon appr\u00e9ciation pour l&#039;excellent support technique fourni par votre entreprise. Le service d&#039;assistance a toujours \u00e9t\u00e9 r\u00e9actif et ponctuel lorsque j&#039;ai eu besoin d&#039;aide.\\\u201d<br \/>Client MediaTile \u2013 Oregon, \u00c9tats-Unis<\/p>\n<p>TEXTE DES SERVICES<br \/>pas de r\u00e9p\u00e9tition\u00a0; centrer en haut\u00a0;\u00a0;<br \/>auto<br \/>0px 0px 0px 0px<\/p>\n<h3>DES TECHNOLOGIES QUI ALIMENTENT LES SOLUTIONS D&#039;ENTREPRISE<\/h3>\n<p>TEXTE DES SERVICES<br \/>pas de r\u00e9p\u00e9tition\u00a0; centrer en haut\u00a0;\u00a0;<br \/>auto<br \/>0px 0px 0px 0px<\/p>","protected":false},"excerpt":{"rendered":"<p>full Command attention with any audience using Direct View LED Displays.Headingno-repeat;center top;;auto Visit Corum Viewhttps:\/\/corumview.com\/left4none7px 7px 7px 7px#ffffff#287ec2#449fe7 CORUM VIEW Direct View LED Displays Our Direct<span class=\"excerpt-hellip\"> [\u2026]<\/span><\/p>\n","protected":false},"author":1,"featured_media":0,"parent":0,"menu_order":0,"comment_status":"closed","ping_status":"closed","template":"","meta":{"footnotes":""},"class_list":["post-4968","page","type-page","status-publish","hentry"],"yoast_head":"<!-- This site is optimized with the Yoast SEO plugin v27.4 - https:\/\/yoast.com\/product\/yoast-seo-wordpress\/ -->\n<title>Corum View | Corum Digital Corporation<\/title>\n<meta name=\"description\" content=\"Corum View LED displays are perfect for Corporate Communications, Large Venues, Airports, Shopping Centers, Stadiums, Corporate Headquarters and much more.\" \/>\n<meta name=\"robots\" content=\"index, follow, max-snippet:-1, max-image-preview:large, max-video-preview:-1\" \/>\n<link rel=\"canonical\" href=\"https:\/\/corumdigital.com\/fr\/vue-corum\/\" \/>\n<meta property=\"og:locale\" content=\"fr_CA\" \/>\n<meta property=\"og:type\" content=\"article\" \/>\n<meta property=\"og:title\" content=\"Corum View | Corum Digital Corporation\" \/>\n<meta property=\"og:description\" content=\"Corum View LED displays are perfect for Corporate Communications, Large Venues, Airports, Shopping Centers, Stadiums, Corporate Headquarters and much more.\" \/>\n<meta property=\"og:url\" content=\"https:\/\/corumdigital.com\/fr\/vue-corum\/\" \/>\n<meta property=\"og:site_name\" content=\"Corum Digital Corporation\" \/>\n<meta property=\"article:publisher\" content=\"https:\/\/www.facebook.com\/corumdigitalcorp\/\" \/>\n<meta property=\"article:modified_time\" content=\"2025-02-21T14:51:50+00:00\" \/>\n<meta property=\"og:image\" content=\"https:\/\/corumdigital.com\/wp-content\/uploads\/2022\/07\/corum-view-logo.png\" \/>\n<meta name=\"twitter:card\" content=\"summary_large_image\" \/>\n<meta name=\"twitter:label1\" content=\"Estimation du temps de lecture\" \/>\n\t<meta name=\"twitter:data1\" content=\"2 minutes\" \/>\n<script type=\"application\/ld+json\" class=\"yoast-schema-graph\">{\"@context\":\"https:\\\/\\\/schema.org\",\"@graph\":[{\"@type\":\"WebPage\",\"@id\":\"https:\\\/\\\/corumdigital.com\\\/corum-view\\\/\",\"url\":\"https:\\\/\\\/corumdigital.com\\\/corum-view\\\/\",\"name\":\"Corum View | Corum Digital Corporation\",\"isPartOf\":{\"@id\":\"https:\\\/\\\/corumdigital.com\\\/#website\"},\"primaryImageOfPage\":{\"@id\":\"https:\\\/\\\/corumdigital.com\\\/corum-view\\\/#primaryimage\"},\"image\":{\"@id\":\"https:\\\/\\\/corumdigital.com\\\/corum-view\\\/#primaryimage\"},\"thumbnailUrl\":\"https:\\\/\\\/corumdigital.com\\\/wp-content\\\/uploads\\\/2022\\\/07\\\/corum-view-logo.png\",\"datePublished\":\"2022-07-06T19:49:45+00:00\",\"dateModified\":\"2025-02-21T14:51:50+00:00\",\"description\":\"Corum View LED displays are perfect for Corporate Communications, Large Venues, Airports, Shopping Centers, Stadiums, Corporate Headquarters and much more.\",\"breadcrumb\":{\"@id\":\"https:\\\/\\\/corumdigital.com\\\/corum-view\\\/#breadcrumb\"},\"inLanguage\":\"fr-CA\",\"potentialAction\":[{\"@type\":\"ReadAction\",\"target\":[\"https:\\\/\\\/corumdigital.com\\\/corum-view\\\/\"]}]},{\"@type\":\"ImageObject\",\"inLanguage\":\"fr-CA\",\"@id\":\"https:\\\/\\\/corumdigital.com\\\/corum-view\\\/#primaryimage\",\"url\":\"https:\\\/\\\/corumdigital.com\\\/wp-content\\\/uploads\\\/2022\\\/07\\\/corum-view-logo.png\",\"contentUrl\":\"https:\\\/\\\/corumdigital.com\\\/wp-content\\\/uploads\\\/2022\\\/07\\\/corum-view-logo.png\"},{\"@type\":\"BreadcrumbList\",\"@id\":\"https:\\\/\\\/corumdigital.com\\\/corum-view\\\/#breadcrumb\",\"itemListElement\":[{\"@type\":\"ListItem\",\"position\":1,\"name\":\"Home\",\"item\":\"https:\\\/\\\/corumdigital.com\\\/\"},{\"@type\":\"ListItem\",\"position\":2,\"name\":\"Corum View\"}]},{\"@type\":\"WebSite\",\"@id\":\"https:\\\/\\\/corumdigital.com\\\/#website\",\"url\":\"https:\\\/\\\/corumdigital.com\\\/\",\"name\":\"Corum Digital Corporation\",\"description\":\"TECHNOLOGIES THAT POWER ENTERPRISE SOLUTIONS\",\"publisher\":{\"@id\":\"https:\\\/\\\/corumdigital.com\\\/#organization\"},\"potentialAction\":[{\"@type\":\"SearchAction\",\"target\":{\"@type\":\"EntryPoint\",\"urlTemplate\":\"https:\\\/\\\/corumdigital.com\\\/?s={search_term_string}\"},\"query-input\":{\"@type\":\"PropertyValueSpecification\",\"valueRequired\":true,\"valueName\":\"search_term_string\"}}],\"inLanguage\":\"fr-CA\"},{\"@type\":\"Organization\",\"@id\":\"https:\\\/\\\/corumdigital.com\\\/#organization\",\"name\":\"Corum Digital Corporation\",\"url\":\"https:\\\/\\\/corumdigital.com\\\/\",\"logo\":{\"@type\":\"ImageObject\",\"inLanguage\":\"fr-CA\",\"@id\":\"https:\\\/\\\/corumdigital.com\\\/#\\\/schema\\\/logo\\\/image\\\/\",\"url\":\"https:\\\/\\\/corumdigital.com\\\/wp-content\\\/uploads\\\/2018\\\/02\\\/corum_logo_contact.gif\",\"contentUrl\":\"https:\\\/\\\/corumdigital.com\\\/wp-content\\\/uploads\\\/2018\\\/02\\\/corum_logo_contact.gif\",\"width\":391,\"height\":103,\"caption\":\"Corum Digital Corporation\"},\"image\":{\"@id\":\"https:\\\/\\\/corumdigital.com\\\/#\\\/schema\\\/logo\\\/image\\\/\"},\"sameAs\":[\"https:\\\/\\\/www.facebook.com\\\/corumdigitalcorp\\\/\"]}]}<\/script>\n<!-- \/ Yoast SEO plugin. -->","yoast_head_json":{"title":"Corum Voir | Corum Digital Corporation","description":"Les \u00e9crans LED Corum View sont parfaits pour les communications d&#039;entreprise, les grandes salles, les a\u00e9roports, les centres commerciaux, les stades, les si\u00e8ges sociaux et bien plus encore.","robots":{"index":"index","follow":"follow","max-snippet":"max-snippet:-1","max-image-preview":"max-image-preview:large","max-video-preview":"max-video-preview:-1"},"canonical":"https:\/\/corumdigital.com\/fr\/vue-corum\/","og_locale":"fr_CA","og_type":"article","og_title":"Corum View | Corum Digital Corporation","og_description":"Corum View LED displays are perfect for Corporate Communications, Large Venues, Airports, Shopping Centers, Stadiums, Corporate Headquarters and much more.","og_url":"https:\/\/corumdigital.com\/fr\/vue-corum\/","og_site_name":"Corum Digital Corporation","article_publisher":"https:\/\/www.facebook.com\/corumdigitalcorp\/","article_modified_time":"2025-02-21T14:51:50+00:00","og_image":[{"url":"https:\/\/corumdigital.com\/wp-content\/uploads\/2022\/07\/corum-view-logo.png","type":"","width":"","height":""}],"twitter_card":"summary_large_image","twitter_misc":{"Estimation du temps de lecture":"2 minutes"},"schema":{"@context":"https:\/\/schema.org","@graph":[{"@type":"WebPage","@id":"https:\/\/corumdigital.com\/corum-view\/","url":"https:\/\/corumdigital.com\/corum-view\/","name":"Corum Voir | Corum Digital Corporation","isPartOf":{"@id":"https:\/\/corumdigital.com\/#website"},"primaryImageOfPage":{"@id":"https:\/\/corumdigital.com\/corum-view\/#primaryimage"},"image":{"@id":"https:\/\/corumdigital.com\/corum-view\/#primaryimage"},"thumbnailUrl":"https:\/\/corumdigital.com\/wp-content\/uploads\/2022\/07\/corum-view-logo.png","datePublished":"2022-07-06T19:49:45+00:00","dateModified":"2025-02-21T14:51:50+00:00","description":"Les \u00e9crans LED Corum View sont parfaits pour les communications d&#039;entreprise, les grandes salles, les a\u00e9roports, les centres commerciaux, les stades, les si\u00e8ges sociaux et bien plus encore.","breadcrumb":{"@id":"https:\/\/corumdigital.com\/corum-view\/#breadcrumb"},"inLanguage":"fr-CA","potentialAction":[{"@type":"ReadAction","target":["https:\/\/corumdigital.com\/corum-view\/"]}]},{"@type":"ImageObject","inLanguage":"fr-CA","@id":"https:\/\/corumdigital.com\/corum-view\/#primaryimage","url":"https:\/\/corumdigital.com\/wp-content\/uploads\/2022\/07\/corum-view-logo.png","contentUrl":"https:\/\/corumdigital.com\/wp-content\/uploads\/2022\/07\/corum-view-logo.png"},{"@type":"BreadcrumbList","@id":"https:\/\/corumdigital.com\/corum-view\/#breadcrumb","itemListElement":[{"@type":"ListItem","position":1,"name":"Home","item":"https:\/\/corumdigital.com\/"},{"@type":"ListItem","position":2,"name":"Corum View"}]},{"@type":"WebSite","@id":"https:\/\/corumdigital.com\/#website","url":"https:\/\/corumdigital.com\/","name":"Corum Digital Corporation","description":"DES TECHNOLOGIES QUI ALIMENTENT LES SOLUTIONS D&#039;ENTREPRISE","publisher":{"@id":"https:\/\/corumdigital.com\/#organization"},"potentialAction":[{"@type":"SearchAction","target":{"@type":"EntryPoint","urlTemplate":"https:\/\/corumdigital.com\/?s={search_term_string}"},"query-input":{"@type":"PropertyValueSpecification","valueRequired":true,"valueName":"search_term_string"}}],"inLanguage":"fr-CA"},{"@type":"Organization","@id":"https:\/\/corumdigital.com\/#organization","name":"Corum Digital Corporation","url":"https:\/\/corumdigital.com\/","logo":{"@type":"ImageObject","inLanguage":"fr-CA","@id":"https:\/\/corumdigital.com\/#\/schema\/logo\/image\/","url":"https:\/\/corumdigital.com\/wp-content\/uploads\/2018\/02\/corum_logo_contact.gif","contentUrl":"https:\/\/corumdigital.com\/wp-content\/uploads\/2018\/02\/corum_logo_contact.gif","width":391,"height":103,"caption":"Corum Digital Corporation"},"image":{"@id":"https:\/\/corumdigital.com\/#\/schema\/logo\/image\/"},"sameAs":["https:\/\/www.facebook.com\/corumdigitalcorp\/"]}]}},"_links":{"self":[{"href":"https:\/\/corumdigital.com\/fr\/wp-json\/wp\/v2\/pages\/4968","targetHints":{"allow":["GET"]}}],"collection":[{"href":"https:\/\/corumdigital.com\/fr\/wp-json\/wp\/v2\/pages"}],"about":[{"href":"https:\/\/corumdigital.com\/fr\/wp-json\/wp\/v2\/types\/page"}],"author":[{"embeddable":true,"href":"https:\/\/corumdigital.com\/fr\/wp-json\/wp\/v2\/users\/1"}],"replies":[{"embeddable":true,"href":"https:\/\/corumdigital.com\/fr\/wp-json\/wp\/v2\/comments?post=4968"}],"version-history":[{"count":3,"href":"https:\/\/corumdigital.com\/fr\/wp-json\/wp\/v2\/pages\/4968\/revisions"}],"predecessor-version":[{"id":5090,"href":"https:\/\/corumdigital.com\/fr\/wp-json\/wp\/v2\/pages\/4968\/revisions\/5090"}],"wp:attachment":[{"href":"https:\/\/corumdigital.com\/fr\/wp-json\/wp\/v2\/media?parent=4968"}],"curies":[{"name":"wp","href":"https:\/\/api.w.org\/{rel}","templated":true}]}}