{"id":52,"date":"2016-03-17T08:34:59","date_gmt":"2016-03-17T08:34:59","guid":{"rendered":"http:\/\/themes.muffingroup.com\/be\/music\/?page_id=2"},"modified":"2026-02-13T19:22:23","modified_gmt":"2026-02-13T19:22:23","slug":"maison","status":"publish","type":"page","link":"https:\/\/corumdigital.com\/fr\/","title":{"rendered":"Maison"},"content":{"rendered":"<h1>R\u00e9volutionner la communication depuis 1986.<\/h1>\n<h5>L\u00e0 o\u00f9 la technologie rencontre la passion, l&#039;expertise et l&#039;innovation.<\/h5>\n<h2>\n<p>    <a href=\"https:\/\/corumdigital.com\/fr\/2026\/02\/10\/corum-digital-soc-2-type-2-certifie\/\"><br \/>\n      Corum Digital obtient la certification de s\u00e9curit\u00e9 SOC 2 Type II<br \/>\n    <\/a><\/p>\n<\/h2>\n<p>\n  Corum Digital Corporation, l&#039;organisation \u00e0 l&#039;origine de<br \/>\n  <a href=\"https:\/\/corumdigital.com\/fr\/mediatile\/\">MediaTile<\/a> et<br \/>\n  <a href=\"https:\/\/corumdigital.com\/fr\/entreprisecanal\/\">firmChannel<\/a> les plateformes d&#039;affichage num\u00e9rique, a<br \/>\n  <a href=\"https:\/\/corumdigital.com\/fr\/2026\/02\/10\/corum-digital-soc-2-type-2-certifie\/\"><br \/>\n    Obtention r\u00e9ussie de la certification SOC 2 Type II<br \/>\n  <\/a> Suite \u00e0 un audit ind\u00e9pendant n&#039;ayant r\u00e9v\u00e9l\u00e9 aucune anomalie, Corum Digital se classe parmi un groupe restreint de fournisseurs canadiens d&#039;affichage num\u00e9rique respectant cette norme de s\u00e9curit\u00e9 rigoureuse. De plus, un test d&#039;intrusion externe r\u00e9alis\u00e9 par un tiers n&#039;a mis en \u00e9vidence aucun probl\u00e8me majeur, confirmant ainsi son engagement envers la cybers\u00e9curit\u00e9 et la protection des donn\u00e9es de niveau entreprise.\n<\/p>\n<p>\n  <a href=\"https:\/\/ca.finance.yahoo.com\/news\/corum-digital-achieves-soc-2-120000569.html\" target=\"_blank\"><br \/>\n    <img decoding=\"async\" src=\"https:\/\/corumdigital.com\/wp-content\/uploads\/2025\/05\/yahoo-finance-press-release.webp#5135\" alt=\"SOC 2 Type II - Yahoo Finance\" \/><br \/>\n  <\/a>\n<\/p>\n<p><a href=\"https:\/\/corumdigital.com\/fr\/2026\/02\/10\/corum-digital-soc-2-type-2-certifie\/\" title=\"\"><img decoding=\"async\" src=\"https:\/\/corumdigital.com\/wp-content\/uploads\/2026\/02\/SOC-2-Type-II-for-Digital-Signage-seal.webp\" alt=\"Certification SOC 2 Type II pour l&#039;affichage num\u00e9rique\" \/><\/a><a href=\"https:\/\/corumdigital.com\/fr\/2026\/02\/10\/corum-digital-soc-2-type-2-certifie\/\" title=\"\">.path{fill:none;stroke:#333;stroke-miterlimit:10;stroke-width:1.5px;}<\/a><\/p>\n<h4>NOS MARQUES<\/h4>\n<p>Corum Digital Corporation est compos\u00e9e de cinq marques principales, chacune repr\u00e9sentant des services strat\u00e9giques cl\u00e9s d\u00e9di\u00e9s \u00e0 la fourniture de technologies cl\u00e9s en main qui r\u00e9solvent les d\u00e9fis de communication du monde r\u00e9el.<\/p>\n<p><a href=\"https:\/\/corumdigital.com\/fr\/mediatile\/\" title=\"\"><img decoding=\"async\" src=\"https:\/\/corumdigital.com\/wp-content\/uploads\/2018\/02\/mediatile_logo.gif\" alt=\"\" \/><\/a><a href=\"https:\/\/corumdigital.com\/fr\/mediatile\/\" title=\"\">.path{fill:none;stroke:#333;stroke-miterlimit:10;stroke-width:1.5px;}<\/a><\/p>\n<h5>Solutions d&#039;affichage num\u00e9rique expertes<\/h5>\n<p>Nous ne nous contentons pas de vendre des \u00e9crans et des logiciels. Nos experts MediaTile comprennent le message et les objectifs de nos clients afin de cr\u00e9er des solutions d&#039;affichage dynamique cr\u00e9atives, fiables et pratiques, leur permettant ainsi de communiquer plus efficacement.<\/p>\n<p><a href=\"https:\/\/mediatile.com\/\" target=\"_blank\" title=\"\">Apprendre encore plus &quot;<\/a>\n<\/p>\n<p><a href=\"https:\/\/corumdigital.com\/fr\/entreprisecanal\/\" title=\"\"><img decoding=\"async\" src=\"https:\/\/corumdigital.com\/wp-content\/uploads\/2018\/02\/firmchannel_logo.gif\" alt=\"\" \/><\/a><a href=\"https:\/\/corumdigital.com\/fr\/entreprisecanal\/\" title=\"\">.path{fill:none;stroke:#333;stroke-miterlimit:10;stroke-width:1.5px;}<\/a><\/p>\n<h5>Un r\u00e9seau d&#039;affichage num\u00e9rique d&#039;entreprise pour une meilleure communication<\/h5>\n<p>Le r\u00e9seau d&#039;affichage num\u00e9rique d&#039;entreprise bas\u00e9 sur le cloud de firmCHANNEL est l&#039;infrastructure derri\u00e8re des dizaines de milliers d&#039;affichages commerciaux dans le monde. Nos d\u00e9veloppeurs de logiciels innovent constamment dans les nouvelles technologies de notre plate-forme CMS pour plus de fonctionnalit\u00e9 et de commodit\u00e9.<\/p>\n<p><a href=\"https:\/\/firmchannel.com\/\" target=\"_blank\" title=\"\">Apprendre encore plus &quot;<\/a>\n<\/p>\n<p><a href=\"https:\/\/corumdigital.com\/fr\/vue-corum\/\" title=\"\"><img decoding=\"async\" src=\"https:\/\/corumdigital.com\/wp-content\/uploads\/2022\/07\/corumview-logo.gif\" alt=\"\" \/><\/a><a href=\"https:\/\/corumdigital.com\/fr\/vue-corum\/\" title=\"\">.path{fill:none;stroke:#333;stroke-miterlimit:10;stroke-width:1.5px;}<\/a><\/p>\n<h5>Attirez l&#039;attention de n&#039;importe quel public gr\u00e2ce aux \u00e9crans LED Direct View<\/h5>\n<p>Les \u00e9crans LED Corum View Direct View sont parfaits pour la signalisation num\u00e9rique, les communications d&#039;entreprise, la diffusion et les grands sites, dans des environnements tels que les a\u00e9roports, les centres commerciaux, les stades, les sites sportifs, les panneaux d&#039;affichage, les h\u00f4pitaux, les si\u00e8ges sociaux et bien plus encore.<\/p>\n<p><a href=\"https:\/\/corumview.com\/\" target=\"_blank\" title=\"\">Apprendre encore plus &quot;<\/a>\n<\/p>\n<p><a href=\"https:\/\/corumdigital.com\/fr\/kiosque-humain\/\" title=\"\"><img decoding=\"async\" src=\"https:\/\/corumdigital.com\/wp-content\/uploads\/2019\/07\/humanKIOSK_logo2.gif\" alt=\"logo humanKIOSK\" \/><\/a><a href=\"https:\/\/corumdigital.com\/fr\/kiosque-humain\/\" title=\"\">.path{fill:none;stroke:#333;stroke-miterlimit:10;stroke-width:1.5px;}<\/a><\/p>\n<h5>Kiosques d&#039;affichage num\u00e9rique interactifs<\/h5>\n<p>Notre nouvelle gamme de bornes interactives est con\u00e7ue pour fonctionner 24 heures sur 24, 7 jours sur 7. Avec un design \u00e9l\u00e9gant, vous pouvez placer ces kiosques n&#039;importe o\u00f9 pour attirer les clients et accro\u00eetre la notori\u00e9t\u00e9 de la marque.<\/p>\n<p><a href=\"https:\/\/humankiosk.com\/\" target=\"_blank\" title=\"\">Apprendre encore plus &quot;<\/a>\n<\/p>\n<p><a href=\"https:\/\/corumdigital.com\/fr\/systemes-interactifs\/\" title=\"\"><img decoding=\"async\" src=\"https:\/\/corumdigital.com\/wp-content\/uploads\/2018\/02\/systems_interactive_logo-1.gif\" alt=\"\" \/><\/a><a href=\"https:\/\/corumdigital.com\/fr\/systemes-interactifs\/\" title=\"\">.path{fill:none;stroke:#333;stroke-miterlimit:10;stroke-width:1.5px;}<\/a><\/p>\n<h5>Syst\u00e8mes de connaissances innovants<\/h5>\n<p>Systems Interactive est une entreprise technologique sp\u00e9cialis\u00e9e dans les syst\u00e8mes de connaissances bas\u00e9s sur le Web. Nos produits comprennent des plateformes de messagerie d&#039;entreprise et de marketing de contenu ainsi que des applications Web. <\/p>\n<p><a href=\"https:\/\/systemsinteractive.ca\/\" target=\"_blank\" title=\"\">Apprendre encore plus &quot;<\/a>\n<\/p>\n<p>\u201c Toutes nos solutions d&#039;entreprise bas\u00e9es sur le cloud sont enti\u00e8rement d\u00e9velopp\u00e9es et prises en charge en interne par des personnes exp\u00e9riment\u00e9es, passionn\u00e9es et talentueuses. \u201d<\/p>\n<p>Jens Kofoed, directeur technique<\/p>\n<h4>Approuv\u00e9 par des institutions de premier plan<\/h4>\n<p><img decoding=\"async\" src=\"https:\/\/corumdigital.com\/wp-content\/uploads\/2024\/03\/trusted-partners.jpg\" alt=\"partenaires d&#039;affichage num\u00e9rique de confiance\" \/><\/p>\n<h2>Corum Digital reconnu comme leader de l&#039;innovation par Frost &amp; Sullivan<\/h2>\n<p>Corum Digital a \u00e9t\u00e9 r\u00e9compens\u00e9 par Frost &amp; Sullivan pour ses contributions exceptionnelles \u00e0 l&#039;innovation en communication num\u00e9rique. Ce rapport met en lumi\u00e8re nos solutions innovantes, notre expertise sectorielle approfondie et notre engagement constant \u00e0 aider les organisations \u00e0 communiquer avec leurs publics de mani\u00e8re plus efficace. <a href=\"https:\/\/corumdigital.com\/fr\/2025\/05\/08\/rapport-dinnovation-de-frost-sullivan\/\">D\u00e9couvrez comment Corum Digital fa\u00e7onne l\u2019avenir de l\u2019engagement num\u00e9rique.<\/a><\/p>\n<p><img decoding=\"async\" src=\"https:\/\/corumdigital.com\/wp-content\/uploads\/2025\/05\/frost-sullivan-logo3.webp\" alt=\"logo de Frost Sullivan\" \/><\/p>\n<p><a href=\"https:\/\/corumdigital.com\/fr\/2025\/05\/08\/rapport-dinnovation-de-frost-sullivan\/\" title=\"\"><img decoding=\"async\" src=\"https:\/\/corumdigital.com\/wp-content\/uploads\/2025\/05\/read-report.webp\" alt=\"lire le rapport Frost &amp; Sullivan\" \/><\/a><a href=\"https:\/\/corumdigital.com\/fr\/2025\/05\/08\/rapport-dinnovation-de-frost-sullivan\/\" title=\"\">.path{fill:none;stroke:#333;stroke-miterlimit:10;stroke-width:1.5px;}<\/a><\/p>\n<p>&nbsp;<\/p>\n<h3>DES TECHNOLOGIES QUI ALIMENTENT LES SOLUTIONS D&#039;ENTREPRISE<\/h3>","protected":false},"excerpt":{"rendered":"<p>Revolutionizing communication since 1986. Where technology meets passion, expertise and innovation. Corum Digital Achieves SOC 2 Type II Security Certification Corum Digital Corporation, the organization behind<span class=\"excerpt-hellip\"> [\u2026]<\/span><\/p>\n","protected":false},"author":1,"featured_media":-1,"parent":0,"menu_order":0,"comment_status":"closed","ping_status":"open","template":"","meta":{"footnotes":""},"class_list":["post-52","page","type-page","status-publish","has-post-thumbnail","hentry"],"yoast_head":"<!-- This site is optimized with the Yoast SEO plugin v27.4 - https:\/\/yoast.com\/product\/yoast-seo-wordpress\/ -->\n<title>Innovative Digital Technologies | Corum Digital Corporation<\/title>\n<meta name=\"description\" content=\"Corum Digital Corporation is a technology company that focuses on creating digital technology that engages, educates and empowers audiences worldwide.\" \/>\n<meta name=\"robots\" content=\"index, follow, max-snippet:-1, max-image-preview:large, max-video-preview:-1\" \/>\n<link rel=\"canonical\" href=\"https:\/\/corumdigital.com\/fr\/\" \/>\n<meta property=\"og:locale\" content=\"fr_CA\" \/>\n<meta property=\"og:type\" content=\"article\" \/>\n<meta property=\"og:title\" content=\"Innovative Digital Technologies | Corum Digital Corporation\" \/>\n<meta property=\"og:description\" content=\"Corum Digital Corporation is a technology company that focuses on creating digital technology that engages, educates and empowers audiences worldwide.\" \/>\n<meta property=\"og:url\" content=\"https:\/\/corumdigital.com\/fr\/\" \/>\n<meta property=\"og:site_name\" content=\"Corum Digital Corporation\" \/>\n<meta property=\"article:publisher\" content=\"https:\/\/www.facebook.com\/corumdigitalcorp\/\" \/>\n<meta property=\"article:modified_time\" content=\"2026-02-13T19:22:23+00:00\" \/>\n<meta name=\"twitter:card\" content=\"summary_large_image\" \/>\n<meta name=\"twitter:label1\" content=\"Estimation du temps de lecture\" \/>\n\t<meta name=\"twitter:data1\" content=\"2 minutes\" \/>\n<script type=\"application\/ld+json\" class=\"yoast-schema-graph\">{\"@context\":\"https:\\\/\\\/schema.org\",\"@graph\":[{\"@type\":\"WebPage\",\"@id\":\"https:\\\/\\\/corumdigital.com\\\/\",\"url\":\"https:\\\/\\\/corumdigital.com\\\/\",\"name\":\"Innovative Digital Technologies | Corum Digital Corporation\",\"isPartOf\":{\"@id\":\"https:\\\/\\\/corumdigital.com\\\/#website\"},\"primaryImageOfPage\":{\"@id\":\"https:\\\/\\\/corumdigital.com\\\/#primaryimage\"},\"image\":{\"@id\":\"https:\\\/\\\/corumdigital.com\\\/#primaryimage\"},\"thumbnailUrl\":\"https:\\\/\\\/corumdigital.com\\\/wp-content\\\/uploads\\\/2025\\\/05\\\/yahoo-finance-press-release.webp#5135\",\"datePublished\":\"2016-03-17T08:34:59+00:00\",\"dateModified\":\"2026-02-13T19:22:23+00:00\",\"description\":\"Corum Digital Corporation is a technology company that focuses on creating digital technology that engages, educates and empowers audiences worldwide.\",\"breadcrumb\":{\"@id\":\"https:\\\/\\\/corumdigital.com\\\/#breadcrumb\"},\"inLanguage\":\"fr-CA\",\"potentialAction\":[{\"@type\":\"ReadAction\",\"target\":[\"https:\\\/\\\/corumdigital.com\\\/\"]}]},{\"@type\":\"ImageObject\",\"inLanguage\":\"fr-CA\",\"@id\":\"https:\\\/\\\/corumdigital.com\\\/#primaryimage\",\"url\":\"https:\\\/\\\/corumdigital.com\\\/wp-content\\\/uploads\\\/2025\\\/05\\\/yahoo-finance-press-release.webp#5135\",\"contentUrl\":\"https:\\\/\\\/corumdigital.com\\\/wp-content\\\/uploads\\\/2025\\\/05\\\/yahoo-finance-press-release.webp#5135\"},{\"@type\":\"BreadcrumbList\",\"@id\":\"https:\\\/\\\/corumdigital.com\\\/#breadcrumb\",\"itemListElement\":[{\"@type\":\"ListItem\",\"position\":1,\"name\":\"Home\",\"item\":\"https:\\\/\\\/corumdigital.com\\\/\"},{\"@type\":\"ListItem\",\"position\":2,\"name\":\"Home\"}]},{\"@type\":\"WebSite\",\"@id\":\"https:\\\/\\\/corumdigital.com\\\/#website\",\"url\":\"https:\\\/\\\/corumdigital.com\\\/\",\"name\":\"Corum Digital Corporation\",\"description\":\"TECHNOLOGIES THAT POWER ENTERPRISE SOLUTIONS\",\"publisher\":{\"@id\":\"https:\\\/\\\/corumdigital.com\\\/#organization\"},\"potentialAction\":[{\"@type\":\"SearchAction\",\"target\":{\"@type\":\"EntryPoint\",\"urlTemplate\":\"https:\\\/\\\/corumdigital.com\\\/?s={search_term_string}\"},\"query-input\":{\"@type\":\"PropertyValueSpecification\",\"valueRequired\":true,\"valueName\":\"search_term_string\"}}],\"inLanguage\":\"fr-CA\"},{\"@type\":\"Organization\",\"@id\":\"https:\\\/\\\/corumdigital.com\\\/#organization\",\"name\":\"Corum Digital Corporation\",\"url\":\"https:\\\/\\\/corumdigital.com\\\/\",\"logo\":{\"@type\":\"ImageObject\",\"inLanguage\":\"fr-CA\",\"@id\":\"https:\\\/\\\/corumdigital.com\\\/#\\\/schema\\\/logo\\\/image\\\/\",\"url\":\"https:\\\/\\\/corumdigital.com\\\/wp-content\\\/uploads\\\/2018\\\/02\\\/corum_logo_contact.gif\",\"contentUrl\":\"https:\\\/\\\/corumdigital.com\\\/wp-content\\\/uploads\\\/2018\\\/02\\\/corum_logo_contact.gif\",\"width\":391,\"height\":103,\"caption\":\"Corum Digital Corporation\"},\"image\":{\"@id\":\"https:\\\/\\\/corumdigital.com\\\/#\\\/schema\\\/logo\\\/image\\\/\"},\"sameAs\":[\"https:\\\/\\\/www.facebook.com\\\/corumdigitalcorp\\\/\"]}]}<\/script>\n<!-- \/ Yoast SEO plugin. -->","yoast_head_json":{"title":"Technologies num\u00e9riques innovantes | Corum Digital Corporation","description":"Corum Digital Corporation est une entreprise technologique qui se concentre sur la cr\u00e9ation de technologies num\u00e9riques qui engagent, \u00e9duquent et responsabilisent les publics du monde entier.","robots":{"index":"index","follow":"follow","max-snippet":"max-snippet:-1","max-image-preview":"max-image-preview:large","max-video-preview":"max-video-preview:-1"},"canonical":"https:\/\/corumdigital.com\/fr\/","og_locale":"fr_CA","og_type":"article","og_title":"Innovative Digital Technologies | Corum Digital Corporation","og_description":"Corum Digital Corporation is a technology company that focuses on creating digital technology that engages, educates and empowers audiences worldwide.","og_url":"https:\/\/corumdigital.com\/fr\/","og_site_name":"Corum Digital Corporation","article_publisher":"https:\/\/www.facebook.com\/corumdigitalcorp\/","article_modified_time":"2026-02-13T19:22:23+00:00","twitter_card":"summary_large_image","twitter_misc":{"Estimation du temps de lecture":"2 minutes"},"schema":{"@context":"https:\/\/schema.org","@graph":[{"@type":"WebPage","@id":"https:\/\/corumdigital.com\/","url":"https:\/\/corumdigital.com\/","name":"Technologies num\u00e9riques innovantes | Corum Digital Corporation","isPartOf":{"@id":"https:\/\/corumdigital.com\/#website"},"primaryImageOfPage":{"@id":"https:\/\/corumdigital.com\/#primaryimage"},"image":{"@id":"https:\/\/corumdigital.com\/#primaryimage"},"thumbnailUrl":"https:\/\/corumdigital.com\/wp-content\/uploads\/2025\/05\/yahoo-finance-press-release.webp#5135","datePublished":"2016-03-17T08:34:59+00:00","dateModified":"2026-02-13T19:22:23+00:00","description":"Corum Digital Corporation est une entreprise technologique qui se concentre sur la cr\u00e9ation de technologies num\u00e9riques qui engagent, \u00e9duquent et responsabilisent les publics du monde entier.","breadcrumb":{"@id":"https:\/\/corumdigital.com\/#breadcrumb"},"inLanguage":"fr-CA","potentialAction":[{"@type":"ReadAction","target":["https:\/\/corumdigital.com\/"]}]},{"@type":"ImageObject","inLanguage":"fr-CA","@id":"https:\/\/corumdigital.com\/#primaryimage","url":"https:\/\/corumdigital.com\/wp-content\/uploads\/2025\/05\/yahoo-finance-press-release.webp#5135","contentUrl":"https:\/\/corumdigital.com\/wp-content\/uploads\/2025\/05\/yahoo-finance-press-release.webp#5135"},{"@type":"BreadcrumbList","@id":"https:\/\/corumdigital.com\/#breadcrumb","itemListElement":[{"@type":"ListItem","position":1,"name":"Home","item":"https:\/\/corumdigital.com\/"},{"@type":"ListItem","position":2,"name":"Home"}]},{"@type":"WebSite","@id":"https:\/\/corumdigital.com\/#website","url":"https:\/\/corumdigital.com\/","name":"Corum Digital Corporation","description":"DES TECHNOLOGIES QUI ALIMENTENT LES SOLUTIONS D&#039;ENTREPRISE","publisher":{"@id":"https:\/\/corumdigital.com\/#organization"},"potentialAction":[{"@type":"SearchAction","target":{"@type":"EntryPoint","urlTemplate":"https:\/\/corumdigital.com\/?s={search_term_string}"},"query-input":{"@type":"PropertyValueSpecification","valueRequired":true,"valueName":"search_term_string"}}],"inLanguage":"fr-CA"},{"@type":"Organization","@id":"https:\/\/corumdigital.com\/#organization","name":"Corum Digital Corporation","url":"https:\/\/corumdigital.com\/","logo":{"@type":"ImageObject","inLanguage":"fr-CA","@id":"https:\/\/corumdigital.com\/#\/schema\/logo\/image\/","url":"https:\/\/corumdigital.com\/wp-content\/uploads\/2018\/02\/corum_logo_contact.gif","contentUrl":"https:\/\/corumdigital.com\/wp-content\/uploads\/2018\/02\/corum_logo_contact.gif","width":391,"height":103,"caption":"Corum Digital Corporation"},"image":{"@id":"https:\/\/corumdigital.com\/#\/schema\/logo\/image\/"},"sameAs":["https:\/\/www.facebook.com\/corumdigitalcorp\/"]}]}},"_links":{"self":[{"href":"https:\/\/corumdigital.com\/fr\/wp-json\/wp\/v2\/pages\/52","targetHints":{"allow":["GET"]}}],"collection":[{"href":"https:\/\/corumdigital.com\/fr\/wp-json\/wp\/v2\/pages"}],"about":[{"href":"https:\/\/corumdigital.com\/fr\/wp-json\/wp\/v2\/types\/page"}],"author":[{"embeddable":true,"href":"https:\/\/corumdigital.com\/fr\/wp-json\/wp\/v2\/users\/1"}],"replies":[{"embeddable":true,"href":"https:\/\/corumdigital.com\/fr\/wp-json\/wp\/v2\/comments?post=52"}],"version-history":[{"count":19,"href":"https:\/\/corumdigital.com\/fr\/wp-json\/wp\/v2\/pages\/52\/revisions"}],"predecessor-version":[{"id":5200,"href":"https:\/\/corumdigital.com\/fr\/wp-json\/wp\/v2\/pages\/52\/revisions\/5200"}],"wp:featuredmedia":[{"embeddable":true,"href":"https:\/\/corumdigital.com\/fr\/wp-json\/"}],"wp:attachment":[{"href":"https:\/\/corumdigital.com\/fr\/wp-json\/wp\/v2\/media?parent=52"}],"curies":[{"name":"wp","href":"https:\/\/api.w.org\/{rel}","templated":true}]}}