{"id":799,"date":"2017-12-07T19:37:15","date_gmt":"2017-12-07T19:37:15","guid":{"rendered":"http:\/\/corumdigital.com\/?page_id=799"},"modified":"2026-03-16T17:36:50","modified_gmt":"2026-03-16T17:36:50","slug":"carrieres","status":"publish","type":"page","link":"https:\/\/corumdigital.com\/fr\/careers\/","title":{"rendered":"Carri\u00e8res"},"content":{"rendered":"<p>Titre<\/p>\n<h6>CARRI\u00c8RES<\/h6>\n<p><h7>Faites partie d&#039;une \u00e9quipe bas\u00e9e sur la confiance, qui croit au travail d&#039;\u00e9quipe et qui pousse \u00e0 atteindre de nouveaux sommets.<\/h7><\/p>\n<p>pas de r\u00e9p\u00e9tition\u00a0; centrer en haut\u00a0;\u00a0;<\/p>\n<p>auto<\/p>\n<p>140px 0px 0px 0px<\/p>\n<h3>LAISSEZ VOTRE CARRI\u00c8RE D\u00c9COLLER<\/h3>\n<p>centre<\/p>\n<p>pas de r\u00e9p\u00e9tition\u00a0; centrer en haut\u00a0;\u00a0;<\/p>\n<p>auto<\/p>\n<h2>Une \u00e9quipe de passionn\u00e9s<\/h2>\n<p>Nous sommes une \u00e9quipe d&#039;individus passionn\u00e9s, qui se concentrent sur la communication, afin que nos clients puissent efficacement engager, \u00e9duquer et responsabiliser leur public.<\/p>\n<p>Nous savons qu&#039;une entreprise et ses produits ne sont aussi forts que l&#039;\u00e9quipe qui les soutient. C&#039;est pourquoi nous sommes toujours \u00e0 la recherche de grands talents. Si vous \u00eates pr\u00eat \u00e0 partager notre passion, \u00e0 r\u00eaver grand et \u00e0 retrousser vos manches pour y arriver, nous serions ravis d&#039;avoir de vos nouvelles\u00a0!<\/p>\n<p>pas de r\u00e9p\u00e9tition\u00a0; centrer en haut\u00a0;\u00a0;<\/p>\n<p>auto<\/p>\n<h2>Pourquoi nous choisir?<\/h2>\n<ul>\n<li>Travailler avec une \u00e9quipe formidable et passionn\u00e9e<\/li>\n<li>R\u00e9gime de soins de sant\u00e9 concurrentiel<\/li>\n<li>Des cong\u00e9s pay\u00e9s g\u00e9n\u00e9reux<\/li>\n<li>D\u00e9licieux d\u00e9jeuners barbecue<\/li>\n<li>Excellente r\u00e9mun\u00e9ration et avantages sociaux<\/li>\n<\/ul>\n<p>pas de r\u00e9p\u00e9tition\u00a0; centrer en haut\u00a0;\u00a0;<\/p>\n<p>auto<\/p>\n<p>d\u00e9faut<\/p>\n<p>d\u00e9faut<\/p>\n<p>d\u00e9faut<\/p>\n<p>d\u00e9faut<\/p>\n<h3>OUVERTURES ACTUELLES<\/h3>\n<p>pas de r\u00e9p\u00e9tition\u00a0; centrer en haut\u00a0;\u00a0;<\/p>\n<p>auto<\/p>\n<p>40px 0px 0px 0px<\/p>\n<h2><b><a class=\"_ps2id\" href=\"#Business-Development-Manager\" data-ps2id-offset=\"\">Responsable du d\u00e9veloppement commercial<\/a><\/b><\/h2>\n<h2><b><a class=\"_ps2id\" href=\"#Channel-Sales-Manager\" data-ps2id-offset=\"\">Responsable des ventes de canaux<\/a><\/b><\/h2>\n<p>pas de r\u00e9p\u00e9tition\u00a0; centrer en haut\u00a0;\u00a0;<\/p>\n<p>auto<\/p>\n<h3>LAISSEZ VOTRE CARRI\u00c8RE D\u00c9COLLER<\/h3>\n<p>centre<\/p>\n<p>pas de r\u00e9p\u00e9tition\u00a0; centrer en haut\u00a0;\u00a0;<\/p>\n<p>auto<\/p>\n<h2>Une \u00e9quipe de passionn\u00e9s<\/h2>\n<p>Nous sommes une \u00e9quipe d&#039;individus passionn\u00e9s, qui se concentrent sur la communication, afin que nos clients puissent efficacement engager, \u00e9duquer et responsabiliser leur public.<\/p>\n<p>Nous savons qu&#039;une entreprise et ses produits ne sont aussi forts que l&#039;\u00e9quipe qui les soutient. C&#039;est pourquoi nous sommes toujours \u00e0 la recherche de grands talents. Si vous \u00eates pr\u00eat \u00e0 partager notre passion, \u00e0 r\u00eaver grand et \u00e0 retrousser vos manches pour y arriver, nous serions ravis d&#039;avoir de vos nouvelles\u00a0!<\/p>\n<p>pas de r\u00e9p\u00e9tition\u00a0; centrer en haut\u00a0;\u00a0;<\/p>\n<p>auto<\/p>\n<h2>Pourquoi nous choisir?<\/h2>\n<ul>\n<li>Travailler avec une \u00e9quipe formidable et passionn\u00e9e<\/li>\n<li>R\u00e9gime de soins de sant\u00e9 concurrentiel<\/li>\n<li>Des cong\u00e9s pay\u00e9s g\u00e9n\u00e9reux<\/li>\n<li>D\u00e9licieux d\u00e9jeuners barbecue<\/li>\n<li>Excellente r\u00e9mun\u00e9ration et avantages sociaux<\/li>\n<\/ul>\n<p>pas de r\u00e9p\u00e9tition\u00a0; centrer en haut\u00a0;\u00a0;<\/p>\n<p>auto<\/p>\n<p>d\u00e9faut<\/p>\n<p>d\u00e9faut<\/p>\n<h3>OUVERTURES ACTUELLES<\/h3>\n<p>pas de r\u00e9p\u00e9tition\u00a0; centrer en haut\u00a0;\u00a0;<\/p>\n<p>auto<\/p>\n<p>40px 0px 0px 0px<\/p>\n<h2><b><a class=\"_ps2id\" href=\"#Business-Development-Manager\" data-ps2id-offset=\"\">Responsable du d\u00e9veloppement commercial<\/a><\/b><\/h2>\n<h2><b><a class=\"_ps2id\" href=\"#Channel-Sales-Manager\" data-ps2id-offset=\"\">Responsable des ventes de canaux<\/a><\/b><\/h2>\n<p>pas de r\u00e9p\u00e9tition\u00a0; centrer en haut\u00a0;\u00a0;<\/p>\n<p>auto<\/p>\n<p>d\u00e9faut<\/p>\n<p>d\u00e9faut<\/p>\n<h2><b>Responsable des ventes de canaux chez Corum Digital Corporation, firmChannel Digital Signage Solutions<\/b><\/h2>\n<p>pas de r\u00e9p\u00e9tition\u00a0; centrer en haut\u00a0;\u00a0;<\/p>\n<p>auto<\/p>\n<p>POSITION<\/p>\n<p><strong>Corum Digital Corporation est l&#039;un des principaux \u00e9diteurs de logiciels et de technologies d&#039;affichage num\u00e9rique qui \u00e9dite des logiciels de syst\u00e8me de gestion de contenu (CMS). Nous servons certains des plus grands op\u00e9rateurs de r\u00e9seaux d&#039;affichage num\u00e9rique en Am\u00e9rique du Nord, ainsi que de grandes entreprises qui utilisent nos produits pour leurs communications internes d&#039;entreprise.<\/strong><br \/>\n\u00a0<\/p>\n<h2>Est-ce toi?<\/h2>\n<ul>\n<li>D\u2019autres s\u2019extasient sur la fa\u00e7on dont vous \u00eates comp\u00e9titif et gagner vous motive.<\/li>\n<li>Vous avez probablement pratiqu\u00e9 plusieurs sports de comp\u00e9tition et avez toujours pens\u00e9 \u00e0 l\u2019\u00e9quipe.<\/li>\n<li>Vous voulez un environnement au rythme rapide et vous voulez vous amuser tout en travaillant dur<\/li>\n<li>Vous \u00eates enthousiasm\u00e9 par l&#039;id\u00e9e de travailler avec une organisation agile avec une ambiance entrepreneuriale et recherchez un endroit o\u00f9 vous pouvez faire une r\u00e9elle diff\u00e9rence.<\/li>\n<\/ul>\n<p>\u00a0<\/p>\n<h2>Si tel est le cas, parlons de la mani\u00e8re dont vous pouvez contribuer \u00e0 faire une diff\u00e9rence et vous amuser.<\/h2>\n<p>Nous recherchons un solide responsable des ventes de canaux pour rechercher et d\u00e9couvrir avec t\u00e9nacit\u00e9 des opportunit\u00e9s d&#039;entreprise dans le domaine des solutions Enterprise SaaS d&#039;affichage num\u00e9rique et de gestion de contenu. Ce poste sera ax\u00e9 sur la collaboration avec nos partenaires t\u00e9l\u00e9coms et nos partenaires de distribution au Canada et aux \u00c9tats-Unis. Le r\u00f4le n\u00e9cessitera une combinaison de qualifications de prospection et de leadership en alliance avec les repr\u00e9sentants commerciaux de nos partenaires de t\u00e9l\u00e9communications et de distribution, pour identifier et conclure des affaires en \u00e9quipe.<\/p>\n<p>Le poste de Channel Sales Manager n\u00e9cessite une exp\u00e9rience av\u00e9r\u00e9e dans la croissance des ventes bas\u00e9e sur le SaaS, ainsi que des exemples d\u00e9montrables de conduite d&#039;un client depuis la conversation initiale jusqu&#039;\u00e0 la signature d&#039;un contrat.<br \/>\n\u00a0<\/p>\n<h2>R\u00f4les et responsabilit\u00e9s:<\/h2>\n<ul>\n<li>L&#039;objectif principal est d&#039;identifier et de qualifier de mani\u00e8re agressive de nouvelles opportunit\u00e9s commerciales via nos partenaires de t\u00e9l\u00e9communications et de distribution et nos relations industrielles en Am\u00e9rique du Nord.<\/li>\n<li>Utilisez LinkedIn Sales Navigator pour d\u00e9couvrir de nouvelles relations avec des op\u00e9rateurs t\u00e9l\u00e9coms et des prospects potentiels.<\/li>\n<li>Rencontrez en personne et via des webinaires avec les repr\u00e9sentants des op\u00e9rateurs de t\u00e9l\u00e9communications et des partenaires de distribution pour \u00e9valuer les besoins et r\u00e9aliser des d\u00e9monstrations.<\/li>\n<li>Pr\u00e9parer des propositions commerciales pour les partenaires Telco et Channel int\u00e9grant des solutions clairement d\u00e9finies.<\/li>\n<li>Maintenir une ligne de communication claire sur les engagements de vente envers les clients.<\/li>\n<li>Utilisez le syst\u00e8me CRM de Corum Digital pour g\u00e9rer les listes de comptes et suivre les opportunit\u00e9s.<\/li>\n<li>Fournir des pr\u00e9visions de ventes mensuelles et trimestrielles pr\u00e9cises.<\/li>\n<li>Travailler avec le marketing pour d\u00e9velopper de nouvelles activit\u00e9s de canal.<\/li>\n<li>Interagir avec divers autres d\u00e9partements de Corum Digital, selon les besoins.<\/li>\n<\/ul>\n<p>\u00a0<\/p>\n<h2>Exigences cl\u00e9s\u00a0:<\/h2>\n<ul>\n<li>Au moins 3 ans d&#039;exp\u00e9rience en vente dans l&#039;industrie des logiciels d&#039;entreprise SaaS.<\/li>\n<li>Une exp\u00e9rience de vente via un canal ou avec des op\u00e9rateurs t\u00e9l\u00e9coms est un plus ind\u00e9niable.<\/li>\n<li>Approche commerciale tenace et cr\u00e9ative.<\/li>\n<li>Exp\u00e9rience av\u00e9r\u00e9e en d\u00e9veloppement commercial.<\/li>\n<li>Exp\u00e9rience dans des environnements de contact t\u00e9l\u00e9phonique et en face \u00e0 face.<\/li>\n<li>Capacit\u00e9 \u00e0 travailler sous pression et \u00e0 g\u00e9rer un pipeline<\/li>\n<li>Solides comp\u00e9tences en n\u00e9gociation<\/li>\n<li>Fort engagement envers les r\u00e9sultats de vente et le travail d\u2019\u00e9quipe.<\/li>\n<li>Sentiment d\u2019urgence pour atteindre les objectifs.<\/li>\n<li>Excellentes comp\u00e9tences organisationnelles et de gestion du temps, avec capacit\u00e9 \u00e0 \u00e9tablir des priorit\u00e9s.<\/li>\n<li>Entreprendre et attitude positive<\/li>\n<\/ul>\n<p>pas de r\u00e9p\u00e9tition\u00a0; centrer en haut\u00a0;\u00a0;<\/p>\n<p>auto<\/p>\n<p>EXIGENCES<\/p>\n<h2>Exigences cl\u00e9s\u00a0:<\/h2>\n<ul>\n<li>Au moins 3 ans d&#039;exp\u00e9rience en vente dans l&#039;industrie des logiciels d&#039;entreprise SaaS.<\/li>\n<li>Une exp\u00e9rience de vente via un canal ou avec des op\u00e9rateurs t\u00e9l\u00e9coms est un plus ind\u00e9niable.<\/li>\n<li>Approche commerciale tenace et cr\u00e9ative.<\/li>\n<li>Exp\u00e9rience av\u00e9r\u00e9e en d\u00e9veloppement commercial.<\/li>\n<li>Exp\u00e9rience dans des environnements de contact t\u00e9l\u00e9phonique et en face \u00e0 face.<\/li>\n<li>Capacit\u00e9 \u00e0 travailler sous pression et \u00e0 g\u00e9rer un pipeline<\/li>\n<li>Solides comp\u00e9tences en n\u00e9gociation<\/li>\n<li>Fort engagement envers les r\u00e9sultats de vente et le travail d\u2019\u00e9quipe.<\/li>\n<li>Sentiment d\u2019urgence pour atteindre les objectifs.<\/li>\n<li>Excellentes comp\u00e9tences organisationnelles et de gestion du temps, avec capacit\u00e9 \u00e0 \u00e9tablir des priorit\u00e9s.<\/li>\n<li>Entreprendre et attitude positive<\/li>\n<\/ul>\n<p><\/p>\n<h2>Qu&#039;y a-t-il pour vous ?<\/h2>\n<ul>\n<li>Structure du salaire de base et des commissions avec bonus par rapport au plan<\/li>\n<li>Commissions non plafonn\u00e9es<\/li>\n<li>Quelques opportunit\u00e9s de voyage<\/li>\n<li>Opportunit\u00e9 d&#039;aider \u00e0 acc\u00e9l\u00e9rer une entreprise dans un secteur en croissance rapide<\/li>\n<li>T\u00e9l\u00e9phone et ordinateur portable de l&#039;entreprise<\/li>\n<li>Culture d&#039;entreprise et \u00e9quipe fantastiques - y compris les journ\u00e9es d&#039;\u00e9quipe et les \u00e9v\u00e9nements communautaires de b\u00e9n\u00e9volat<\/li>\n<li>Bureau \u00e0 proximit\u00e9 du quartier anim\u00e9 de Vaughan Mills<\/li>\n<\/ul>\n<p><\/p>\n<h2>Pourquoi nous?<\/h2>\n<ul>\n<li>Nos produits et l&#039;\u00e9quipe qui les con\u00e7oit et les fabrique sont de classe mondiale.<\/li>\n<li>Nous avons des partenaires t\u00e9l\u00e9coms formidables qui ont besoin de votre expertise pour conclure des affaires.<\/li>\n<li>Les march\u00e9s des CMS\/Digital Signage et de l\u2019IoT sont \u00e9normes et en croissance chaque ann\u00e9e.<\/li>\n<li>Le potentiel est infini. Nous avons une grande traction et connaissons une croissance rapide.<\/li>\n<\/ul>\n<p>pas de r\u00e9p\u00e9tition\u00a0; centrer en haut\u00a0;\u00a0;<\/p>\n<p>auto<\/p>\n<p>Appliquer maintenant<\/p>\n<p><a href=\"https:\/\/www.indeed.ca\/cmp\/Corum-Digital-Corporation\/jobs\/Channel-Sales-Manager-92fa893691b6955b?sjdu=vQIlM60yK_PwYat7ToXhk5BmvPh-fxE4nUCx6XJAq92HuaX4PLJLTjk0im1Zjcx6EHJy-7HLTUK0HOYbUjuXWA&#038;tk=1cpum331f50oi802&#038;vjs=3\">https:\/\/www.indeed.ca\/cmp\/Corum-Digital-Corporation\/jobs\/Channel-Sales-Manager-92fa893691b6955b?sjdu=vQIlM60yK_PwYat7ToXhk5BmvPh-fxE4nUCx6XJAq92HuaX4PLJLTjk0im1Zjcx6EHJy-7HLTUK0HOYbUjuXWA&#038;tk=1cpum331f50oi802&#038;vjs=3<\/a><\/p>\n<p>centre<\/p>\n<p>gauche<\/p>\n<p>#b4b0b0<\/p>\n<p>#0a0a0a<\/p>\n<p>2<\/p>\n<p>d\u00e9faut<\/p>\n<p>d\u00e9faut<\/p>\n<p>POSITION<\/p>\n<h2><strong>Charg\u00e9 de compte des ventes d&#039;entreprise <\/strong><\/h2>\n<p>Avez-vous le sens des affaires et l&#039;amour pour les technologies innovantes pour contribuer \u00e0 faire de Corum Digital le principal fournisseur de plateformes de communication d&#039;entreprise en Am\u00e9rique du Nord\u00a0? \u00cates-vous actuellement un responsable des ventes SaaS tr\u00e8s performant, pr\u00eat \u00e0 vous lancer dans les ventes SaaS aux entreprises\u00a0? Souhaitez-vous faire partie d&#039;une \u00e9quipe s\u00e9lectionn\u00e9e dont l&#039;objectif est d&#039;accro\u00eetre l&#039;adoption de la plateforme de gestion de contenu SaaS de Corum Digital\u00a0?<\/p>\n<p>En tant que directeur de comptes d&#039;entreprise, vous aurez l&#039;opportunit\u00e9 passionnante de contribuer \u00e0 stimuler la croissance sur les principaux march\u00e9s d&#039;Am\u00e9rique du Nord. Vos responsabilit\u00e9s incluront la g\u00e9n\u00e9ration de revenus, l\u2019adoption, la vente incitative et la p\u00e9n\u00e9tration du march\u00e9 dans les comptes d\u2019entreprise. Le candidat id\u00e9al poss\u00e9dera \u00e0 la fois des connaissances en vente et en technologie qui lui permettront de mener des conversations consultatives significatives \u00e0 des niveaux \u00e9lev\u00e9s au sein de la structure de l&#039;entreprise. Vous devez \u00e9galement \u00eatre une personne entreprenante, pr\u00eate \u00e0 \u00e9laborer et \u00e0 ex\u00e9cuter un plan de couverture territoriale et \u00e0 atteindre syst\u00e9matiquement les objectifs de revenus trimestriels. Vous participerez \u00e0 des programmes de formation hebdomadaires et continus sur les produits pour vous aider \u00e0 ma\u00eetriser votre m\u00e9tier. Vous aurez droit \u00e0 un salaire de base et \u00e0 une commission non plafonn\u00e9e.<\/p>\n<p>pas de r\u00e9p\u00e9tition\u00a0; centrer en haut\u00a0;\u00a0;<\/p>\n<p>auto<\/p>\n<p>RESPONSABILIT\u00c9<\/p>\n<h2>Principales responsabilit\u00e9s<\/h2>\n<p><\/p>\n<ul>\n<li>G\u00e9n\u00e9rer des revenus et des parts de march\u00e9 sur un territoire d\u00e9fini ou un secteur vertical<\/li>\n<li>Atteindre ou d\u00e9passer les objectifs de revenus trimestriels<\/li>\n<li>Utilisez les m\u00e9thodologies de Social Selling pour construire votre pipeline (LinkedIn SalesNav)<\/li>\n<li>Suivi des leads entrants<\/li>\n<li>Pr\u00e9sentez via des d\u00e9monstrations Web quotidiennes et des d\u00e9monstrations clients en direct en personne<\/li>\n<li>Pr\u00e9senter \u00e0 de grands groupes<\/li>\n<li>Cr\u00e9er et articuler des propositions de valeur convaincantes autour de nos solutions<\/li>\n<li>Pr\u00e9parer des propositions informelles et formelles<\/li>\n<li>Pr\u00e9voir avec pr\u00e9cision les ventes des entreprises<\/li>\n<li>Journal d\u00e9taill\u00e9 des activit\u00e9s de vente dans CRM<\/li>\n<li>Maintenir un pipeline de ventes solide<\/li>\n<li>G\u00e9rer les n\u00e9gociations contractuelles<\/li>\n<li>Autonome qui g\u00e8re efficacement sa journ\u00e9e pour un potentiel de vente maximal<\/li>\n<\/ul>\n<p>pas de r\u00e9p\u00e9tition\u00a0; centrer en haut\u00a0;\u00a0;<\/p>\n<p>auto<\/p>\n<p>EXIGENCES<\/p>\n<h2>Exigences cl\u00e9s<\/h2>\n<p><\/p>\n<ul>\n<li>Au moins 3 ans d&#039;exp\u00e9rience en vente ou en d\u00e9veloppement commercial dans le domaine de la technologie\/SaaS<\/li>\n<li>Exp\u00e9rience dans l&#039;identification, le d\u00e9veloppement, la n\u00e9gociation et la conclusion d&#039;accords technologiques avec des moyennes et grandes entreprises<\/li>\n<li>Exp\u00e9rience dans le positionnement et la vente de solutions SaaS \u00e0 de nouveaux clients dans de nouveaux segments de march\u00e9<\/li>\n<li>Exp\u00e9rience dans le d\u00e9veloppement proactif des relations clients au sein d&#039;un compte tout en \u00e9largissant leur compr\u00e9hension de l&#039;activit\u00e9 du client<\/li>\n<li>Exp\u00e9rience de communication et de pr\u00e9sentation \u00e0 la haute direction<\/li>\n<li>Exp\u00e9rience de l&#039;utilisation des m\u00e9thodologies de vente sociale pour cr\u00e9er un pipeline<\/li>\n<li>Dipl\u00f4me de baccalaur\u00e9at ou exp\u00e9rience professionnelle \u00e9quivalente requise<\/li>\n<li>Un palmar\u00e8s de performances exceptionnelles<\/li>\n<li>Solides comp\u00e9tences en communication verbale et \u00e9crite<\/li>\n<\/ul>\n<p>pas de r\u00e9p\u00e9tition\u00a0; centrer en haut\u00a0;\u00a0;<\/p>\n<p>auto<\/p>\n<p>EXIGENCES<\/p>\n<h2>Pourquoi nous?<\/h2>\n<p><\/p>\n<ul>\n<li>Nos produits et l&#039;\u00e9quipe qui les con\u00e7oit et les fabrique sont de classe mondiale.<\/li>\n<li>Nous avons des partenaires de distribution formidables qui ont besoin de votre expertise pour nous aider \u00e0 conclure des affaires.<\/li>\n<li>Les march\u00e9s des CMS\/Digital Signage et de l\u2019IoT sont \u00e9normes et en croissance chaque ann\u00e9e.<\/li>\n<li>Le potentiel est infini. Nous avons une grande traction et connaissons une croissance rapide.<\/li>\n<\/ul>\n<p>pas de r\u00e9p\u00e9tition\u00a0; centrer en haut\u00a0;\u00a0;<\/p>\n<p>auto<\/p>\n<p>Appliquer maintenant<\/p>\n<p><a href=\"https:\/\/corumdigital.com\/fr\/contacts_locations\/\">https:\/\/corumdigital.com\/contact_locations\/<\/a><\/p>\n<p>gauche<\/p>\n<p>#b4b0b0<\/p>\n<p>#0a0a0a<\/p>\n<p>2<\/p>\n<p>&quot;Nous cultivons une culture de l&#039;innovation, dans laquelle nous repoussons toujours les limites pour nous assurer que la plate-forme MediaTile est quelque chose que nos clients vont devenir et non sortir.&quot;<\/p>\n<p>Amedeo Tarzia, PDG<\/p>\n<p>droite<\/p>\n<p>TEXTE DES SERVICES<\/p>\n<p>pas de r\u00e9p\u00e9tition\u00a0; centrer en haut\u00a0;\u00a0;<\/p>\n<p>auto<\/p>\n<p>0px 0px 0px 0px<\/p>\n<p>TEXTE DES SERVICES<\/p>\n<h3>DES TECHNOLOGIES QUI ALIMENTENT LES SOLUTIONS D&#039;ENTREPRISE<\/h3>\n<p>pas de r\u00e9p\u00e9tition\u00a0; centrer en haut\u00a0;\u00a0;<\/p>\n<p>auto<\/p>\n<p>0px 0px 0px 0px<\/p>","protected":false},"excerpt":{"rendered":"<p>Heading CAREERS Be part of a team that is based on trust, believes in teamwork and pushes to reach new heights. no-repeat;center top;; auto 140px 0px<span class=\"excerpt-hellip\"> [\u2026]<\/span><\/p>\n","protected":false},"author":1,"featured_media":0,"parent":0,"menu_order":0,"comment_status":"closed","ping_status":"closed","template":"","meta":{"footnotes":""},"class_list":["post-799","page","type-page","status-publish","hentry"],"yoast_head":"<!-- This site is optimized with the Yoast SEO plugin v27.4 - https:\/\/yoast.com\/product\/yoast-seo-wordpress\/ -->\n<title>Careers<\/title>\n<meta name=\"description\" content=\"Be part of a team that is based on trust, believes in teamwork and pushes to reach new heights.\" \/>\n<meta name=\"robots\" content=\"index, follow, max-snippet:-1, max-image-preview:large, max-video-preview:-1\" \/>\n<link rel=\"canonical\" href=\"https:\/\/corumdigital.com\/fr\/carrieres\/\" \/>\n<meta property=\"og:locale\" content=\"fr_CA\" \/>\n<meta property=\"og:type\" content=\"article\" \/>\n<meta property=\"og:title\" content=\"Careers\" \/>\n<meta property=\"og:description\" content=\"Be part of a team that is based on trust, believes in teamwork and pushes to reach new heights.\" \/>\n<meta property=\"og:url\" content=\"https:\/\/corumdigital.com\/fr\/carrieres\/\" \/>\n<meta property=\"og:site_name\" content=\"Corum Digital Corporation\" \/>\n<meta property=\"article:publisher\" content=\"https:\/\/www.facebook.com\/corumdigitalcorp\/\" \/>\n<meta property=\"article:modified_time\" content=\"2026-03-16T17:36:50+00:00\" \/>\n<meta name=\"twitter:card\" content=\"summary_large_image\" \/>\n<meta name=\"twitter:label1\" content=\"Estimation du temps de lecture\" \/>\n\t<meta name=\"twitter:data1\" content=\"8 minutes\" \/>\n<script type=\"application\/ld+json\" class=\"yoast-schema-graph\">{\"@context\":\"https:\\\/\\\/schema.org\",\"@graph\":[{\"@type\":\"WebPage\",\"@id\":\"https:\\\/\\\/corumdigital.com\\\/careers\\\/\",\"url\":\"https:\\\/\\\/corumdigital.com\\\/careers\\\/\",\"name\":\"Careers\",\"isPartOf\":{\"@id\":\"https:\\\/\\\/corumdigital.com\\\/#website\"},\"datePublished\":\"2017-12-07T19:37:15+00:00\",\"dateModified\":\"2026-03-16T17:36:50+00:00\",\"description\":\"Be part of a team that is based on trust, believes in teamwork and pushes to reach new heights.\",\"breadcrumb\":{\"@id\":\"https:\\\/\\\/corumdigital.com\\\/careers\\\/#breadcrumb\"},\"inLanguage\":\"fr-CA\",\"potentialAction\":[{\"@type\":\"ReadAction\",\"target\":[\"https:\\\/\\\/corumdigital.com\\\/careers\\\/\"]}]},{\"@type\":\"BreadcrumbList\",\"@id\":\"https:\\\/\\\/corumdigital.com\\\/careers\\\/#breadcrumb\",\"itemListElement\":[{\"@type\":\"ListItem\",\"position\":1,\"name\":\"Home\",\"item\":\"https:\\\/\\\/corumdigital.com\\\/\"},{\"@type\":\"ListItem\",\"position\":2,\"name\":\"Careers\"}]},{\"@type\":\"WebSite\",\"@id\":\"https:\\\/\\\/corumdigital.com\\\/#website\",\"url\":\"https:\\\/\\\/corumdigital.com\\\/\",\"name\":\"Corum Digital Corporation\",\"description\":\"TECHNOLOGIES THAT POWER ENTERPRISE SOLUTIONS\",\"publisher\":{\"@id\":\"https:\\\/\\\/corumdigital.com\\\/#organization\"},\"potentialAction\":[{\"@type\":\"SearchAction\",\"target\":{\"@type\":\"EntryPoint\",\"urlTemplate\":\"https:\\\/\\\/corumdigital.com\\\/?s={search_term_string}\"},\"query-input\":{\"@type\":\"PropertyValueSpecification\",\"valueRequired\":true,\"valueName\":\"search_term_string\"}}],\"inLanguage\":\"fr-CA\"},{\"@type\":\"Organization\",\"@id\":\"https:\\\/\\\/corumdigital.com\\\/#organization\",\"name\":\"Corum Digital Corporation\",\"url\":\"https:\\\/\\\/corumdigital.com\\\/\",\"logo\":{\"@type\":\"ImageObject\",\"inLanguage\":\"fr-CA\",\"@id\":\"https:\\\/\\\/corumdigital.com\\\/#\\\/schema\\\/logo\\\/image\\\/\",\"url\":\"https:\\\/\\\/corumdigital.com\\\/wp-content\\\/uploads\\\/2018\\\/02\\\/corum_logo_contact.gif\",\"contentUrl\":\"https:\\\/\\\/corumdigital.com\\\/wp-content\\\/uploads\\\/2018\\\/02\\\/corum_logo_contact.gif\",\"width\":391,\"height\":103,\"caption\":\"Corum Digital Corporation\"},\"image\":{\"@id\":\"https:\\\/\\\/corumdigital.com\\\/#\\\/schema\\\/logo\\\/image\\\/\"},\"sameAs\":[\"https:\\\/\\\/www.facebook.com\\\/corumdigitalcorp\\\/\"]}]}<\/script>\n<!-- \/ Yoast SEO plugin. -->","yoast_head_json":{"title":"Carri\u00e8res","description":"Faites partie d&#039;une \u00e9quipe bas\u00e9e sur la confiance, qui croit au travail d&#039;\u00e9quipe et qui pousse \u00e0 atteindre de nouveaux sommets.","robots":{"index":"index","follow":"follow","max-snippet":"max-snippet:-1","max-image-preview":"max-image-preview:large","max-video-preview":"max-video-preview:-1"},"canonical":"https:\/\/corumdigital.com\/fr\/carrieres\/","og_locale":"fr_CA","og_type":"article","og_title":"Careers","og_description":"Be part of a team that is based on trust, believes in teamwork and pushes to reach new heights.","og_url":"https:\/\/corumdigital.com\/fr\/carrieres\/","og_site_name":"Corum Digital Corporation","article_publisher":"https:\/\/www.facebook.com\/corumdigitalcorp\/","article_modified_time":"2026-03-16T17:36:50+00:00","twitter_card":"summary_large_image","twitter_misc":{"Estimation du temps de lecture":"8 minutes"},"schema":{"@context":"https:\/\/schema.org","@graph":[{"@type":"WebPage","@id":"https:\/\/corumdigital.com\/careers\/","url":"https:\/\/corumdigital.com\/careers\/","name":"Carri\u00e8res","isPartOf":{"@id":"https:\/\/corumdigital.com\/#website"},"datePublished":"2017-12-07T19:37:15+00:00","dateModified":"2026-03-16T17:36:50+00:00","description":"Faites partie d&#039;une \u00e9quipe bas\u00e9e sur la confiance, qui croit au travail d&#039;\u00e9quipe et qui pousse \u00e0 atteindre de nouveaux sommets.","breadcrumb":{"@id":"https:\/\/corumdigital.com\/careers\/#breadcrumb"},"inLanguage":"fr-CA","potentialAction":[{"@type":"ReadAction","target":["https:\/\/corumdigital.com\/careers\/"]}]},{"@type":"BreadcrumbList","@id":"https:\/\/corumdigital.com\/careers\/#breadcrumb","itemListElement":[{"@type":"ListItem","position":1,"name":"Home","item":"https:\/\/corumdigital.com\/"},{"@type":"ListItem","position":2,"name":"Careers"}]},{"@type":"WebSite","@id":"https:\/\/corumdigital.com\/#website","url":"https:\/\/corumdigital.com\/","name":"Corum Digital Corporation","description":"DES TECHNOLOGIES QUI ALIMENTENT LES SOLUTIONS D&#039;ENTREPRISE","publisher":{"@id":"https:\/\/corumdigital.com\/#organization"},"potentialAction":[{"@type":"SearchAction","target":{"@type":"EntryPoint","urlTemplate":"https:\/\/corumdigital.com\/?s={search_term_string}"},"query-input":{"@type":"PropertyValueSpecification","valueRequired":true,"valueName":"search_term_string"}}],"inLanguage":"fr-CA"},{"@type":"Organization","@id":"https:\/\/corumdigital.com\/#organization","name":"Corum Digital Corporation","url":"https:\/\/corumdigital.com\/","logo":{"@type":"ImageObject","inLanguage":"fr-CA","@id":"https:\/\/corumdigital.com\/#\/schema\/logo\/image\/","url":"https:\/\/corumdigital.com\/wp-content\/uploads\/2018\/02\/corum_logo_contact.gif","contentUrl":"https:\/\/corumdigital.com\/wp-content\/uploads\/2018\/02\/corum_logo_contact.gif","width":391,"height":103,"caption":"Corum Digital Corporation"},"image":{"@id":"https:\/\/corumdigital.com\/#\/schema\/logo\/image\/"},"sameAs":["https:\/\/www.facebook.com\/corumdigitalcorp\/"]}]}},"_links":{"self":[{"href":"https:\/\/corumdigital.com\/fr\/wp-json\/wp\/v2\/pages\/799","targetHints":{"allow":["GET"]}}],"collection":[{"href":"https:\/\/corumdigital.com\/fr\/wp-json\/wp\/v2\/pages"}],"about":[{"href":"https:\/\/corumdigital.com\/fr\/wp-json\/wp\/v2\/types\/page"}],"author":[{"embeddable":true,"href":"https:\/\/corumdigital.com\/fr\/wp-json\/wp\/v2\/users\/1"}],"replies":[{"embeddable":true,"href":"https:\/\/corumdigital.com\/fr\/wp-json\/wp\/v2\/comments?post=799"}],"version-history":[{"count":5,"href":"https:\/\/corumdigital.com\/fr\/wp-json\/wp\/v2\/pages\/799\/revisions"}],"predecessor-version":[{"id":2050,"href":"https:\/\/corumdigital.com\/fr\/wp-json\/wp\/v2\/pages\/799\/revisions\/2050"}],"wp:attachment":[{"href":"https:\/\/corumdigital.com\/fr\/wp-json\/wp\/v2\/media?parent=799"}],"curies":[{"name":"wp","href":"https:\/\/api.w.org\/{rel}","templated":true}]}}